{"id":1087473,"date":"2026-03-04T10:45:34","date_gmt":"2026-03-04T09:45:34","guid":{"rendered":"https:\/\/www.claret.cat\/llibre\/sangre-de-dragon-academia-bloodwing-1-edicion-limitada-con-cantos-tintados-9788408316459\/"},"modified":"2026-03-09T12:46:52","modified_gmt":"2026-03-09T11:46:52","slug":"sangre-de-dragon-academia-bloodwing-1-edicion-limitada-con-cantos-tintados-9788408316459","status":"publish","type":"product","link":"https:\/\/www.claret.cat\/es\/libro\/sangre-de-dragon-academia-bloodwing-1-edicion-limitada-con-cantos-tintados-9788408316459\/","title":{"rendered":"SANGRE DE DRAG\u00d3N (ACADEMIA BLOODWING 1) EDICI\u00d3N LIMITADA CON CANTOS TINTADOS"},"content":{"rendered":"<p>La academia Bloodwing no es una escuela. Es un campo de batalla?? <br \/> La serie del momento. Bestseller en The New York Times, USA Today y The Sunday Times.<br \/> \u00a1No te pierdas esta edici\u00f3n limitada!\u00a0<\/p>\n<p> Edici\u00f3n limitada en tapa dura con cantos tintados, guardas con acabados metalizados y mapa desplegable.??<br \/> Me llamo Medra. Dicen que soy la \u00faltima jinete de drag\u00f3n, aunque ya no queda ni un solo drag\u00f3n. A\u00fan as\u00ed, los vampiros han decidido capturarme para convertirme en una pieza m\u00e1s de su perverso juego de poder. Estoy atrapada en la Academia Bloodwing, donde los altasangres est\u00e1n al mando y los sangrep\u00fatridas como yo no somos m\u00e1s que alimento en sus venas, peones en su tablero.<br \/> Bloodwing no es una escuela: es un campo de batalla, y si eres d\u00e9bil, est\u00e1s muerto. Me paso el d\u00eda luchando por mi vida en clase y tratando de descifrar un secreto con forma de drag\u00f3n que podr\u00eda explicar qui\u00e9n soy. Facil, \u00bfno?<br \/> Y eso ni siquiera es lo peor. Que entre Blake Drakharrow: un altasangre fr\u00edo, arrogante y tan atractivo como peligroso. Me ha estado haciendo la vida imposible desde que nos conocimos, y ahora, por culpa de un antiguo ritual, estamos prometidos. Pero no pienso rendirme a \u00e9l sin pelear.<br \/> Creen que pueden controlarme. Creen que pueden utilizarme. Pero no tienen ni idea de lo que han despertado.<br \/> ?? Dark academia<br \/> ?? Slow burn<br \/> ?? Enemies-to-lovers<br \/> ?? Touch her and die<br \/> ?? Forced proximity<br \/> ?? He falls first<\/p>\n","protected":false},"excerpt":{"rendered":"<p>BRIAR BOLEYN<\/p>\n","protected":false},"featured_media":1088569,"template":"","meta":{"_acf_changed":false,"om_disable_all_campaigns":false,"rs_blank_template":"","rs_page_bg_color":"","slide_template_v7":"","inline_featured_image":false,"_monsterinsights_skip_tracking":false,"_monsterinsights_sitenote_active":false,"_monsterinsights_sitenote_note":"","_monsterinsights_sitenote_category":0},"product_brand":[],"product_cat":[133,117,566,363],"product_tag":[],"class_list":{"0":"post-1087473","1":"product","2":"type-product","3":"status-publish","4":"has-post-thumbnail","6":"product_cat-lectures-per-adolescents-12-18-anys","7":"product_cat-juvenil","8":"product_cat-juvenil-3_infantil-juvenil-spa-spa","9":"product_cat-lecturas-por-adolescentes-12-18-anos","11":"first","12":"instock","13":"taxable","14":"shipping-taxable","15":"purchasable","16":"product-type-simple"},"acf":{"autor":"BRIAR BOLEYN","codart":"840831645","libros-coleccion":"","ediciones":"1","encuadernacion":"Carton\u00e9","fecha_de_publicacion":"01\/03\/2026","novedad":"1","paginas":"704","subtitulo":"(ACADEMIA BLOODWING 1) EDICION LIMITADA CON CANTOS TINTADOS","orden":"0","portada":"0","idioma":"spa","booktrailer":"","resenas":"","editorial":[{"ID":6233,"post_author":"3","post_date":"2022-07-28 17:47:48","post_date_gmt":"2022-07-28 15:47:48","post_content":"","post_title":"EDITORIAL PLANETA","post_excerpt":"","post_status":"publish","comment_status":"closed","ping_status":"closed","post_password":"","post_name":"editorial-planeta","to_ping":"","pinged":"","post_modified":"2022-07-28 17:47:48","post_modified_gmt":"2022-07-28 15:47:48","post_content_filtered":"","post_parent":0,"guid":"http:\/\/dev.claret.cat\/editorial\/editorial-planeta\/","menu_order":0,"post_type":"editorial","post_mime_type":"","comment_count":"0","filter":"raw"}]},"aioseo_notices":[],"_links":{"self":[{"href":"https:\/\/www.claret.cat\/es\/wp-json\/wp\/v2\/product\/1087473","targetHints":{"allow":["GET"]}}],"collection":[{"href":"https:\/\/www.claret.cat\/es\/wp-json\/wp\/v2\/product"}],"about":[{"href":"https:\/\/www.claret.cat\/es\/wp-json\/wp\/v2\/types\/product"}],"wp:featuredmedia":[{"embeddable":true,"href":"https:\/\/www.claret.cat\/es\/wp-json\/wp\/v2\/media\/1088569"}],"wp:attachment":[{"href":"https:\/\/www.claret.cat\/es\/wp-json\/wp\/v2\/media?parent=1087473"}],"wp:term":[{"taxonomy":"product_brand","embeddable":true,"href":"https:\/\/www.claret.cat\/es\/wp-json\/wp\/v2\/product_brand?post=1087473"},{"taxonomy":"product_cat","embeddable":true,"href":"https:\/\/www.claret.cat\/es\/wp-json\/wp\/v2\/product_cat?post=1087473"},{"taxonomy":"product_tag","embeddable":true,"href":"https:\/\/www.claret.cat\/es\/wp-json\/wp\/v2\/product_tag?post=1087473"}],"curies":[{"name":"wp","href":"https:\/\/api.w.org\/{rel}","templated":true}]}}