{"id":1087503,"date":"2026-03-04T12:26:07","date_gmt":"2026-03-04T11:26:07","guid":{"rendered":"https:\/\/www.claret.cat\/llibre\/el-silencio-de-la-casa-azul-9791370202385\/"},"modified":"2026-04-01T17:59:23","modified_gmt":"2026-04-01T15:59:23","slug":"el-silencio-de-la-casa-azul-9791370202385","status":"publish","type":"product","link":"https:\/\/www.claret.cat\/es\/libro\/el-silencio-de-la-casa-azul-9791370202385\/","title":{"rendered":"EL SILENCIO DE LA CASA AZUL"},"content":{"rendered":"<p>Llanes, 1870. Los caminos de Mario Melgar y las hermanas Lorenzo se cruzan fugazmente, pero la ambici\u00f3n de \u00e9l acabar\u00e1 poniendo un oc\u00e9ano de distancia entre sus destinos.<\/p>\n<p> Veinte a\u00f1os despu\u00e9s, el indiano Mario Melgar regresa a su Llanes natal para descubrir que, pese a la inmensa fortuna amasada en Cuba, quienes dej\u00f3 atr\u00e1s no olvidan? ni perdonan. La presencia de Malena, la hermosa mulata que lo acompa\u00f1a, despierta la curiosidad y los recelos de un pueblo que guarda viejas heridas.<\/p>\n<p> Madrid, 1970. Cuando Nuria Melgar hereda un palacete indiano en Asturias, el dolor la empuja a aferrarse a los \u00faltimos restos del legado familiar. Junto a su marido ?un hombre violento que la mantiene sometida? viaja a Llanes, donde intentar\u00e1 desentra\u00f1ar los secretos de la enigm\u00e1tica Casa Azul. All\u00ed deber\u00e1 enfrentarse no solo al pasado, sino tambi\u00e9n a sus propios deseos y a una realidad que la oprime.<\/p>\n<p> Una novela hist\u00f3rica y de intriga, vibrante y llena de color, que recorre generaciones entrelazando destinos marcados por el amor y la familia, el maltrato dom\u00e9stico, la sororidad y el coraje necesario para sobrevivir y reinventarse frente a la adversidad.<\/p>\n","protected":false},"excerpt":{"rendered":"<p>ARANTXA GARC\u00cdA ROCES<\/p>\n","protected":false},"featured_media":1088132,"template":"","meta":{"_acf_changed":false,"om_disable_all_campaigns":false,"rs_blank_template":"","rs_page_bg_color":"","slide_template_v7":"","inline_featured_image":false,"_monsterinsights_skip_tracking":false,"_monsterinsights_sitenote_active":false,"_monsterinsights_sitenote_note":"","_monsterinsights_sitenote_category":0},"product_brand":[],"product_cat":[127,357],"product_tag":[],"class_list":{"0":"post-1087503","1":"product","2":"type-product","3":"status-publish","4":"has-post-thumbnail","6":"product_cat-novella-contemporania","7":"product_cat-novela-contemporanea","9":"first","10":"instock","11":"taxable","12":"shipping-taxable","13":"purchasable","14":"product-type-simple"},"acf":{"autor":"ARANTXA GARC\u00cdA ROCES","codart":"137020238","libros-coleccion":"","ediciones":"1","encuadernacion":"R\u00fastica","fecha_de_publicacion":"01\/03\/2026","novedad":"1","paginas":"397","subtitulo":"","orden":"0","portada":"0","idioma":"spa","booktrailer":"","resenas":"","editorial":[{"ID":147409,"post_author":"3","post_date":"2022-10-14 11:50:21","post_date_gmt":"2022-10-14 09:50:21","post_content":"","post_title":"ALMUZARA EDITORIAL","post_excerpt":"","post_status":"publish","comment_status":"closed","ping_status":"closed","post_password":"","post_name":"almuzara-editorial","to_ping":"","pinged":"","post_modified":"2022-10-14 11:50:21","post_modified_gmt":"2022-10-14 09:50:21","post_content_filtered":"","post_parent":0,"guid":"http:\/\/dev.claret.cat\/editorial\/almuzara-editorial\/","menu_order":0,"post_type":"editorial","post_mime_type":"","comment_count":"0","filter":"raw"}]},"aioseo_notices":[],"_links":{"self":[{"href":"https:\/\/www.claret.cat\/es\/wp-json\/wp\/v2\/product\/1087503","targetHints":{"allow":["GET"]}}],"collection":[{"href":"https:\/\/www.claret.cat\/es\/wp-json\/wp\/v2\/product"}],"about":[{"href":"https:\/\/www.claret.cat\/es\/wp-json\/wp\/v2\/types\/product"}],"wp:featuredmedia":[{"embeddable":true,"href":"https:\/\/www.claret.cat\/es\/wp-json\/wp\/v2\/media\/1088132"}],"wp:attachment":[{"href":"https:\/\/www.claret.cat\/es\/wp-json\/wp\/v2\/media?parent=1087503"}],"wp:term":[{"taxonomy":"product_brand","embeddable":true,"href":"https:\/\/www.claret.cat\/es\/wp-json\/wp\/v2\/product_brand?post=1087503"},{"taxonomy":"product_cat","embeddable":true,"href":"https:\/\/www.claret.cat\/es\/wp-json\/wp\/v2\/product_cat?post=1087503"},{"taxonomy":"product_tag","embeddable":true,"href":"https:\/\/www.claret.cat\/es\/wp-json\/wp\/v2\/product_tag?post=1087503"}],"curies":[{"name":"wp","href":"https:\/\/api.w.org\/{rel}","templated":true}]}}