{"id":1087506,"date":"2026-03-04T12:30:02","date_gmt":"2026-03-04T11:30:02","guid":{"rendered":"https:\/\/www.claret.cat\/llibre\/cuando-bailan-las-luciernagas-9791387811112\/"},"modified":"2026-03-27T16:16:44","modified_gmt":"2026-03-27T15:16:44","slug":"cuando-bailan-las-luciernagas-9791387811112","status":"publish","type":"product","link":"https:\/\/www.claret.cat\/es\/libro\/cuando-bailan-las-luciernagas-9791387811112\/","title":{"rendered":"CUANDO BAILAN LAS LUCI\u00c9RNAGAS"},"content":{"rendered":"<p>INCLUSO EN LOS MOMENTOS M\u00c1S OSCUROS, SIEMPRE SE FILTRA UNA LUZ<\/p>\n<p> En las afueras de Lahore, una gran luna cuelga del cielo cuando un grupo de hombres llega con perros, armas y bates de cr\u00edquet. Frente a la peque\u00f1a caba\u00f1a de su familia, al borde de un imponente horno de ladrillos, el hermano de Lalloo es asesinado. <\/p>\n<p> Incapaces de escapar del recuerdo de esa noche, los padres y hermanas de Lalloo permanecen atrapados. La chimenea del horno expulsa humo mientras la familia se esclaviza, ladrillo a ladrillo, para pagar sus deudas. Para rescatarlos de esa situaci\u00f3n, Lalloo deber\u00e1 liberarse de su pasado y forjar su propio destino.<\/p>\n<p> Esta es una historia sobre la familia, la amistad y las pruebas que uno puede llegar a afrontar para salvar a sus seres queridos. Cuesta creer que sea una primera novela; Aisha Hassan dibuja con ins\u00f3lita maestr\u00eda una trama con unos personajes a los que no podemos evitar querer, acci\u00f3n a raudales, golpes emocionales que lo dejan a uno al borde del llanto y la eterna esperanza de que las cosas pueden cambiar.<\/p>\n<p> \u00abCuando bailan las luci\u00e9rnagas es tan buena que tuve que comprobar que realmente es un debut. Impresionante\u00bb. JANICE HALLET<br \/> \u00abLa historia de Lalloo es evocadora, desgarradora y llena de esperanza. Me encant\u00f3\u00bb. CHARLOTTE LEVIN, autora de &#8216;Si te dejo ir&#8217;<br \/> \u00abEsta novela, audaz y hermosa, te atrapa. La le\u00ed de un trago. Si disfrutaste con Cometas en el cielo te encantar\u00e1\u00bb. WIZ WHARTON<br \/> \u00abUna poderosa f\u00e1bula sobre la amistad, la injusticia, la crueldad y el amor, de una voz nueva y valiente\u00bb. SANTA MONTEFIORE<\/p>\n","protected":false},"excerpt":{"rendered":"<p>AISHA HASSAN<\/p>\n","protected":false},"featured_media":1087507,"template":"","meta":{"_acf_changed":false,"om_disable_all_campaigns":false,"rs_blank_template":"","rs_page_bg_color":"","slide_template_v7":"","inline_featured_image":false,"_monsterinsights_skip_tracking":false,"_monsterinsights_sitenote_active":false,"_monsterinsights_sitenote_note":"","_monsterinsights_sitenote_category":0},"product_brand":[],"product_cat":[127,357],"product_tag":[],"class_list":{"0":"post-1087506","1":"product","2":"type-product","3":"status-publish","4":"has-post-thumbnail","6":"product_cat-novella-contemporania","7":"product_cat-novela-contemporanea","9":"first","10":"instock","11":"taxable","12":"shipping-taxable","13":"purchasable","14":"product-type-simple"},"acf":{"autor":"AISHA HASSAN","codart":"138781111","libros-coleccion":"","ediciones":"1","encuadernacion":"R\u00fastica","fecha_de_publicacion":"01\/03\/2026","novedad":"1","paginas":"343","subtitulo":"","orden":"0","portada":"0","idioma":"spa","booktrailer":"","resenas":"","editorial":[{"ID":147934,"post_author":"3","post_date":"2022-10-14 11:54:21","post_date_gmt":"2022-10-14 09:54:21","post_content":"","post_title":"Editorial Berenice","post_excerpt":"","post_status":"publish","comment_status":"closed","ping_status":"closed","post_password":"","post_name":"editorial-berenice","to_ping":"","pinged":"","post_modified":"2022-10-14 11:54:21","post_modified_gmt":"2022-10-14 09:54:21","post_content_filtered":"","post_parent":0,"guid":"http:\/\/dev.claret.cat\/editorial\/editorial-berenice\/","menu_order":0,"post_type":"editorial","post_mime_type":"","comment_count":"0","filter":"raw"}]},"aioseo_notices":[],"_links":{"self":[{"href":"https:\/\/www.claret.cat\/es\/wp-json\/wp\/v2\/product\/1087506","targetHints":{"allow":["GET"]}}],"collection":[{"href":"https:\/\/www.claret.cat\/es\/wp-json\/wp\/v2\/product"}],"about":[{"href":"https:\/\/www.claret.cat\/es\/wp-json\/wp\/v2\/types\/product"}],"wp:featuredmedia":[{"embeddable":true,"href":"https:\/\/www.claret.cat\/es\/wp-json\/wp\/v2\/media\/1087507"}],"wp:attachment":[{"href":"https:\/\/www.claret.cat\/es\/wp-json\/wp\/v2\/media?parent=1087506"}],"wp:term":[{"taxonomy":"product_brand","embeddable":true,"href":"https:\/\/www.claret.cat\/es\/wp-json\/wp\/v2\/product_brand?post=1087506"},{"taxonomy":"product_cat","embeddable":true,"href":"https:\/\/www.claret.cat\/es\/wp-json\/wp\/v2\/product_cat?post=1087506"},{"taxonomy":"product_tag","embeddable":true,"href":"https:\/\/www.claret.cat\/es\/wp-json\/wp\/v2\/product_tag?post=1087506"}],"curies":[{"name":"wp","href":"https:\/\/api.w.org\/{rel}","templated":true}]}}