{"id":1087509,"date":"2026-03-04T12:30:32","date_gmt":"2026-03-04T11:30:32","guid":{"rendered":"https:\/\/www.claret.cat\/llibre\/eso-no-estaba-en-mi-libro-de-historia-de-los-concilios-9791370200176\/"},"modified":"2026-03-04T12:31:41","modified_gmt":"2026-03-04T11:31:41","slug":"eso-no-estaba-en-mi-libro-de-historia-de-los-concilios-9791370200176","status":"publish","type":"product","link":"https:\/\/www.claret.cat\/es\/libro\/eso-no-estaba-en-mi-libro-de-historia-de-los-concilios-9791370200176\/","title":{"rendered":"ESO NO ESTABA EN MI LIBRO DE HISTORIA DE LOS CONCILIOS"},"content":{"rendered":"<p>\u00bfSab\u00edas que un papa fue juzgado despu\u00e9s de muerto? \u00bfO que hubo concilios que jam\u00e1s se reconocieron oficialmente, pero intentaron cambiar la historia en la penumbra?<\/p>\n<p> Este libro te invita a descubrir el lado menos conocido ?y m\u00e1s fascinante? de los concilios de la Iglesia. Con un estilo \u00e1gil y lleno de an\u00e9cdotas, tensiones humanas y revelaciones insospechadas, Jes\u00fas Galisteo Leiva nos sumerge en los entresijos de los grandes concilios: desde Nicea hasta el Vaticano II, pasando por episodios olvidados, escandalosos o directamente prohibidos.<\/p>\n<p> No se trata de una cr\u00f3nica acad\u00e9mica ni de un tratado reservado a especialistas. Es una mirada cr\u00edtica, entretenida y bien documentada, que muestra los concilios como escenarios de poder, intriga y pasi\u00f3n: papas enfrentados, herej\u00edas condenadas, dogmas discutidos, obispos conspiradores, santos que dudan y silencios que hablan m\u00e1s que los documentos oficiales.<\/p>\n<p> Desde el Concilio Cadav\u00e9rico, donde se juzg\u00f3 a un pont\u00edfice fallecido, hasta los debates que a\u00fan repercuten en la Iglesia de hoy, esta obra revela que los concilios no fueron solo actos religiosos, sino tambi\u00e9n pol\u00edticoy#8209;sociales y profundamente humanos.<\/p>\n","protected":false},"excerpt":{"rendered":"<p>JES\u00daS GALISTEO LEIVA<\/p>\n","protected":false},"featured_media":1087510,"template":"","meta":{"_acf_changed":false,"om_disable_all_campaigns":false,"rs_blank_template":"","rs_page_bg_color":"","slide_template_v7":"","inline_featured_image":false,"_monsterinsights_skip_tracking":false,"_monsterinsights_sitenote_active":false,"_monsterinsights_sitenote_note":"","_monsterinsights_sitenote_category":0},"product_brand":[],"product_cat":[90,540],"product_tag":[],"class_list":{"0":"post-1087509","1":"product","2":"type-product","3":"status-publish","4":"has-post-thumbnail","6":"product_cat-altres","7":"product_cat-otros","9":"first","10":"instock","11":"taxable","12":"shipping-taxable","13":"purchasable","14":"product-type-simple"},"acf":{"autor":"JES\u00daS GALISTEO LEIVA","codart":"137020017","libros-coleccion":"","ediciones":"1","encuadernacion":"R\u00fastica","fecha_de_publicacion":"01\/03\/2026","novedad":"1","paginas":"213","subtitulo":"","orden":"0","portada":"0","idioma":"spa","booktrailer":"","resenas":"","editorial":[{"ID":147409,"post_author":"3","post_date":"2022-10-14 11:50:21","post_date_gmt":"2022-10-14 09:50:21","post_content":"","post_title":"ALMUZARA EDITORIAL","post_excerpt":"","post_status":"publish","comment_status":"closed","ping_status":"closed","post_password":"","post_name":"almuzara-editorial","to_ping":"","pinged":"","post_modified":"2022-10-14 11:50:21","post_modified_gmt":"2022-10-14 09:50:21","post_content_filtered":"","post_parent":0,"guid":"http:\/\/dev.claret.cat\/editorial\/almuzara-editorial\/","menu_order":0,"post_type":"editorial","post_mime_type":"","comment_count":"0","filter":"raw"}]},"aioseo_notices":[],"_links":{"self":[{"href":"https:\/\/www.claret.cat\/es\/wp-json\/wp\/v2\/product\/1087509","targetHints":{"allow":["GET"]}}],"collection":[{"href":"https:\/\/www.claret.cat\/es\/wp-json\/wp\/v2\/product"}],"about":[{"href":"https:\/\/www.claret.cat\/es\/wp-json\/wp\/v2\/types\/product"}],"wp:featuredmedia":[{"embeddable":true,"href":"https:\/\/www.claret.cat\/es\/wp-json\/wp\/v2\/media\/1087510"}],"wp:attachment":[{"href":"https:\/\/www.claret.cat\/es\/wp-json\/wp\/v2\/media?parent=1087509"}],"wp:term":[{"taxonomy":"product_brand","embeddable":true,"href":"https:\/\/www.claret.cat\/es\/wp-json\/wp\/v2\/product_brand?post=1087509"},{"taxonomy":"product_cat","embeddable":true,"href":"https:\/\/www.claret.cat\/es\/wp-json\/wp\/v2\/product_cat?post=1087509"},{"taxonomy":"product_tag","embeddable":true,"href":"https:\/\/www.claret.cat\/es\/wp-json\/wp\/v2\/product_tag?post=1087509"}],"curies":[{"name":"wp","href":"https:\/\/api.w.org\/{rel}","templated":true}]}}