{"id":1087512,"date":"2026-03-04T12:30:47","date_gmt":"2026-03-04T11:30:47","guid":{"rendered":"https:\/\/www.claret.cat\/llibre\/historia-de-la-enfermeria-9791387941093\/"},"modified":"2026-03-05T17:30:44","modified_gmt":"2026-03-05T16:30:44","slug":"historia-de-la-enfermeria-9791387941093","status":"publish","type":"product","link":"https:\/\/www.claret.cat\/es\/libro\/historia-de-la-enfermeria-9791387941093\/","title":{"rendered":"HISTORIA DE LA ENFERMER\u00cdA"},"content":{"rendered":"<p>El cuidado de los enfermos acompa\u00f1a a la humanidad desde sus or\u00edgenes. Las im\u00e1genes m\u00e1s antiguas del arte rupestre, los textos m\u00e9dicos de la Antig\u00fcedad y la organizaci\u00f3n hospitalaria contempor\u00e1nea dan testimonio de una constante: siempre ha habido alguien dispuesto a aliviar el dolor, proteger la vida y acompa\u00f1ar la enfermedad.<br \/> A lo largo de la historia aparecen figuras y comunidades que encarnaron esa tarea esencial: las diaconisas del cristianismo primitivo, los parabalani que asist\u00edan a los enfermos durante las epidemias, Rufaida Al-Aslamiya y el nacimiento de la enfermer\u00eda isl\u00e1mica, Beatriz Galindo y el Hospital de La Latina, los enfermeros espa\u00f1oles Andr\u00e9s Fern\u00e1ndez y Sim\u00f3n L\u00f3pez, las hermanas de la caridad de San Vicente de Pa\u00fal, las \u00f3rdenes de San Juan de Dios, las enfermeras esclavizadas, Florence Nightingale y la revoluci\u00f3n cient\u00edfica, Virginia Henderson y la consolidaci\u00f3n profesional.<br \/> Este libro reconstruye la evoluci\u00f3n de una vocaci\u00f3n que atraves\u00f3 milenios marcados por guerras, crisis sanitarias y transformaciones sociales. Un cuidado que pas\u00f3 de la intuici\u00f3n y la compasi\u00f3n a un saber estructurado, cient\u00edfico y esencial para la medicina moderna. Con rigor hist\u00f3rico y mirada humanista, Jos\u00e9 Ram\u00f3n Alonso muestra c\u00f3mo cada \u00e9poca model\u00f3 la forma de atender a los m\u00e1s vulnerables.<br \/> Aparecen aqu\u00ed las luchas por la dignidad profesional, las tensiones entre ciencia y religi\u00f3n, el peso de las \u00f3rdenes hospitalarias, la persecuci\u00f3n de las sanadoras, el racismo dentro de la profesi\u00f3n y el papel decisivo de quienes, desde posiciones invisibles o subalternas, cambiaron para siempre la pr\u00e1ctica sanitaria. Es la historia de una profesi\u00f3n y, al mismo tiempo, de la compasi\u00f3n humana, del conocimiento cient\u00edfico y de la necesidad de reconocer un trabajo sin el cual la sociedad no podr\u00eda sostenerse.<br \/> \u00abCuidar no es solo una t\u00e9cnica: es un acto profundamente humano que define nuestra capacidad de supervivencia y nuestra voluntad de aliviar el sufrimiento ajeno\u00bb.<\/p>\n","protected":false},"excerpt":{"rendered":"<p>JOS\u00c9 RAM\u00d3N ALONSO<\/p>\n","protected":false},"featured_media":1088342,"template":"","meta":{"_acf_changed":false,"om_disable_all_campaigns":false,"rs_blank_template":"","rs_page_bg_color":"","slide_template_v7":"","inline_featured_image":false,"_monsterinsights_skip_tracking":false,"_monsterinsights_sitenote_active":false,"_monsterinsights_sitenote_note":"","_monsterinsights_sitenote_category":0},"product_brand":[],"product_cat":[157,370,547,97],"product_tag":[],"class_list":{"0":"post-1087512","1":"product","2":"type-product","3":"status-publish","4":"has-post-thumbnail","6":"product_cat-investigacio-i-corrents","7":"product_cat-investigacion-y-corrientes","8":"product_cat-salud","9":"product_cat-salut","11":"first","12":"instock","13":"taxable","14":"shipping-taxable","15":"purchasable","16":"product-type-simple"},"acf":{"autor":"JOS\u00c9 RAM\u00d3N ALONSO","codart":"138794109","libros-coleccion":"","ediciones":"1","encuadernacion":"Carton\u00e9","fecha_de_publicacion":"01\/03\/2026","novedad":"1","paginas":"430","subtitulo":"","orden":"0","portada":"0","idioma":"spa","booktrailer":"","resenas":"","editorial":[{"ID":148234,"post_author":"3","post_date":"2022-10-14 11:56:40","post_date_gmt":"2022-10-14 09:56:40","post_content":"","post_title":"GUADALMAZAN","post_excerpt":"","post_status":"publish","comment_status":"closed","ping_status":"closed","post_password":"","post_name":"guadalmazan","to_ping":"","pinged":"","post_modified":"2022-10-14 11:56:40","post_modified_gmt":"2022-10-14 09:56:40","post_content_filtered":"","post_parent":0,"guid":"http:\/\/dev.claret.cat\/editorial\/guadalmazan\/","menu_order":0,"post_type":"editorial","post_mime_type":"","comment_count":"0","filter":"raw"}]},"aioseo_notices":[],"_links":{"self":[{"href":"https:\/\/www.claret.cat\/es\/wp-json\/wp\/v2\/product\/1087512","targetHints":{"allow":["GET"]}}],"collection":[{"href":"https:\/\/www.claret.cat\/es\/wp-json\/wp\/v2\/product"}],"about":[{"href":"https:\/\/www.claret.cat\/es\/wp-json\/wp\/v2\/types\/product"}],"wp:featuredmedia":[{"embeddable":true,"href":"https:\/\/www.claret.cat\/es\/wp-json\/wp\/v2\/media\/1088342"}],"wp:attachment":[{"href":"https:\/\/www.claret.cat\/es\/wp-json\/wp\/v2\/media?parent=1087512"}],"wp:term":[{"taxonomy":"product_brand","embeddable":true,"href":"https:\/\/www.claret.cat\/es\/wp-json\/wp\/v2\/product_brand?post=1087512"},{"taxonomy":"product_cat","embeddable":true,"href":"https:\/\/www.claret.cat\/es\/wp-json\/wp\/v2\/product_cat?post=1087512"},{"taxonomy":"product_tag","embeddable":true,"href":"https:\/\/www.claret.cat\/es\/wp-json\/wp\/v2\/product_tag?post=1087512"}],"curies":[{"name":"wp","href":"https:\/\/api.w.org\/{rel}","templated":true}]}}