{"id":1087515,"date":"2026-03-04T12:31:25","date_gmt":"2026-03-04T11:31:25","guid":{"rendered":"https:\/\/www.claret.cat\/llibre\/1-2-3-quien-anda-ahi-el-bosque-libro-de-sonidos-9791039575881\/"},"modified":"2026-03-04T14:32:30","modified_gmt":"2026-03-04T13:32:30","slug":"1-2-3-quien-anda-ahi-el-bosque-libro-de-sonidos-9791039575881","status":"publish","type":"product","link":"https:\/\/www.claret.cat\/es\/libro\/1-2-3-quien-anda-ahi-el-bosque-libro-de-sonidos-9791039575881\/","title":{"rendered":"1, 2, 3, QUI\u00c9N ANDA AH\u00cd. EL BOSQUE. LIBRO DE SONIDOS"},"content":{"rendered":"<p>\u00bf1, 2, 3, qui\u00e9n est\u00e1 ah\u00ed?: una nueva colecci\u00f3n de \u201ccuc\u00fa escondite\u201d interactivo.<br \/> Cada libro todo cart\u00f3n tem\u00e1tico presenta una peque\u00f1a historia corta, protagonizada por un animalito como h\u00e9roe.<\/p>\n<p>5 solapas de fieltro para levantar, que revelan un elemento escondido.<br \/>5 botones sonoros con sonidos de animales.<\/p>\n<p>El bosque: El peque\u00f1o lobo juega al escondite con su hermanito, \u00a1ay\u00fadale a encontrarlo!<\/p>\n<p> El mismo formato que nuestra colecci\u00f3n Primeras m\u00fasicas<\/p>\n<p>5 solapas de fieltro para levantar<\/p>\n<p>5 botones sonoros<\/p>\n<p>Una calidad de sonido excelente<\/p>\n<p>Un bot\u00f3n de encendido\/apagado<\/p>\n<p>\u00a1Novedad! Pilas AAA para cambiarlas m\u00e1s f\u00e1cilmente<\/p>\n","protected":false},"excerpt":{"rendered":"<p>VANESSA VAUTIER<\/p>\n","protected":false},"featured_media":1087799,"template":"","meta":{"_acf_changed":false,"om_disable_all_campaigns":false,"rs_blank_template":"","rs_page_bg_color":"","slide_template_v7":"","inline_featured_image":false,"_monsterinsights_skip_tracking":false,"_monsterinsights_sitenote_active":false,"_monsterinsights_sitenote_note":"","_monsterinsights_sitenote_category":0},"product_brand":[],"product_cat":[131,361],"product_tag":[],"class_list":{"0":"post-1087515","1":"product","2":"type-product","3":"status-publish","4":"has-post-thumbnail","6":"product_cat-contes-per-infants-0-6-anys","7":"product_cat-cuentos-para-ninos-0-6-anos","9":"first","10":"instock","11":"taxable","12":"shipping-taxable","13":"purchasable","14":"product-type-simple"},"acf":{"autor":"VANESSA VAUTIER","codart":"103957588","libros-coleccion":"FORA DE COL.LECCI\u00d3","ediciones":"1","encuadernacion":"R\u00fastica","fecha_de_publicacion":"01\/11\/2025","novedad":"1","paginas":"12","subtitulo":"LIBRO DE SONIDOS","orden":"0","portada":"0","idioma":"spa","booktrailer":"","resenas":"","editorial":[{"ID":1056500,"post_author":"3","post_date":"2025-10-01 13:20:59","post_date_gmt":"2025-10-01 11:20:59","post_content":"","post_title":"Planeta-De Agostini","post_excerpt":"","post_status":"publish","comment_status":"closed","ping_status":"closed","post_password":"","post_name":"planeta-de-agostini","to_ping":"","pinged":"","post_modified":"2025-10-01 13:20:59","post_modified_gmt":"2025-10-01 11:20:59","post_content_filtered":"","post_parent":0,"guid":"https:\/\/www.claret.cat\/editorial\/planeta-de-agostini\/","menu_order":0,"post_type":"editorial","post_mime_type":"","comment_count":"0","filter":"raw"}]},"aioseo_notices":[],"_links":{"self":[{"href":"https:\/\/www.claret.cat\/es\/wp-json\/wp\/v2\/product\/1087515","targetHints":{"allow":["GET"]}}],"collection":[{"href":"https:\/\/www.claret.cat\/es\/wp-json\/wp\/v2\/product"}],"about":[{"href":"https:\/\/www.claret.cat\/es\/wp-json\/wp\/v2\/types\/product"}],"wp:featuredmedia":[{"embeddable":true,"href":"https:\/\/www.claret.cat\/es\/wp-json\/wp\/v2\/media\/1087799"}],"wp:attachment":[{"href":"https:\/\/www.claret.cat\/es\/wp-json\/wp\/v2\/media?parent=1087515"}],"wp:term":[{"taxonomy":"product_brand","embeddable":true,"href":"https:\/\/www.claret.cat\/es\/wp-json\/wp\/v2\/product_brand?post=1087515"},{"taxonomy":"product_cat","embeddable":true,"href":"https:\/\/www.claret.cat\/es\/wp-json\/wp\/v2\/product_cat?post=1087515"},{"taxonomy":"product_tag","embeddable":true,"href":"https:\/\/www.claret.cat\/es\/wp-json\/wp\/v2\/product_tag?post=1087515"}],"curies":[{"name":"wp","href":"https:\/\/api.w.org\/{rel}","templated":true}]}}