{"id":1087527,"date":"2026-03-04T12:35:36","date_gmt":"2026-03-04T11:35:36","guid":{"rendered":"https:\/\/www.claret.cat\/llibre\/consells-proverbis-i-insolencies-9788411732048\/"},"modified":"2026-03-21T12:25:05","modified_gmt":"2026-03-21T11:25:05","slug":"consells-proverbis-i-insolencies-9788411732048","status":"publish","type":"product","link":"https:\/\/www.claret.cat\/es\/libro\/consells-proverbis-i-insolencies-9788411732048\/","title":{"rendered":"CONSELLS, PROVERBIS I INSOL\u00c8NCIES"},"content":{"rendered":"<p>\u00abJa coneixeu el c\u00e8lebre aforisme grec: \u201cJoan Fuster \u00e9s la mesura de totes les coses\u201d.\u00bb<br \/>Plens d\u2019humor i intel\u00b7lig\u00e8ncia, el miler d\u2019aforismes que trobareu en aquest llibre s\u00f3n un exercici de seducci\u00f3 intel\u00b7lectual d\u2019una vig\u00e8ncia colpidora. Ja tractin sobre filosofia, literatura, art o consells per a la vida pr\u00e0ctica, les reflexions esmolades de Joan Fuster s\u00f3n una deliciosa invitaci\u00f3 al pensament d\u2019un assagista extraordinari i un conversador ir\u00f2nic de fortes conviccions.<\/p>\n","protected":false},"excerpt":{"rendered":"<p>JOAN FUSTER I ORTELLS<\/p>\n","protected":false},"featured_media":1087669,"template":"","meta":{"_acf_changed":false,"om_disable_all_campaigns":false,"rs_blank_template":"","rs_page_bg_color":"","slide_template_v7":"","inline_featured_image":false,"_monsterinsights_skip_tracking":false,"_monsterinsights_sitenote_active":false,"_monsterinsights_sitenote_note":"","_monsterinsights_sitenote_category":0},"product_brand":[],"product_cat":[90,540],"product_tag":[],"class_list":{"0":"post-1087527","1":"product","2":"type-product","3":"status-publish","4":"has-post-thumbnail","6":"product_cat-altres","7":"product_cat-otros","9":"first","10":"instock","11":"taxable","12":"shipping-taxable","13":"purchasable","14":"product-type-simple"},"acf":{"autor":"JOAN FUSTER I ORTELLS","codart":"841173204","libros-coleccion":"","ediciones":"1","encuadernacion":"R\u00fastica","fecha_de_publicacion":"01\/03\/2026","novedad":"1","paginas":"176","subtitulo":"","orden":"0","portada":"1","idioma":"cat","booktrailer":"","resenas":"","editorial":[{"ID":147453,"post_author":"3","post_date":"2022-10-14 11:50:42","post_date_gmt":"2022-10-14 09:50:42","post_content":"","post_title":"ARA LLIBRES","post_excerpt":"","post_status":"publish","comment_status":"closed","ping_status":"closed","post_password":"","post_name":"ara-llibres","to_ping":"","pinged":"","post_modified":"2022-10-14 11:50:42","post_modified_gmt":"2022-10-14 09:50:42","post_content_filtered":"","post_parent":0,"guid":"http:\/\/dev.claret.cat\/editorial\/ara-llibres\/","menu_order":0,"post_type":"editorial","post_mime_type":"","comment_count":"0","filter":"raw"}]},"aioseo_notices":[],"_links":{"self":[{"href":"https:\/\/www.claret.cat\/es\/wp-json\/wp\/v2\/product\/1087527","targetHints":{"allow":["GET"]}}],"collection":[{"href":"https:\/\/www.claret.cat\/es\/wp-json\/wp\/v2\/product"}],"about":[{"href":"https:\/\/www.claret.cat\/es\/wp-json\/wp\/v2\/types\/product"}],"wp:featuredmedia":[{"embeddable":true,"href":"https:\/\/www.claret.cat\/es\/wp-json\/wp\/v2\/media\/1087669"}],"wp:attachment":[{"href":"https:\/\/www.claret.cat\/es\/wp-json\/wp\/v2\/media?parent=1087527"}],"wp:term":[{"taxonomy":"product_brand","embeddable":true,"href":"https:\/\/www.claret.cat\/es\/wp-json\/wp\/v2\/product_brand?post=1087527"},{"taxonomy":"product_cat","embeddable":true,"href":"https:\/\/www.claret.cat\/es\/wp-json\/wp\/v2\/product_cat?post=1087527"},{"taxonomy":"product_tag","embeddable":true,"href":"https:\/\/www.claret.cat\/es\/wp-json\/wp\/v2\/product_tag?post=1087527"}],"curies":[{"name":"wp","href":"https:\/\/api.w.org\/{rel}","templated":true}]}}