{"id":1087536,"date":"2026-03-04T12:40:25","date_gmt":"2026-03-04T11:40:25","guid":{"rendered":"https:\/\/www.claret.cat\/llibre\/totes-les-coses-boniques-i-brillants-i-9791387961077\/"},"modified":"2026-04-15T11:50:06","modified_gmt":"2026-04-15T09:50:06","slug":"totes-les-coses-boniques-i-brillants-i-9791387961077","status":"publish","type":"product","link":"https:\/\/www.claret.cat\/es\/libro\/totes-les-coses-boniques-i-brillants-i-9791387961077\/","title":{"rendered":"TOTES LES COSES BONIQUES I BRILLANTS I"},"content":{"rendered":"<p>Aquesta \u00e9s la segona part de les mem\u00f2ries novel\u00b7lades del veterinari James Herriot. En aquest segon volum, el protagonista, que ja comen\u00e7a a ser un veterinari rural m\u00e9s experimentat i t\u00e9 les peculiaritats dels pagesos del Yorkshire una mica m\u00e9s apamades, continua vivint experi\u00e8ncies estrafol\u00e0ries i imprevistes. I a m\u00e9s, ara est\u00e0 casat amb la comprensiva Helen, tot i que la seva vida conjugal es veu profundament alterada pel fet que la majoria de les b\u00e8sties del Yorkshire solen trobar-se malament a mitja nit i, en el pitjor dels casos, quan fora fa un fred de mil dimonis. <br \/> Des que es van publicar ara fa cinquanta anys, aquests relats, divertits i tendres, han fet les del\u00edcies de milions de lectors. Les hist\u00f2ries de James Herriot s\u00f3n, sobretot, un elogi de la vida rural, i tamb\u00e9 d\u2019un paisatge i d\u2019un estil de vida que estava a punt d\u2019experimentar una gran transformaci\u00f3. Una lectura id\u00f2nia per passar una bona estona fent una escapada rural inoblidable.<\/p>\n","protected":false},"excerpt":{"rendered":"<p>JAMES HERRIOT<\/p>\n","protected":false},"featured_media":1087537,"template":"","meta":{"_acf_changed":false,"om_disable_all_campaigns":false,"rs_blank_template":"","rs_page_bg_color":"","slide_template_v7":"","inline_featured_image":false,"_monsterinsights_skip_tracking":false,"_monsterinsights_sitenote_active":false,"_monsterinsights_sitenote_note":"","_monsterinsights_sitenote_category":0},"product_brand":[],"product_cat":[127,357],"product_tag":[],"class_list":{"0":"post-1087536","1":"product","2":"type-product","3":"status-publish","4":"has-post-thumbnail","6":"product_cat-novella-contemporania","7":"product_cat-novela-contemporanea","9":"first","10":"instock","11":"taxable","12":"shipping-taxable","13":"purchasable","14":"product-type-simple"},"acf":{"autor":"JAMES HERRIOT","codart":"138796107","libros-coleccion":"","ediciones":"1","encuadernacion":"R\u00fastica","fecha_de_publicacion":"01\/03\/2026","novedad":"1","paginas":"280","subtitulo":"","orden":"0","portada":"0","idioma":"cat","booktrailer":"","resenas":"","editorial":[{"ID":6392,"post_author":"3","post_date":"2022-07-28 17:51:10","post_date_gmt":"2022-07-28 15:51:10","post_content":"","post_title":"Viena","post_excerpt":"","post_status":"publish","comment_status":"closed","ping_status":"closed","post_password":"","post_name":"viena","to_ping":"","pinged":"","post_modified":"2022-07-28 17:51:10","post_modified_gmt":"2022-07-28 15:51:10","post_content_filtered":"","post_parent":0,"guid":"http:\/\/dev.claret.cat\/editorial\/viena\/","menu_order":0,"post_type":"editorial","post_mime_type":"","comment_count":"0","filter":"raw"}]},"aioseo_notices":[],"_links":{"self":[{"href":"https:\/\/www.claret.cat\/es\/wp-json\/wp\/v2\/product\/1087536","targetHints":{"allow":["GET"]}}],"collection":[{"href":"https:\/\/www.claret.cat\/es\/wp-json\/wp\/v2\/product"}],"about":[{"href":"https:\/\/www.claret.cat\/es\/wp-json\/wp\/v2\/types\/product"}],"wp:featuredmedia":[{"embeddable":true,"href":"https:\/\/www.claret.cat\/es\/wp-json\/wp\/v2\/media\/1087537"}],"wp:attachment":[{"href":"https:\/\/www.claret.cat\/es\/wp-json\/wp\/v2\/media?parent=1087536"}],"wp:term":[{"taxonomy":"product_brand","embeddable":true,"href":"https:\/\/www.claret.cat\/es\/wp-json\/wp\/v2\/product_brand?post=1087536"},{"taxonomy":"product_cat","embeddable":true,"href":"https:\/\/www.claret.cat\/es\/wp-json\/wp\/v2\/product_cat?post=1087536"},{"taxonomy":"product_tag","embeddable":true,"href":"https:\/\/www.claret.cat\/es\/wp-json\/wp\/v2\/product_tag?post=1087536"}],"curies":[{"name":"wp","href":"https:\/\/api.w.org\/{rel}","templated":true}]}}