{"id":1087539,"date":"2026-03-04T12:45:03","date_gmt":"2026-03-04T11:45:03","guid":{"rendered":"https:\/\/www.claret.cat\/llibre\/el-quadre-de-dorian-gray-9788498594676\/"},"modified":"2026-04-08T11:40:27","modified_gmt":"2026-04-08T09:40:27","slug":"el-quadre-de-dorian-gray-9788498594676","status":"publish","type":"product","link":"https:\/\/www.claret.cat\/es\/libro\/el-quadre-de-dorian-gray-9788498594676\/","title":{"rendered":"EL QUADRE DE DORIAN GRAY"},"content":{"rendered":"<p>L&#8217;obra que va portar Wilde a la pres\u00f3, per primer cop en catal\u00e0 i sense censura.<\/p>\n<p>\u00abEls que hem comen\u00e7at a viure la vida a trav\u00e9s de l&#8217;art del segle XX, quan llegim la novel\u00b7la de Wilde, ens adonem que al cor de l&#8217;obra hi ha una mena de lluita interna sobre com s&#8217;ha de viure la vida; la lluita hi \u00e9s en germen, per\u00f2 no acaba de trobar soluci\u00f3. Per a Wilde, la clau de la vida, la felicitat, es troba en la bellesa, pero l&#8217;\u00fanica manera de posseir aquesta bellesa, la manera m\u00e9s l\u00f2gica i que tenim m\u00e9s a l&#8217;abart, \u00e9s l&#8217;art.\u00bb <br \/>Albert Serra<\/p>\n","protected":false},"excerpt":{"rendered":"<p>OSCAR WILDE<\/p>\n","protected":false},"featured_media":1087540,"template":"","meta":{"_acf_changed":false,"om_disable_all_campaigns":false,"rs_blank_template":"","rs_page_bg_color":"","slide_template_v7":"","inline_featured_image":false,"_monsterinsights_skip_tracking":false,"_monsterinsights_sitenote_active":false,"_monsterinsights_sitenote_note":"","_monsterinsights_sitenote_category":0},"product_brand":[],"product_cat":[354,123],"product_tag":[],"class_list":{"0":"post-1087539","1":"product","2":"type-product","3":"status-publish","4":"has-post-thumbnail","6":"product_cat-clasica","7":"product_cat-classica","9":"first","10":"instock","11":"taxable","12":"shipping-taxable","13":"purchasable","14":"product-type-simple"},"acf":{"autor":"OSCAR WILDE","codart":"849859467","libros-coleccion":"","ediciones":"1","encuadernacion":"Carton\u00e9","fecha_de_publicacion":"01\/03\/2026","novedad":"1","paginas":"220","subtitulo":"","orden":"0","portada":"0","idioma":"cat","booktrailer":"","resenas":"","editorial":[{"ID":6216,"post_author":"3","post_date":"2022-07-28 17:47:22","post_date_gmt":"2022-07-28 15:47:22","post_content":"","post_title":"Editorial Alpha","post_excerpt":"","post_status":"publish","comment_status":"closed","ping_status":"closed","post_password":"","post_name":"editorial-alpha","to_ping":"","pinged":"","post_modified":"2022-07-28 17:47:22","post_modified_gmt":"2022-07-28 15:47:22","post_content_filtered":"","post_parent":0,"guid":"http:\/\/dev.claret.cat\/editorial\/editorial-alpha\/","menu_order":0,"post_type":"editorial","post_mime_type":"","comment_count":"0","filter":"raw"}]},"aioseo_notices":[],"_links":{"self":[{"href":"https:\/\/www.claret.cat\/es\/wp-json\/wp\/v2\/product\/1087539","targetHints":{"allow":["GET"]}}],"collection":[{"href":"https:\/\/www.claret.cat\/es\/wp-json\/wp\/v2\/product"}],"about":[{"href":"https:\/\/www.claret.cat\/es\/wp-json\/wp\/v2\/types\/product"}],"wp:featuredmedia":[{"embeddable":true,"href":"https:\/\/www.claret.cat\/es\/wp-json\/wp\/v2\/media\/1087540"}],"wp:attachment":[{"href":"https:\/\/www.claret.cat\/es\/wp-json\/wp\/v2\/media?parent=1087539"}],"wp:term":[{"taxonomy":"product_brand","embeddable":true,"href":"https:\/\/www.claret.cat\/es\/wp-json\/wp\/v2\/product_brand?post=1087539"},{"taxonomy":"product_cat","embeddable":true,"href":"https:\/\/www.claret.cat\/es\/wp-json\/wp\/v2\/product_cat?post=1087539"},{"taxonomy":"product_tag","embeddable":true,"href":"https:\/\/www.claret.cat\/es\/wp-json\/wp\/v2\/product_tag?post=1087539"}],"curies":[{"name":"wp","href":"https:\/\/api.w.org\/{rel}","templated":true}]}}