{"id":1087542,"date":"2026-03-04T12:50:02","date_gmt":"2026-03-04T11:50:02","guid":{"rendered":"https:\/\/www.claret.cat\/llibre\/atlas-de-aventuras-dinosaurios-9788494681530\/"},"modified":"2026-03-04T12:50:12","modified_gmt":"2026-03-04T11:50:12","slug":"atlas-de-aventuras-dinosaurios-9788494681530","status":"publish","type":"product","link":"https:\/\/www.claret.cat\/es\/libro\/atlas-de-aventuras-dinosaurios-9788494681530\/","title":{"rendered":"ATLAS DE AVENTURAS DINOSAURIOS"},"content":{"rendered":"<p>Recorre el planeta con esta aventura prehist\u00f3rica a trav\u00e9s de los periodos Tri\u00e1sico, Jur\u00e1sico y Cret\u00e1cico para conocer a los dinosaurios de la \u00e9poca, haciendo lo que ellos sab\u00edan hacer mejor: esconderse, cazar, luchar y comer\u2026, \u00a1a veces comerse los unos a los otros!Con sus 30 escenarios espectaculares y llenos de detalles que descubrir, acompa\u00f1ados de mapas de la deriva continental de la Tierra y de hallazgos f\u00f3siles, este libro es un tesoro inagotable para el joven amante de los dinosaurios. \u00a1Que comience la aventura!<\/p>\n","protected":false},"excerpt":{"rendered":"<p>HAWKINS, EMILY<\/p>\n","protected":false},"featured_media":1087543,"template":"","meta":{"_acf_changed":false,"om_disable_all_campaigns":false,"rs_blank_template":"","rs_page_bg_color":"","slide_template_v7":"","inline_featured_image":false,"_monsterinsights_skip_tracking":false,"_monsterinsights_sitenote_active":false,"_monsterinsights_sitenote_note":"","_monsterinsights_sitenote_category":0},"product_brand":[],"product_cat":[90,540],"product_tag":[],"class_list":{"0":"post-1087542","1":"product","2":"type-product","3":"status-publish","4":"has-post-thumbnail","6":"product_cat-altres","7":"product_cat-otros","9":"first","10":"instock","11":"taxable","12":"shipping-taxable","13":"purchasable","14":"product-type-simple"},"acf":{"autor":"HAWKINS, EMILY","codart":"849468153","libros-coleccion":"FORA DE COL.LECCI\u00d3","ediciones":"1","encuadernacion":"Carton\u00e9","fecha_de_publicacion":"01\/09\/2017","novedad":"1","paginas":"0","subtitulo":"","orden":"0","portada":"0","idioma":"spa","booktrailer":"","resenas":"","editorial":[{"ID":147977,"post_author":"3","post_date":"2022-10-14 11:54:41","post_date_gmt":"2022-10-14 09:54:41","post_content":"","post_title":"EDITORIAL FLAMBOYANT","post_excerpt":"","post_status":"publish","comment_status":"closed","ping_status":"closed","post_password":"","post_name":"editorial-flamboyant","to_ping":"","pinged":"","post_modified":"2022-10-14 11:54:41","post_modified_gmt":"2022-10-14 09:54:41","post_content_filtered":"","post_parent":0,"guid":"http:\/\/dev.claret.cat\/editorial\/editorial-flamboyant\/","menu_order":0,"post_type":"editorial","post_mime_type":"","comment_count":"0","filter":"raw"}]},"aioseo_notices":[],"_links":{"self":[{"href":"https:\/\/www.claret.cat\/es\/wp-json\/wp\/v2\/product\/1087542","targetHints":{"allow":["GET"]}}],"collection":[{"href":"https:\/\/www.claret.cat\/es\/wp-json\/wp\/v2\/product"}],"about":[{"href":"https:\/\/www.claret.cat\/es\/wp-json\/wp\/v2\/types\/product"}],"wp:featuredmedia":[{"embeddable":true,"href":"https:\/\/www.claret.cat\/es\/wp-json\/wp\/v2\/media\/1087543"}],"wp:attachment":[{"href":"https:\/\/www.claret.cat\/es\/wp-json\/wp\/v2\/media?parent=1087542"}],"wp:term":[{"taxonomy":"product_brand","embeddable":true,"href":"https:\/\/www.claret.cat\/es\/wp-json\/wp\/v2\/product_brand?post=1087542"},{"taxonomy":"product_cat","embeddable":true,"href":"https:\/\/www.claret.cat\/es\/wp-json\/wp\/v2\/product_cat?post=1087542"},{"taxonomy":"product_tag","embeddable":true,"href":"https:\/\/www.claret.cat\/es\/wp-json\/wp\/v2\/product_tag?post=1087542"}],"curies":[{"name":"wp","href":"https:\/\/api.w.org\/{rel}","templated":true}]}}