{"id":1087551,"date":"2026-03-04T12:55:16","date_gmt":"2026-03-04T11:55:16","guid":{"rendered":"https:\/\/www.claret.cat\/llibre\/erem-tan-joves-9788419721525\/"},"modified":"2026-04-10T19:55:08","modified_gmt":"2026-04-10T17:55:08","slug":"erem-tan-joves-9788419721525","status":"publish","type":"product","link":"https:\/\/www.claret.cat\/es\/libro\/erem-tan-joves-9788419721525\/","title":{"rendered":"\u00c9REM TAN JOVES"},"content":{"rendered":"<p><strong>\u00c9rem tan joves<\/strong> \u00e9s el que acostumem dir quan mirem \u00e0lbums de fotos del passat. <strong>Som els mateixos i alhora som diferents<\/strong>. Aquesta obra \u00e9s <strong>un \u00e0lbum de fotos sense fotos<\/strong>. Una evocaci\u00f3 de moments tendres, dol\u00e7os, alegres. Perqu\u00e8 <strong>solem fer fotos de les coses que volem recordar<\/strong>. Amb nost\u00e0lgia i una voluntat de fer mem\u00f2ria, <strong>S\u00edlvia Soler<\/strong> congela moments de vida, ens ensenya el pas del temps i <strong>aconsegueix que el lector pensi en els seus propis \u00e0lbums<\/strong> de fotos. I, per postres, unes fotografies impossibles, que mai no han existit i que <strong>l\u2019autora desitjaria que fossin reals<\/strong>.<\/p>\n","protected":false},"excerpt":{"rendered":"<p>SILVIA SOLER I GUASCH<\/p>\n","protected":false},"featured_media":1092956,"template":"","meta":{"_acf_changed":false,"om_disable_all_campaigns":false,"rs_blank_template":"","rs_page_bg_color":"","slide_template_v7":"","inline_featured_image":false,"_monsterinsights_skip_tracking":false,"_monsterinsights_sitenote_active":false,"_monsterinsights_sitenote_note":"","_monsterinsights_sitenote_category":0},"product_brand":[],"product_cat":[127,357],"product_tag":[],"class_list":{"0":"post-1087551","1":"product","2":"type-product","3":"status-publish","4":"has-post-thumbnail","6":"product_cat-novella-contemporania","7":"product_cat-novela-contemporanea","9":"first","10":"instock","11":"taxable","12":"shipping-taxable","13":"purchasable","14":"product-type-simple"},"acf":{"autor":"SILVIA SOLER I GUASCH","codart":"841972152","libros-coleccion":"","ediciones":"1","encuadernacion":"Carton\u00e9","fecha_de_publicacion":"01\/03\/2026","novedad":"1","paginas":"160","subtitulo":"ESCENES DE JOIE DE VIVRE","orden":"0","portada":"1","idioma":"cat","booktrailer":"","resenas":"","editorial":[{"ID":6384,"post_author":"3","post_date":"2022-07-28 17:51:02","post_date_gmt":"2022-07-28 15:51:02","post_content":"","post_title":"Univers Llibres","post_excerpt":"","post_status":"publish","comment_status":"closed","ping_status":"closed","post_password":"","post_name":"univers-llibres","to_ping":"","pinged":"","post_modified":"2022-07-28 17:51:02","post_modified_gmt":"2022-07-28 15:51:02","post_content_filtered":"","post_parent":0,"guid":"http:\/\/dev.claret.cat\/editorial\/univers-llibres\/","menu_order":0,"post_type":"editorial","post_mime_type":"","comment_count":"0","filter":"raw"}]},"aioseo_notices":[],"_links":{"self":[{"href":"https:\/\/www.claret.cat\/es\/wp-json\/wp\/v2\/product\/1087551","targetHints":{"allow":["GET"]}}],"collection":[{"href":"https:\/\/www.claret.cat\/es\/wp-json\/wp\/v2\/product"}],"about":[{"href":"https:\/\/www.claret.cat\/es\/wp-json\/wp\/v2\/types\/product"}],"wp:featuredmedia":[{"embeddable":true,"href":"https:\/\/www.claret.cat\/es\/wp-json\/wp\/v2\/media\/1092956"}],"wp:attachment":[{"href":"https:\/\/www.claret.cat\/es\/wp-json\/wp\/v2\/media?parent=1087551"}],"wp:term":[{"taxonomy":"product_brand","embeddable":true,"href":"https:\/\/www.claret.cat\/es\/wp-json\/wp\/v2\/product_brand?post=1087551"},{"taxonomy":"product_cat","embeddable":true,"href":"https:\/\/www.claret.cat\/es\/wp-json\/wp\/v2\/product_cat?post=1087551"},{"taxonomy":"product_tag","embeddable":true,"href":"https:\/\/www.claret.cat\/es\/wp-json\/wp\/v2\/product_tag?post=1087551"}],"curies":[{"name":"wp","href":"https:\/\/api.w.org\/{rel}","templated":true}]}}