{"id":1087560,"date":"2026-03-04T12:55:56","date_gmt":"2026-03-04T11:55:56","guid":{"rendered":"https:\/\/www.claret.cat\/llibre\/crash-9788419467782\/"},"modified":"2026-03-04T13:20:14","modified_gmt":"2026-03-04T12:20:14","slug":"crash-9788419467782","status":"publish","type":"product","link":"https:\/\/www.claret.cat\/es\/libro\/crash-9788419467782\/","title":{"rendered":"\u00a1CRASH!"},"content":{"rendered":"<p>Rashidan es un palad\u00edn de Silvanus con un objetivo muy claro: graduarse en la Escuela Eleuthyr y ascender de rango en su iglesia. Lo tiene todo a su favor: una familia perfecta, amigos ejemplares y un dios todopoderoso (aqu\u00ed presente) para respaldarle. Pero todo cambia el d\u00eda en que se choca con Cain, el nuevo alumno. Nadie sabe mucho acerca del misterioso mago, pero est\u00e1 claro que lo odia a muerte y har\u00e1 lo que sea con tal de arruinar sus planes.<\/p>\n<p> Su rivalidad los llevar\u00e1 a embarcarse en el Quaestarium, el concurso de pruebas m\u00e1gicas m\u00e1s peligroso. Lo que no imaginaban es que deber\u00e1n enfrentarse a una amenaza a\u00fan mayor. Y que, en el proceso, Rash descubrir\u00e1 que Cain guarda un monstruoso secreto\u2026 o dos. O tres.<\/p>\n<p> Y todos tienen que ver con \u00e9l.<\/p>\n","protected":false},"excerpt":{"rendered":"<p>PETRA REIS<\/p>\n","protected":false},"featured_media":1087640,"template":"","meta":{"_acf_changed":false,"om_disable_all_campaigns":false,"rs_blank_template":"","rs_page_bg_color":"","slide_template_v7":"","inline_featured_image":false,"_monsterinsights_skip_tracking":false,"_monsterinsights_sitenote_active":false,"_monsterinsights_sitenote_note":"","_monsterinsights_sitenote_category":0},"product_brand":[],"product_cat":[133,117,566,363],"product_tag":[],"class_list":{"0":"post-1087560","1":"product","2":"type-product","3":"status-publish","4":"has-post-thumbnail","6":"product_cat-lectures-per-adolescents-12-18-anys","7":"product_cat-juvenil","8":"product_cat-juvenil-3_infantil-juvenil-spa-spa","9":"product_cat-lecturas-por-adolescentes-12-18-anos","11":"first","12":"instock","13":"taxable","14":"shipping-taxable","15":"purchasable","16":"product-type-simple"},"acf":{"autor":"PETRA REIS","codart":"841946778","libros-coleccion":"","ediciones":"1","encuadernacion":"R\u00fastica","fecha_de_publicacion":"01\/03\/2026","novedad":"1","paginas":"450","subtitulo":"CUESTE LO QUE CUESTE","orden":"0","portada":"0","idioma":"spa","booktrailer":"","resenas":"","editorial":[{"ID":147954,"post_author":"3","post_date":"2022-10-14 11:54:30","post_date_gmt":"2022-10-14 09:54:30","post_content":"","post_title":"Editorial Del Nuevo Extremo","post_excerpt":"","post_status":"publish","comment_status":"closed","ping_status":"closed","post_password":"","post_name":"editorial-del-nuevo-extremo","to_ping":"","pinged":"","post_modified":"2022-10-14 11:54:30","post_modified_gmt":"2022-10-14 09:54:30","post_content_filtered":"","post_parent":0,"guid":"http:\/\/dev.claret.cat\/editorial\/editorial-del-nuevo-extremo\/","menu_order":0,"post_type":"editorial","post_mime_type":"","comment_count":"0","filter":"raw"}]},"aioseo_notices":[],"_links":{"self":[{"href":"https:\/\/www.claret.cat\/es\/wp-json\/wp\/v2\/product\/1087560","targetHints":{"allow":["GET"]}}],"collection":[{"href":"https:\/\/www.claret.cat\/es\/wp-json\/wp\/v2\/product"}],"about":[{"href":"https:\/\/www.claret.cat\/es\/wp-json\/wp\/v2\/types\/product"}],"wp:featuredmedia":[{"embeddable":true,"href":"https:\/\/www.claret.cat\/es\/wp-json\/wp\/v2\/media\/1087640"}],"wp:attachment":[{"href":"https:\/\/www.claret.cat\/es\/wp-json\/wp\/v2\/media?parent=1087560"}],"wp:term":[{"taxonomy":"product_brand","embeddable":true,"href":"https:\/\/www.claret.cat\/es\/wp-json\/wp\/v2\/product_brand?post=1087560"},{"taxonomy":"product_cat","embeddable":true,"href":"https:\/\/www.claret.cat\/es\/wp-json\/wp\/v2\/product_cat?post=1087560"},{"taxonomy":"product_tag","embeddable":true,"href":"https:\/\/www.claret.cat\/es\/wp-json\/wp\/v2\/product_tag?post=1087560"}],"curies":[{"name":"wp","href":"https:\/\/api.w.org\/{rel}","templated":true}]}}