{"id":1087566,"date":"2026-03-04T12:56:24","date_gmt":"2026-03-04T11:56:24","guid":{"rendered":"https:\/\/www.claret.cat\/llibre\/explora-i-descobreix-a-casa-9791387614119\/"},"modified":"2026-03-06T13:45:06","modified_gmt":"2026-03-06T12:45:06","slug":"explora-i-descobreix-a-casa-9791387614119","status":"publish","type":"product","link":"https:\/\/www.claret.cat\/es\/libro\/explora-i-descobreix-a-casa-9791387614119\/","title":{"rendered":"EXPLORA I DESCOBREIX A CASA"},"content":{"rendered":"<p>Qu\u00e8 fas servir per dibuixar al quadern Qu\u00e8 et protegeix del fred a lhivern Amb qu\u00e8 et cobreixes quan plou On et rentes les mans Com es diu el moble on guardes la roba La cuina, la sala destar, el jard\u00ed&#8230; Explora i descobreix els colors, formes i objectes<\/p>\n","protected":false},"excerpt":{"rendered":"<p>STUDIO THESE DAYS<\/p>\n","protected":false},"featured_media":1087567,"template":"","meta":{"_acf_changed":false,"om_disable_all_campaigns":false,"rs_blank_template":"","rs_page_bg_color":"","slide_template_v7":"","inline_featured_image":false,"_monsterinsights_skip_tracking":false,"_monsterinsights_sitenote_active":false,"_monsterinsights_sitenote_note":"","_monsterinsights_sitenote_category":0},"product_brand":[],"product_cat":[131,361],"product_tag":[],"class_list":{"0":"post-1087566","1":"product","2":"type-product","3":"status-publish","4":"has-post-thumbnail","6":"product_cat-contes-per-infants-0-6-anys","7":"product_cat-cuentos-para-ninos-0-6-anos","9":"first","10":"instock","11":"taxable","12":"shipping-taxable","13":"purchasable","14":"product-type-simple"},"acf":{"autor":"STUDIO THESE DAYS","codart":"138761411","libros-coleccion":"","ediciones":"1","encuadernacion":"Carton\u00e9","fecha_de_publicacion":"01\/02\/2026","novedad":"1","paginas":"18","subtitulo":"","orden":"0","portada":"0","idioma":"cat","booktrailer":"","resenas":"","editorial":[{"ID":1087572,"post_author":"3","post_date":"2026-03-04 12:56:50","post_date_gmt":"2026-03-04 11:56:50","post_content":"","post_title":"FLAMBOYANT","post_excerpt":"","post_status":"publish","comment_status":"closed","ping_status":"closed","post_password":"","post_name":"flamboyant","to_ping":"","pinged":"","post_modified":"2026-03-04 12:56:50","post_modified_gmt":"2026-03-04 11:56:50","post_content_filtered":"","post_parent":0,"guid":"https:\/\/www.claret.cat\/editorial\/flamboyant\/","menu_order":0,"post_type":"editorial","post_mime_type":"","comment_count":"0","filter":"raw"}]},"aioseo_notices":[],"_links":{"self":[{"href":"https:\/\/www.claret.cat\/es\/wp-json\/wp\/v2\/product\/1087566","targetHints":{"allow":["GET"]}}],"collection":[{"href":"https:\/\/www.claret.cat\/es\/wp-json\/wp\/v2\/product"}],"about":[{"href":"https:\/\/www.claret.cat\/es\/wp-json\/wp\/v2\/types\/product"}],"wp:featuredmedia":[{"embeddable":true,"href":"https:\/\/www.claret.cat\/es\/wp-json\/wp\/v2\/media\/1087567"}],"wp:attachment":[{"href":"https:\/\/www.claret.cat\/es\/wp-json\/wp\/v2\/media?parent=1087566"}],"wp:term":[{"taxonomy":"product_brand","embeddable":true,"href":"https:\/\/www.claret.cat\/es\/wp-json\/wp\/v2\/product_brand?post=1087566"},{"taxonomy":"product_cat","embeddable":true,"href":"https:\/\/www.claret.cat\/es\/wp-json\/wp\/v2\/product_cat?post=1087566"},{"taxonomy":"product_tag","embeddable":true,"href":"https:\/\/www.claret.cat\/es\/wp-json\/wp\/v2\/product_tag?post=1087566"}],"curies":[{"name":"wp","href":"https:\/\/api.w.org\/{rel}","templated":true}]}}