{"id":1087569,"date":"2026-03-04T12:56:37","date_gmt":"2026-03-04T11:56:37","guid":{"rendered":"https:\/\/www.claret.cat\/llibre\/capibara-y-la-pelicula-mas-loca-del-mundo-9788424676612\/"},"modified":"2026-03-04T13:11:09","modified_gmt":"2026-03-04T12:11:09","slug":"capibara-y-la-pelicula-mas-loca-del-mundo-9788424676612","status":"publish","type":"product","link":"https:\/\/www.claret.cat\/es\/libro\/capibara-y-la-pelicula-mas-loca-del-mundo-9788424676612\/","title":{"rendered":"CAPIBARA Y LA PEL\u00cdCULA M\u00c1S LOCA DEL MUNDO"},"content":{"rendered":"<p>Capibara y Aye-Aye viven tranquilos con su tienda de abrazos, hasta que un d\u00eda aparece el Ping\u00fcino Macaroni, un director de cine obsesionado con rodar su gran obra maestra. Convencido de que Aye-Aye tiene \u201cese no s\u00e9 qu\u00e9\u201d que la convertir\u00e1 en una estrella, la recluta para protagonizar una pel\u00edcula llena de drama y acci\u00f3n.<br \/> Pero el rodaje pronto se convierte en un disparate de humor y caos, con escenas cada vez m\u00e1s absurdas. Mientras Macaroni sue\u00f1a con la gloria, Capibara solo desea un buen abrazo y un poco de calma.<br \/> Entre pedos involuntarios, amistades inesperadas y lecciones sobre c\u00f3mo decir \u201cno\u201d, nuestros protagonistas descubrir\u00e1n que la fama puede esperar\u2026<\/p>\n","protected":false},"excerpt":{"rendered":"<p>CARLA GRACIA MERCAD\u00c9<\/p>\n","protected":false},"featured_media":1087570,"template":"","meta":{"_acf_changed":false,"om_disable_all_campaigns":false,"rs_blank_template":"","rs_page_bg_color":"","slide_template_v7":"","inline_featured_image":false,"_monsterinsights_skip_tracking":false,"_monsterinsights_sitenote_active":false,"_monsterinsights_sitenote_note":"","_monsterinsights_sitenote_category":0},"product_brand":[],"product_cat":[131,361],"product_tag":[],"class_list":{"0":"post-1087569","1":"product","2":"type-product","3":"status-publish","4":"has-post-thumbnail","6":"product_cat-contes-per-infants-0-6-anys","7":"product_cat-cuentos-para-ninos-0-6-anos","9":"first","10":"instock","11":"taxable","12":"shipping-taxable","13":"purchasable","14":"product-type-simple"},"acf":{"autor":"CARLA GRACIA MERCAD\u00c9","codart":"842467661","libros-coleccion":"","ediciones":"1","encuadernacion":"Carton\u00e9","fecha_de_publicacion":"01\/03\/2026","novedad":"1","paginas":"56","subtitulo":"","orden":"0","portada":"0","idioma":"spa","booktrailer":"","resenas":"","editorial":[{"ID":148189,"post_author":"3","post_date":"2022-10-14 11:56:19","post_date_gmt":"2022-10-14 09:56:19","post_content":"","post_title":"GALERA, EDITORIAL","post_excerpt":"","post_status":"publish","comment_status":"closed","ping_status":"closed","post_password":"","post_name":"galera-editorial","to_ping":"","pinged":"","post_modified":"2022-10-14 11:56:19","post_modified_gmt":"2022-10-14 09:56:19","post_content_filtered":"","post_parent":0,"guid":"http:\/\/dev.claret.cat\/editorial\/galera-editorial\/","menu_order":0,"post_type":"editorial","post_mime_type":"","comment_count":"0","filter":"raw"}]},"aioseo_notices":[],"_links":{"self":[{"href":"https:\/\/www.claret.cat\/es\/wp-json\/wp\/v2\/product\/1087569","targetHints":{"allow":["GET"]}}],"collection":[{"href":"https:\/\/www.claret.cat\/es\/wp-json\/wp\/v2\/product"}],"about":[{"href":"https:\/\/www.claret.cat\/es\/wp-json\/wp\/v2\/types\/product"}],"wp:featuredmedia":[{"embeddable":true,"href":"https:\/\/www.claret.cat\/es\/wp-json\/wp\/v2\/media\/1087570"}],"wp:attachment":[{"href":"https:\/\/www.claret.cat\/es\/wp-json\/wp\/v2\/media?parent=1087569"}],"wp:term":[{"taxonomy":"product_brand","embeddable":true,"href":"https:\/\/www.claret.cat\/es\/wp-json\/wp\/v2\/product_brand?post=1087569"},{"taxonomy":"product_cat","embeddable":true,"href":"https:\/\/www.claret.cat\/es\/wp-json\/wp\/v2\/product_cat?post=1087569"},{"taxonomy":"product_tag","embeddable":true,"href":"https:\/\/www.claret.cat\/es\/wp-json\/wp\/v2\/product_tag?post=1087569"}],"curies":[{"name":"wp","href":"https:\/\/api.w.org\/{rel}","templated":true}]}}