{"id":1087573,"date":"2026-03-04T12:56:53","date_gmt":"2026-03-04T11:56:53","guid":{"rendered":"https:\/\/www.claret.cat\/llibre\/charlas-en-el-bosque-9791387614133\/"},"modified":"2026-03-06T13:45:18","modified_gmt":"2026-03-06T12:45:18","slug":"charlas-en-el-bosque-9791387614133","status":"publish","type":"product","link":"https:\/\/www.claret.cat\/es\/libro\/charlas-en-el-bosque-9791387614133\/","title":{"rendered":"CHARLAS EN EL BOSQUE"},"content":{"rendered":"<p>\u00abCien, para ser tan peque\u00f1o, eres muy sabio\u00bb, dijo Ada. Este libro atesora en sus p\u00e1ginas cinco charlas que Cien, un peque\u00f1o y sabio ciempi\u00e9s, mantiene con sus amigos. Las charlas tienen lugar en un remoto bosque y giran alrededor de los miedos de sus entra\u00f1ables protagonistas. Son conversaciones entre amigos que, al no sentirse juzgados, hablan libremente sobre su trocito de verdad.<\/p>\n","protected":false},"excerpt":{"rendered":"<p>SOLEDAD ROMERO<\/p>\n","protected":false},"featured_media":1087574,"template":"","meta":{"_acf_changed":false,"om_disable_all_campaigns":false,"rs_blank_template":"","rs_page_bg_color":"","slide_template_v7":"","inline_featured_image":false,"_monsterinsights_skip_tracking":false,"_monsterinsights_sitenote_active":false,"_monsterinsights_sitenote_note":"","_monsterinsights_sitenote_category":0},"product_brand":[],"product_cat":[131,361],"product_tag":[],"class_list":{"0":"post-1087573","1":"product","2":"type-product","3":"status-publish","4":"has-post-thumbnail","6":"product_cat-contes-per-infants-0-6-anys","7":"product_cat-cuentos-para-ninos-0-6-anos","9":"first","10":"instock","11":"taxable","12":"shipping-taxable","13":"purchasable","14":"product-type-simple"},"acf":{"autor":"SOLEDAD ROMERO","codart":"138761413","libros-coleccion":"","ediciones":"1","encuadernacion":"Carton\u00e9","fecha_de_publicacion":"01\/02\/2026","novedad":"1","paginas":"64","subtitulo":"","orden":"0","portada":"0","idioma":"spa","booktrailer":"","resenas":"","editorial":[{"ID":1087572,"post_author":"3","post_date":"2026-03-04 12:56:50","post_date_gmt":"2026-03-04 11:56:50","post_content":"","post_title":"FLAMBOYANT","post_excerpt":"","post_status":"publish","comment_status":"closed","ping_status":"closed","post_password":"","post_name":"flamboyant","to_ping":"","pinged":"","post_modified":"2026-03-04 12:56:50","post_modified_gmt":"2026-03-04 11:56:50","post_content_filtered":"","post_parent":0,"guid":"https:\/\/www.claret.cat\/editorial\/flamboyant\/","menu_order":0,"post_type":"editorial","post_mime_type":"","comment_count":"0","filter":"raw"}]},"aioseo_notices":[],"_links":{"self":[{"href":"https:\/\/www.claret.cat\/es\/wp-json\/wp\/v2\/product\/1087573","targetHints":{"allow":["GET"]}}],"collection":[{"href":"https:\/\/www.claret.cat\/es\/wp-json\/wp\/v2\/product"}],"about":[{"href":"https:\/\/www.claret.cat\/es\/wp-json\/wp\/v2\/types\/product"}],"wp:featuredmedia":[{"embeddable":true,"href":"https:\/\/www.claret.cat\/es\/wp-json\/wp\/v2\/media\/1087574"}],"wp:attachment":[{"href":"https:\/\/www.claret.cat\/es\/wp-json\/wp\/v2\/media?parent=1087573"}],"wp:term":[{"taxonomy":"product_brand","embeddable":true,"href":"https:\/\/www.claret.cat\/es\/wp-json\/wp\/v2\/product_brand?post=1087573"},{"taxonomy":"product_cat","embeddable":true,"href":"https:\/\/www.claret.cat\/es\/wp-json\/wp\/v2\/product_cat?post=1087573"},{"taxonomy":"product_tag","embeddable":true,"href":"https:\/\/www.claret.cat\/es\/wp-json\/wp\/v2\/product_tag?post=1087573"}],"curies":[{"name":"wp","href":"https:\/\/api.w.org\/{rel}","templated":true}]}}