{"id":1087586,"date":"2026-03-04T13:01:08","date_gmt":"2026-03-04T12:01:08","guid":{"rendered":"https:\/\/www.claret.cat\/llibre\/lobito-que-aburrimiento-9791387614270\/"},"modified":"2026-03-06T13:45:30","modified_gmt":"2026-03-06T12:45:30","slug":"lobito-que-aburrimiento-9791387614270","status":"publish","type":"product","link":"https:\/\/www.claret.cat\/es\/libro\/lobito-que-aburrimiento-9791387614270\/","title":{"rendered":"LOBITO. \u00a1QU\u00c9 ABURRIMIENTO!"},"content":{"rendered":"<p>Lobito est\u00e1 harto. La previsi\u00f3n meteorol\u00f3gica anuncia lluvia durante todo el d\u00eda. \u00c9l, que so\u00f1aba con jugar fuera. \u00a1Qu\u00e9 desastre! En casa, a pesar de todas las actividades que<br \/> le proponen sus padres, no le interesa nada\u2026 \u00bfC\u00f3mo entretener a un lobito que no soporta aburrirse?<\/p>\n","protected":false},"excerpt":{"rendered":"<p>MAGALI CLAVELET<\/p>\n","protected":false},"featured_media":1087587,"template":"","meta":{"_acf_changed":false,"om_disable_all_campaigns":false,"rs_blank_template":"","rs_page_bg_color":"","slide_template_v7":"","inline_featured_image":false,"_monsterinsights_skip_tracking":false,"_monsterinsights_sitenote_active":false,"_monsterinsights_sitenote_note":"","_monsterinsights_sitenote_category":0},"product_brand":[],"product_cat":[131,361],"product_tag":[],"class_list":{"0":"post-1087586","1":"product","2":"type-product","3":"status-publish","4":"has-post-thumbnail","6":"product_cat-contes-per-infants-0-6-anys","7":"product_cat-cuentos-para-ninos-0-6-anos","9":"first","10":"instock","11":"taxable","12":"shipping-taxable","13":"purchasable","14":"product-type-simple"},"acf":{"autor":"MAGALI CLAVELET","codart":"138761427","libros-coleccion":"","ediciones":"1","encuadernacion":"Carton\u00e9","fecha_de_publicacion":"01\/02\/2026","novedad":"1","paginas":"40","subtitulo":"CL","orden":"0","portada":"0","idioma":"spa","booktrailer":"","resenas":"","editorial":[{"ID":1087572,"post_author":"3","post_date":"2026-03-04 12:56:50","post_date_gmt":"2026-03-04 11:56:50","post_content":"","post_title":"FLAMBOYANT","post_excerpt":"","post_status":"publish","comment_status":"closed","ping_status":"closed","post_password":"","post_name":"flamboyant","to_ping":"","pinged":"","post_modified":"2026-03-04 12:56:50","post_modified_gmt":"2026-03-04 11:56:50","post_content_filtered":"","post_parent":0,"guid":"https:\/\/www.claret.cat\/editorial\/flamboyant\/","menu_order":0,"post_type":"editorial","post_mime_type":"","comment_count":"0","filter":"raw"}]},"aioseo_notices":[],"_links":{"self":[{"href":"https:\/\/www.claret.cat\/es\/wp-json\/wp\/v2\/product\/1087586","targetHints":{"allow":["GET"]}}],"collection":[{"href":"https:\/\/www.claret.cat\/es\/wp-json\/wp\/v2\/product"}],"about":[{"href":"https:\/\/www.claret.cat\/es\/wp-json\/wp\/v2\/types\/product"}],"wp:featuredmedia":[{"embeddable":true,"href":"https:\/\/www.claret.cat\/es\/wp-json\/wp\/v2\/media\/1087587"}],"wp:attachment":[{"href":"https:\/\/www.claret.cat\/es\/wp-json\/wp\/v2\/media?parent=1087586"}],"wp:term":[{"taxonomy":"product_brand","embeddable":true,"href":"https:\/\/www.claret.cat\/es\/wp-json\/wp\/v2\/product_brand?post=1087586"},{"taxonomy":"product_cat","embeddable":true,"href":"https:\/\/www.claret.cat\/es\/wp-json\/wp\/v2\/product_cat?post=1087586"},{"taxonomy":"product_tag","embeddable":true,"href":"https:\/\/www.claret.cat\/es\/wp-json\/wp\/v2\/product_tag?post=1087586"}],"curies":[{"name":"wp","href":"https:\/\/api.w.org\/{rel}","templated":true}]}}