{"id":1087589,"date":"2026-03-04T13:01:26","date_gmt":"2026-03-04T12:01:26","guid":{"rendered":"https:\/\/www.claret.cat\/llibre\/la-semana-santa-9788424676896\/"},"modified":"2026-03-28T12:50:23","modified_gmt":"2026-03-28T11:50:23","slug":"la-semana-santa-9788424676896","status":"publish","type":"product","link":"https:\/\/www.claret.cat\/es\/libro\/la-semana-santa-9788424676896\/","title":{"rendered":"LA SEMANA SANTA"},"content":{"rendered":"<p>Curro y Macarena vivir\u00e1n una tradici\u00f3n maravillosa: la Semana Santa. Ya est\u00e1n preparados para ser nazarenos, para participar en la cofrad\u00eda y no perderse detalle de nada. \u00a1Qu\u00e9 de nervios! \u00a1Ya se acerca el Domingo de Ramos!<\/p>\n","protected":false},"excerpt":{"rendered":"<p>FRAN NU\u00d1O<\/p>\n","protected":false},"featured_media":1087645,"template":"","meta":{"_acf_changed":false,"om_disable_all_campaigns":false,"rs_blank_template":"","rs_page_bg_color":"","slide_template_v7":"","inline_featured_image":false,"_monsterinsights_skip_tracking":false,"_monsterinsights_sitenote_active":false,"_monsterinsights_sitenote_note":"","_monsterinsights_sitenote_category":0},"product_brand":[],"product_cat":[131,399,253,361,478,219],"product_tag":[],"class_list":{"0":"post-1087589","1":"product","2":"type-product","3":"status-publish","4":"has-post-thumbnail","6":"product_cat-contes-per-infants-0-6-anys","7":"product_cat-any-liturgic-liturgia-1_espiritualidad","8":"product_cat-any-liturgic","9":"product_cat-cuentos-para-ninos-0-6-anos","10":"product_cat-infantil-catequesis-1_espiritualidad","11":"product_cat-infantil-catequesi","13":"first","14":"instock","15":"taxable","16":"shipping-taxable","17":"purchasable","18":"product-type-simple"},"acf":{"autor":"FRAN NU\u00d1O","codart":"842467689","libros-coleccion":"","ediciones":"1","encuadernacion":"Grapado","fecha_de_publicacion":"01\/03\/2026","novedad":"1","paginas":"24","subtitulo":"LETRA CURSIVA","orden":"0","portada":"0","idioma":"spa","booktrailer":"","resenas":"","editorial":[{"ID":148189,"post_author":"3","post_date":"2022-10-14 11:56:19","post_date_gmt":"2022-10-14 09:56:19","post_content":"","post_title":"GALERA, EDITORIAL","post_excerpt":"","post_status":"publish","comment_status":"closed","ping_status":"closed","post_password":"","post_name":"galera-editorial","to_ping":"","pinged":"","post_modified":"2022-10-14 11:56:19","post_modified_gmt":"2022-10-14 09:56:19","post_content_filtered":"","post_parent":0,"guid":"http:\/\/dev.claret.cat\/editorial\/galera-editorial\/","menu_order":0,"post_type":"editorial","post_mime_type":"","comment_count":"0","filter":"raw"}]},"aioseo_notices":[],"_links":{"self":[{"href":"https:\/\/www.claret.cat\/es\/wp-json\/wp\/v2\/product\/1087589","targetHints":{"allow":["GET"]}}],"collection":[{"href":"https:\/\/www.claret.cat\/es\/wp-json\/wp\/v2\/product"}],"about":[{"href":"https:\/\/www.claret.cat\/es\/wp-json\/wp\/v2\/types\/product"}],"wp:featuredmedia":[{"embeddable":true,"href":"https:\/\/www.claret.cat\/es\/wp-json\/wp\/v2\/media\/1087645"}],"wp:attachment":[{"href":"https:\/\/www.claret.cat\/es\/wp-json\/wp\/v2\/media?parent=1087589"}],"wp:term":[{"taxonomy":"product_brand","embeddable":true,"href":"https:\/\/www.claret.cat\/es\/wp-json\/wp\/v2\/product_brand?post=1087589"},{"taxonomy":"product_cat","embeddable":true,"href":"https:\/\/www.claret.cat\/es\/wp-json\/wp\/v2\/product_cat?post=1087589"},{"taxonomy":"product_tag","embeddable":true,"href":"https:\/\/www.claret.cat\/es\/wp-json\/wp\/v2\/product_tag?post=1087589"}],"curies":[{"name":"wp","href":"https:\/\/api.w.org\/{rel}","templated":true}]}}