{"id":1087592,"date":"2026-03-04T13:01:38","date_gmt":"2026-03-04T12:01:38","guid":{"rendered":"https:\/\/www.claret.cat\/llibre\/una-cronica-republicana-des-de-madrid-9791387961176\/"},"modified":"2026-03-04T13:10:46","modified_gmt":"2026-03-04T12:10:46","slug":"una-cronica-republicana-des-de-madrid-9791387961176","status":"publish","type":"product","link":"https:\/\/www.claret.cat\/es\/libro\/una-cronica-republicana-des-de-madrid-9791387961176\/","title":{"rendered":"UNA CR\u00d2NICA REPUBLICANA DES DE MADRID"},"content":{"rendered":"<p>M\u00e9s enll\u00e0 de records, aquesta cr\u00f2nica abasta els anys en qu\u00e8 Joan Tard\u00e0 va exercir com a diputat al Congr\u00e9s dels Diputats per Esquerra Republicana de Catalunya, de 2004 a 2019. A partir de notes esparses apuntades en agendes i del seu dietari personal, Tard\u00e0 repassa l\u2019activitat pol\u00edtica del republicanisme independentista a Madrid durant aquests anys, com es vivia i s\u2019entenia en cada moment, sense cap mena d\u2019interpretaci\u00f3 afegida. No es tracta d\u2019una relectura actual de les p\u00e0gines viscudes, sin\u00f3 de testimoniar fets viscuts, dels quals es poden extraure aprenentatges i conclusions per al present i per al futur immediat.<\/p>\n","protected":false},"excerpt":{"rendered":"<p>JOAN TARD\u00c0 I COMA<\/p>\n","protected":false},"featured_media":1087593,"template":"","meta":{"_acf_changed":false,"om_disable_all_campaigns":false,"rs_blank_template":"","rs_page_bg_color":"","slide_template_v7":"","inline_featured_image":false,"_monsterinsights_skip_tracking":false,"_monsterinsights_sitenote_active":false,"_monsterinsights_sitenote_note":"","_monsterinsights_sitenote_category":0},"product_brand":[],"product_cat":[549,99,430,153],"product_tag":[],"class_list":{"0":"post-1087592","1":"product","2":"type-product","3":"status-publish","4":"has-post-thumbnail","6":"product_cat-biografias","7":"product_cat-biografies","8":"product_cat-cataluna","9":"product_cat-catalunya","11":"first","12":"instock","13":"taxable","14":"shipping-taxable","15":"purchasable","16":"product-type-simple"},"acf":{"autor":"JOAN TARD\u00c0 I COMA","codart":"138796117","libros-coleccion":"","ediciones":"1","encuadernacion":"R\u00fastica","fecha_de_publicacion":"01\/03\/2026","novedad":"1","paginas":"800","subtitulo":"","orden":"0","portada":"0","idioma":"cat","booktrailer":"","resenas":"","editorial":[{"ID":6392,"post_author":"3","post_date":"2022-07-28 17:51:10","post_date_gmt":"2022-07-28 15:51:10","post_content":"","post_title":"Viena","post_excerpt":"","post_status":"publish","comment_status":"closed","ping_status":"closed","post_password":"","post_name":"viena","to_ping":"","pinged":"","post_modified":"2022-07-28 17:51:10","post_modified_gmt":"2022-07-28 15:51:10","post_content_filtered":"","post_parent":0,"guid":"http:\/\/dev.claret.cat\/editorial\/viena\/","menu_order":0,"post_type":"editorial","post_mime_type":"","comment_count":"0","filter":"raw"}]},"aioseo_notices":[],"_links":{"self":[{"href":"https:\/\/www.claret.cat\/es\/wp-json\/wp\/v2\/product\/1087592","targetHints":{"allow":["GET"]}}],"collection":[{"href":"https:\/\/www.claret.cat\/es\/wp-json\/wp\/v2\/product"}],"about":[{"href":"https:\/\/www.claret.cat\/es\/wp-json\/wp\/v2\/types\/product"}],"wp:featuredmedia":[{"embeddable":true,"href":"https:\/\/www.claret.cat\/es\/wp-json\/wp\/v2\/media\/1087593"}],"wp:attachment":[{"href":"https:\/\/www.claret.cat\/es\/wp-json\/wp\/v2\/media?parent=1087592"}],"wp:term":[{"taxonomy":"product_brand","embeddable":true,"href":"https:\/\/www.claret.cat\/es\/wp-json\/wp\/v2\/product_brand?post=1087592"},{"taxonomy":"product_cat","embeddable":true,"href":"https:\/\/www.claret.cat\/es\/wp-json\/wp\/v2\/product_cat?post=1087592"},{"taxonomy":"product_tag","embeddable":true,"href":"https:\/\/www.claret.cat\/es\/wp-json\/wp\/v2\/product_tag?post=1087592"}],"curies":[{"name":"wp","href":"https:\/\/api.w.org\/{rel}","templated":true}]}}