{"id":1087595,"date":"2026-03-04T13:01:59","date_gmt":"2026-03-04T12:01:59","guid":{"rendered":"https:\/\/www.claret.cat\/llibre\/els-meus-primers-sons-els-animals-de-la-selva-i-la-sabana-9791039530767\/"},"modified":"2026-03-04T14:30:28","modified_gmt":"2026-03-04T13:30:28","slug":"els-meus-primers-sons-els-animals-de-la-selva-i-la-sabana-9791039530767","status":"publish","type":"product","link":"https:\/\/www.claret.cat\/es\/libro\/els-meus-primers-sons-els-animals-de-la-selva-i-la-sabana-9791039530767\/","title":{"rendered":"ELS MEUS PRIMERS SONS. ELS ANIMALS DE LA SELVA I LA SABANA"},"content":{"rendered":"<p>Escolta i reconeix els crits del lle\u00f3, el ximpanz\u00e9, l&#8221;elefant, la zebra i el tuc\u00e0! 5 xips de so de llarga durada!<\/p>\n<p> Gaudeix una vegada i una altra dels sons dels animals de la selva I la sabana amb aquest llibre acuradament il\u00b7lustrat i els seus 5 mecanismes sonors de llarga durada.<\/p>\n<p> Inclou una \u00faltima doble p\u00e0gina que mostra tots els animals de la selva i la sabana presentats al llarg del llibre amb fotografies reals, perfectes per a estimular el desenvolupament del llenguatge i l&#8221;aprenentatge de vocabulari dels m\u00e9s petits de la casa!<\/p>\n<p> Fabricada en cart\u00f3 gruixut amb cantonades arrodonides i amb 5 sons per a recon\u00e8ixer, la col\u00b7lecci\u00f3 Les meves primeres imatges per a escoltar presenta precioses il\u00b7lustracions i cuidats sons per a gaudir i descobrir la naturalesa, els transports, els animals i les seves cries, o els instruments.<\/p>\n","protected":false},"excerpt":{"rendered":"<p>NOTAERT, AMANDINE<\/p>\n","protected":false},"featured_media":1087784,"template":"","meta":{"_acf_changed":false,"om_disable_all_campaigns":false,"rs_blank_template":"","rs_page_bg_color":"","slide_template_v7":"","inline_featured_image":false,"_monsterinsights_skip_tracking":false,"_monsterinsights_sitenote_active":false,"_monsterinsights_sitenote_note":"","_monsterinsights_sitenote_category":0},"product_brand":[],"product_cat":[131,361],"product_tag":[],"class_list":{"0":"post-1087595","1":"product","2":"type-product","3":"status-publish","4":"has-post-thumbnail","6":"product_cat-contes-per-infants-0-6-anys","7":"product_cat-cuentos-para-ninos-0-6-anos","9":"first","10":"instock","11":"taxable","12":"shipping-taxable","13":"purchasable","14":"product-type-simple"},"acf":{"autor":"NOTAERT, AMANDINE","codart":"103953076","libros-coleccion":"FORA DE COL.LECCI\u00d3","ediciones":"1","encuadernacion":"Carpeta","fecha_de_publicacion":"01\/02\/2023","novedad":"1","paginas":"6","subtitulo":"","orden":"0","portada":"0","idioma":"cat","booktrailer":"","resenas":"","editorial":[{"ID":1056500,"post_author":"3","post_date":"2025-10-01 13:20:59","post_date_gmt":"2025-10-01 11:20:59","post_content":"","post_title":"Planeta-De Agostini","post_excerpt":"","post_status":"publish","comment_status":"closed","ping_status":"closed","post_password":"","post_name":"planeta-de-agostini","to_ping":"","pinged":"","post_modified":"2025-10-01 13:20:59","post_modified_gmt":"2025-10-01 11:20:59","post_content_filtered":"","post_parent":0,"guid":"https:\/\/www.claret.cat\/editorial\/planeta-de-agostini\/","menu_order":0,"post_type":"editorial","post_mime_type":"","comment_count":"0","filter":"raw"}]},"aioseo_notices":[],"_links":{"self":[{"href":"https:\/\/www.claret.cat\/es\/wp-json\/wp\/v2\/product\/1087595","targetHints":{"allow":["GET"]}}],"collection":[{"href":"https:\/\/www.claret.cat\/es\/wp-json\/wp\/v2\/product"}],"about":[{"href":"https:\/\/www.claret.cat\/es\/wp-json\/wp\/v2\/types\/product"}],"wp:featuredmedia":[{"embeddable":true,"href":"https:\/\/www.claret.cat\/es\/wp-json\/wp\/v2\/media\/1087784"}],"wp:attachment":[{"href":"https:\/\/www.claret.cat\/es\/wp-json\/wp\/v2\/media?parent=1087595"}],"wp:term":[{"taxonomy":"product_brand","embeddable":true,"href":"https:\/\/www.claret.cat\/es\/wp-json\/wp\/v2\/product_brand?post=1087595"},{"taxonomy":"product_cat","embeddable":true,"href":"https:\/\/www.claret.cat\/es\/wp-json\/wp\/v2\/product_cat?post=1087595"},{"taxonomy":"product_tag","embeddable":true,"href":"https:\/\/www.claret.cat\/es\/wp-json\/wp\/v2\/product_tag?post=1087595"}],"curies":[{"name":"wp","href":"https:\/\/api.w.org\/{rel}","templated":true}]}}