{"id":1087598,"date":"2026-03-04T13:05:02","date_gmt":"2026-03-04T12:05:02","guid":{"rendered":"https:\/\/www.claret.cat\/llibre\/el-capibara-i-la-pellicula-mes-boja-del-mon-9788424676605\/"},"modified":"2026-03-04T13:11:05","modified_gmt":"2026-03-04T12:11:05","slug":"el-capibara-i-la-pellicula-mes-boja-del-mon-9788424676605","status":"publish","type":"product","link":"https:\/\/www.claret.cat\/es\/libro\/el-capibara-i-la-pellicula-mes-boja-del-mon-9788424676605\/","title":{"rendered":"EL CAPIBARA I LA PEL\u00b7L\u00cdCULA M\u00c9S BOJA DEL M\u00d3N"},"content":{"rendered":"<p>El Capibara i l\u2019Ai-ai viuen tranquils amb la seva botiga d\u2019abra\u00e7ades, fins que un dia apareix el Ping\u00fc\u00ed Macaroni, un director de cinema obsessionat amb fer la seva gran obra mestra. Conven\u00e7ut que l\u2019Ai-ai t\u00e9 \u201caquest no s\u00e9 qu\u00e8\u201d que la convertir\u00e0 en una estrella, la recluta per protagonitzar una pel\u00b7l\u00edcula plena de drames i acci\u00f3. <br \/> El rodatge, per\u00f2, aviat es converteix en un desprop\u00f2sit d\u2019humor i caos i escenes cada cop m\u00e9s absurdes. Mentre el Macaroni somia amb la gl\u00f2ria, el Capibara nom\u00e9s vol una bona abra\u00e7ada i una mica de calma.<br \/> Entre pets involuntaris, amistats inesperades i lli\u00e7ons sobre dir que \u201cno\u201d, els nostres protagonistes descobriran que la fama pot esperar\u2026<\/p>\n","protected":false},"excerpt":{"rendered":"<p>CARLA GRACIA MERCAD\u00c9<\/p>\n","protected":false},"featured_media":1087599,"template":"","meta":{"_acf_changed":false,"om_disable_all_campaigns":false,"rs_blank_template":"","rs_page_bg_color":"","slide_template_v7":"","inline_featured_image":false,"_monsterinsights_skip_tracking":false,"_monsterinsights_sitenote_active":false,"_monsterinsights_sitenote_note":"","_monsterinsights_sitenote_category":0},"product_brand":[],"product_cat":[131,361],"product_tag":[],"class_list":{"0":"post-1087598","1":"product","2":"type-product","3":"status-publish","4":"has-post-thumbnail","6":"product_cat-contes-per-infants-0-6-anys","7":"product_cat-cuentos-para-ninos-0-6-anos","9":"first","10":"instock","11":"taxable","12":"shipping-taxable","13":"purchasable","14":"product-type-simple"},"acf":{"autor":"CARLA GRACIA MERCAD\u00c9","codart":"842467660","libros-coleccion":"","ediciones":"1","encuadernacion":"Carton\u00e9","fecha_de_publicacion":"01\/03\/2026","novedad":"1","paginas":"62","subtitulo":"","orden":"0","portada":"0","idioma":"cat","booktrailer":"","resenas":"","editorial":[{"ID":148189,"post_author":"3","post_date":"2022-10-14 11:56:19","post_date_gmt":"2022-10-14 09:56:19","post_content":"","post_title":"GALERA, EDITORIAL","post_excerpt":"","post_status":"publish","comment_status":"closed","ping_status":"closed","post_password":"","post_name":"galera-editorial","to_ping":"","pinged":"","post_modified":"2022-10-14 11:56:19","post_modified_gmt":"2022-10-14 09:56:19","post_content_filtered":"","post_parent":0,"guid":"http:\/\/dev.claret.cat\/editorial\/galera-editorial\/","menu_order":0,"post_type":"editorial","post_mime_type":"","comment_count":"0","filter":"raw"}]},"aioseo_notices":[],"_links":{"self":[{"href":"https:\/\/www.claret.cat\/es\/wp-json\/wp\/v2\/product\/1087598","targetHints":{"allow":["GET"]}}],"collection":[{"href":"https:\/\/www.claret.cat\/es\/wp-json\/wp\/v2\/product"}],"about":[{"href":"https:\/\/www.claret.cat\/es\/wp-json\/wp\/v2\/types\/product"}],"wp:featuredmedia":[{"embeddable":true,"href":"https:\/\/www.claret.cat\/es\/wp-json\/wp\/v2\/media\/1087599"}],"wp:attachment":[{"href":"https:\/\/www.claret.cat\/es\/wp-json\/wp\/v2\/media?parent=1087598"}],"wp:term":[{"taxonomy":"product_brand","embeddable":true,"href":"https:\/\/www.claret.cat\/es\/wp-json\/wp\/v2\/product_brand?post=1087598"},{"taxonomy":"product_cat","embeddable":true,"href":"https:\/\/www.claret.cat\/es\/wp-json\/wp\/v2\/product_cat?post=1087598"},{"taxonomy":"product_tag","embeddable":true,"href":"https:\/\/www.claret.cat\/es\/wp-json\/wp\/v2\/product_tag?post=1087598"}],"curies":[{"name":"wp","href":"https:\/\/api.w.org\/{rel}","templated":true}]}}