{"id":108760,"date":"2022-10-12T09:50:37","date_gmt":"2022-10-12T07:50:37","guid":{"rendered":"http:\/\/dev.claret.cat\/producte\/los-ojos-de-la-oscuridad\/"},"modified":"2025-01-20T17:15:36","modified_gmt":"2025-01-20T16:15:36","slug":"los-ojos-de-la-oscuridad-9788491879749","status":"publish","type":"product","link":"https:\/\/www.claret.cat\/es\/libro\/los-ojos-de-la-oscuridad-9788491879749\/","title":{"rendered":"LOS OJOS DE LA OSCURIDAD"},"content":{"rendered":"<p>Despu\u00e9s de perder a su hijo en un accidente, Tina Evans empieza a resurgir de sus cenizas. Su carrera como directora de musicales es fulgurante y acaba de conocer a Elliot Stryker, un abogado con el que r\u00e1pidamente establece un v\u00ednculo \u00edntimo. Tan solo hay algo preocupante en su vida: alguien le deja extra\u00f1os mensajes que aseguran que su hijo Danny no est\u00e1 muerto. Tina quiere averiguar qui\u00e9n es capaz de hacer tal cosa y, con ayuda de Elliot, comienza a replantearse las circunstancias en las que el ni\u00f1o falleci\u00f3.Muy pronto ambos averiguan que hacer preguntas es peligroso. Ahora hay hombres que intentan matarlos y que est\u00e1n detr\u00e1s del enigm\u00e1tico Proyecto Pandora.La novela de un escritor visionario.<\/p>\n","protected":false},"excerpt":{"rendered":"<p>KOONTZ DEAN<\/p>\n","protected":false},"featured_media":108761,"template":"","meta":{"_acf_changed":false,"om_disable_all_campaigns":false,"rs_blank_template":"","rs_page_bg_color":"","slide_template_v7":"","inline_featured_image":false,"_monsterinsights_skip_tracking":false,"_monsterinsights_sitenote_active":false,"_monsterinsights_sitenote_note":"","_monsterinsights_sitenote_category":0},"product_brand":[],"product_cat":[127,357],"product_tag":[],"class_list":{"0":"post-108760","1":"product","2":"type-product","3":"status-publish","4":"has-post-thumbnail","6":"product_cat-novella-contemporania","7":"product_cat-novela-contemporanea","9":"first","10":"instock","11":"taxable","12":"shipping-taxable","13":"purchasable","14":"product-type-simple"},"acf":{"editorial":[{"ID":148734,"post_author":"3","post_date":"2022-10-14 12:00:33","post_date_gmt":"2022-10-14 10:00:33","post_content":"","post_title":"RBA Bolsillo","post_excerpt":"","post_status":"publish","comment_status":"closed","ping_status":"closed","post_password":"","post_name":"rba-bolsillo","to_ping":"","pinged":"","post_modified":"2022-10-14 12:00:33","post_modified_gmt":"2022-10-14 10:00:33","post_content_filtered":"","post_parent":0,"guid":"http:\/\/dev.claret.cat\/editorial\/rba-bolsillo\/","menu_order":0,"post_type":"editorial","post_mime_type":"","comment_count":"0","filter":"raw"}],"autor":"KOONTZ DEAN","codart":"849187974","libros-coleccion":"NOVELA POLIC\u00cdACA","ediciones":"1","encuadernacion":"Carton\u00e9","fecha_de_publicacion":"01\/04\/2020","novedad":"1","paginas":"362","subtitulo":"","orden":"0","portada":"0","idioma":"spa","autores-libros":[{"ID":161739,"post_author":"3","post_date":"2022-10-14 17:20:39","post_date_gmt":"2022-10-14 15:20:39","post_content":"","post_title":"KOONTZ DEAN","post_excerpt":"","post_status":"publish","comment_status":"closed","ping_status":"closed","post_password":"","post_name":"koontz-dean","to_ping":"","pinged":"","post_modified":"2022-10-14 17:20:39","post_modified_gmt":"2022-10-14 15:20:39","post_content_filtered":"","post_parent":0,"guid":"http:\/\/dev.claret.cat\/autor\/koontz-dean\/","menu_order":0,"post_type":"autor","post_mime_type":"","comment_count":"0","filter":"raw"}]},"aioseo_notices":[],"_links":{"self":[{"href":"https:\/\/www.claret.cat\/es\/wp-json\/wp\/v2\/product\/108760","targetHints":{"allow":["GET"]}}],"collection":[{"href":"https:\/\/www.claret.cat\/es\/wp-json\/wp\/v2\/product"}],"about":[{"href":"https:\/\/www.claret.cat\/es\/wp-json\/wp\/v2\/types\/product"}],"wp:featuredmedia":[{"embeddable":true,"href":"https:\/\/www.claret.cat\/es\/wp-json\/wp\/v2\/media\/108761"}],"wp:attachment":[{"href":"https:\/\/www.claret.cat\/es\/wp-json\/wp\/v2\/media?parent=108760"}],"wp:term":[{"taxonomy":"product_brand","embeddable":true,"href":"https:\/\/www.claret.cat\/es\/wp-json\/wp\/v2\/product_brand?post=108760"},{"taxonomy":"product_cat","embeddable":true,"href":"https:\/\/www.claret.cat\/es\/wp-json\/wp\/v2\/product_cat?post=108760"},{"taxonomy":"product_tag","embeddable":true,"href":"https:\/\/www.claret.cat\/es\/wp-json\/wp\/v2\/product_tag?post=108760"}],"curies":[{"name":"wp","href":"https:\/\/api.w.org\/{rel}","templated":true}]}}