{"id":1087613,"date":"2026-03-04T13:06:07","date_gmt":"2026-03-04T12:06:07","guid":{"rendered":"https:\/\/www.claret.cat\/llibre\/generacion-inquilina-9791399105988\/"},"modified":"2026-03-04T13:32:04","modified_gmt":"2026-03-04T12:32:04","slug":"generacion-inquilina-9791399105988","status":"publish","type":"product","link":"https:\/\/www.claret.cat\/es\/libro\/generacion-inquilina-9791399105988\/","title":{"rendered":"GENERACI\u00d3N INQUILINA"},"content":{"rendered":"<p>La vivienda se ha convertido en el principal activo financiero del capitalismo contempor\u00e1neo y en la base de un sistema rentista que obtiene sus beneficios no de producir, sino de poseer. En este modelo, la especulaci\u00f3n se convierte en el motor que sostiene la econom\u00eda. Los altos precios de la vivienda hacen que la mayor\u00eda de la poblaci\u00f3n ya no pueda acceder a una casa en propiedad. As\u00ed surge una nueva generaci\u00f3n: la generaci\u00f3n inquilina. Una generaci\u00f3n que vive de alquiler no por elecci\u00f3n, sino por exclusi\u00f3n. Da igual cu\u00e1nto estudie, cu\u00e1nto trabaje o cu\u00e1nto se esfuerce: su bienestar no depende del m\u00e9rito ni del salario, sino de la capacidad de heredar una vivienda. Este cambio marca el fin del sue\u00f1o de las clases medias y abre un nuevo escenario social, donde la vivienda en propiedad determina la posici\u00f3n en la jerarqu\u00eda econ\u00f3mica. Pero Generaci\u00f3n inquilina tambi\u00e9n es un libro de esperanza. Propone un horizonte de cambio y un nuevo paradigma de vivienda basado en el derecho a habitar, la justicia social y la democratizaci\u00f3n del territorio. Esta generaci\u00f3n, al vivir en el coraz\u00f3n de las contradicciones del sistema, es tambi\u00e9n la que puede transformarlo.<\/p>\n","protected":false},"excerpt":{"rendered":"<p>JAVIER GIL<\/p>\n","protected":false},"featured_media":1087614,"template":"","meta":{"_acf_changed":false,"om_disable_all_campaigns":false,"rs_blank_template":"","rs_page_bg_color":"","slide_template_v7":"","inline_featured_image":false,"_monsterinsights_skip_tracking":false,"_monsterinsights_sitenote_active":false,"_monsterinsights_sitenote_note":"","_monsterinsights_sitenote_category":0},"product_brand":[],"product_cat":[372,164,162,436],"product_tag":[],"class_list":{"0":"post-1087613","1":"product","2":"type-product","3":"status-publish","4":"has-post-thumbnail","6":"product_cat-derechos-humanos","7":"product_cat-drets-humans","8":"product_cat-economica-i-politica","9":"product_cat-economica-y-politica","11":"first","12":"instock","13":"taxable","14":"shipping-taxable","15":"purchasable","16":"product-type-simple"},"acf":{"autor":"JAVIER GIL","codart":"139910598","libros-coleccion":"","ediciones":"1","encuadernacion":"R\u00fastica","fecha_de_publicacion":"01\/03\/2026","novedad":"1","paginas":"240","subtitulo":"UN NUEVO PARADIGMA DE VIVIENDA PARA ACABAR CON LA DESIGUALDA","orden":"0","portada":"0","idioma":"spa","booktrailer":"","resenas":"","editorial":[{"ID":6153,"post_author":"3","post_date":"2022-07-28 17:46:01","post_date_gmt":"2022-07-28 15:46:01","post_content":"","post_title":"CAPITAN SWING LIBROS","post_excerpt":"","post_status":"publish","comment_status":"closed","ping_status":"closed","post_password":"","post_name":"capitan-swing-libros","to_ping":"","pinged":"","post_modified":"2022-07-28 17:46:01","post_modified_gmt":"2022-07-28 15:46:01","post_content_filtered":"","post_parent":0,"guid":"http:\/\/dev.claret.cat\/editorial\/capitan-swing-libros\/","menu_order":0,"post_type":"editorial","post_mime_type":"","comment_count":"0","filter":"raw"}]},"aioseo_notices":[],"_links":{"self":[{"href":"https:\/\/www.claret.cat\/es\/wp-json\/wp\/v2\/product\/1087613","targetHints":{"allow":["GET"]}}],"collection":[{"href":"https:\/\/www.claret.cat\/es\/wp-json\/wp\/v2\/product"}],"about":[{"href":"https:\/\/www.claret.cat\/es\/wp-json\/wp\/v2\/types\/product"}],"wp:featuredmedia":[{"embeddable":true,"href":"https:\/\/www.claret.cat\/es\/wp-json\/wp\/v2\/media\/1087614"}],"wp:attachment":[{"href":"https:\/\/www.claret.cat\/es\/wp-json\/wp\/v2\/media?parent=1087613"}],"wp:term":[{"taxonomy":"product_brand","embeddable":true,"href":"https:\/\/www.claret.cat\/es\/wp-json\/wp\/v2\/product_brand?post=1087613"},{"taxonomy":"product_cat","embeddable":true,"href":"https:\/\/www.claret.cat\/es\/wp-json\/wp\/v2\/product_cat?post=1087613"},{"taxonomy":"product_tag","embeddable":true,"href":"https:\/\/www.claret.cat\/es\/wp-json\/wp\/v2\/product_tag?post=1087613"}],"curies":[{"name":"wp","href":"https:\/\/api.w.org\/{rel}","templated":true}]}}