{"id":1087619,"date":"2026-03-04T13:10:26","date_gmt":"2026-03-04T12:10:26","guid":{"rendered":"https:\/\/www.claret.cat\/llibre\/libro-de-sonidos-chaikovski-9791039567374\/"},"modified":"2026-03-04T14:28:51","modified_gmt":"2026-03-04T13:28:51","slug":"libro-de-sonidos-chaikovski-9791039567374","status":"publish","type":"product","link":"https:\/\/www.claret.cat\/es\/libro\/libro-de-sonidos-chaikovski-9791039567374\/","title":{"rendered":"LIBRO DE SONIDOS. CHAIKOVSKI"},"content":{"rendered":"<p>Un libro sonoro para iniciarse en la m\u00fasica cl\u00e1sica: \u00a1emb\u00e1rcate en el descubrimiento del universo de Chaikovski!<br \/> 6 fragmentos sonoros: <\/p>\n<p>Vals de las flores<br \/>Romeo y Julieta<br \/>Trepak<br \/>Danza del hada de az\u00facar<br \/>La bella durmiente<br \/>El lago de los cisnes<\/p>\n<p>6 botones sonoros con una duraci\u00f3n excepcional<\/p>\n<p>Una calidad de sonido excelente<\/p>\n<p>Un bot\u00f3n de encendido\/apagado<\/p>\n<p>Pilas AAA para poder cambiarlas m\u00e1s f\u00e1cilmente<\/p>\n<p>\u00a1M\u00e1s de 2 minutos de escucha!<\/p>\n","protected":false},"excerpt":{"rendered":"<p>H\u00c9LO\u00cfSE MAB<\/p>\n","protected":false},"featured_media":1087777,"template":"","meta":{"_acf_changed":false,"om_disable_all_campaigns":false,"rs_blank_template":"","rs_page_bg_color":"","slide_template_v7":"","inline_featured_image":false,"_monsterinsights_skip_tracking":false,"_monsterinsights_sitenote_active":false,"_monsterinsights_sitenote_note":"","_monsterinsights_sitenote_category":0},"product_brand":[],"product_cat":[131,361],"product_tag":[],"class_list":{"0":"post-1087619","1":"product","2":"type-product","3":"status-publish","4":"has-post-thumbnail","6":"product_cat-contes-per-infants-0-6-anys","7":"product_cat-cuentos-para-ninos-0-6-anos","9":"first","10":"instock","11":"taxable","12":"shipping-taxable","13":"purchasable","14":"product-type-simple"},"acf":{"autor":"H\u00c9LO\u00cfSE MAB","codart":"103956737","libros-coleccion":"","ediciones":"1","encuadernacion":"Carton\u00e9","fecha_de_publicacion":"01\/11\/2025","novedad":"1","paginas":"6","subtitulo":"LIBROS DE SONIDOS","orden":"0","portada":"0","idioma":"spa","booktrailer":"","resenas":"","editorial":[{"ID":1056500,"post_author":"3","post_date":"2025-10-01 13:20:59","post_date_gmt":"2025-10-01 11:20:59","post_content":"","post_title":"Planeta-De Agostini","post_excerpt":"","post_status":"publish","comment_status":"closed","ping_status":"closed","post_password":"","post_name":"planeta-de-agostini","to_ping":"","pinged":"","post_modified":"2025-10-01 13:20:59","post_modified_gmt":"2025-10-01 11:20:59","post_content_filtered":"","post_parent":0,"guid":"https:\/\/www.claret.cat\/editorial\/planeta-de-agostini\/","menu_order":0,"post_type":"editorial","post_mime_type":"","comment_count":"0","filter":"raw"}]},"aioseo_notices":[],"_links":{"self":[{"href":"https:\/\/www.claret.cat\/es\/wp-json\/wp\/v2\/product\/1087619","targetHints":{"allow":["GET"]}}],"collection":[{"href":"https:\/\/www.claret.cat\/es\/wp-json\/wp\/v2\/product"}],"about":[{"href":"https:\/\/www.claret.cat\/es\/wp-json\/wp\/v2\/types\/product"}],"wp:featuredmedia":[{"embeddable":true,"href":"https:\/\/www.claret.cat\/es\/wp-json\/wp\/v2\/media\/1087777"}],"wp:attachment":[{"href":"https:\/\/www.claret.cat\/es\/wp-json\/wp\/v2\/media?parent=1087619"}],"wp:term":[{"taxonomy":"product_brand","embeddable":true,"href":"https:\/\/www.claret.cat\/es\/wp-json\/wp\/v2\/product_brand?post=1087619"},{"taxonomy":"product_cat","embeddable":true,"href":"https:\/\/www.claret.cat\/es\/wp-json\/wp\/v2\/product_cat?post=1087619"},{"taxonomy":"product_tag","embeddable":true,"href":"https:\/\/www.claret.cat\/es\/wp-json\/wp\/v2\/product_tag?post=1087619"}],"curies":[{"name":"wp","href":"https:\/\/api.w.org\/{rel}","templated":true}]}}