{"id":1087628,"date":"2026-03-04T13:15:15","date_gmt":"2026-03-04T12:15:15","guid":{"rendered":"https:\/\/www.claret.cat\/llibre\/llibre-de-sons-mozart-9791039575867\/"},"modified":"2026-03-04T14:31:48","modified_gmt":"2026-03-04T13:31:48","slug":"llibre-de-sons-mozart-9791039575867","status":"publish","type":"product","link":"https:\/\/www.claret.cat\/es\/libro\/llibre-de-sons-mozart-9791039575867\/","title":{"rendered":"LLIBRE DE SONS. MOZART"},"content":{"rendered":"<p>6 fragments sonors:<\/p>\n<p>Una petita m\u00fasica de nit<br \/>Marxa Turca<br \/>Les noces de F\u00edgaro<br \/>La reina de la nit<br \/>Requiem<br \/>Simfonia n\u00fam. 40<\/p>\n<p>El llibre cont\u00e9 un bot\u00f3 d\u2019encesa\/apagada (perqu\u00e8 duri m\u00e9s) i piles AAA (f\u00e0cils de canviar)!<\/p>\n","protected":false},"excerpt":{"rendered":"<p>ROCIO S\u00c1NCHEZ<\/p>\n","protected":false},"featured_media":1087795,"template":"","meta":{"_acf_changed":false,"om_disable_all_campaigns":false,"rs_blank_template":"","rs_page_bg_color":"","slide_template_v7":"","inline_featured_image":false,"_monsterinsights_skip_tracking":false,"_monsterinsights_sitenote_active":false,"_monsterinsights_sitenote_note":"","_monsterinsights_sitenote_category":0},"product_brand":[],"product_cat":[131,361],"product_tag":[],"class_list":{"0":"post-1087628","1":"product","2":"type-product","3":"status-publish","4":"has-post-thumbnail","6":"product_cat-contes-per-infants-0-6-anys","7":"product_cat-cuentos-para-ninos-0-6-anos","9":"first","10":"instock","11":"taxable","12":"shipping-taxable","13":"purchasable","14":"product-type-simple"},"acf":{"autor":"ROCIO S\u00c1NCHEZ","codart":"103957586","libros-coleccion":"","ediciones":"1","encuadernacion":"Carton\u00e9","fecha_de_publicacion":"01\/11\/2025","novedad":"1","paginas":"12","subtitulo":"LLIBRE DE SONS","orden":"0","portada":"0","idioma":"spa","booktrailer":"","resenas":"","editorial":[{"ID":1056500,"post_author":"3","post_date":"2025-10-01 13:20:59","post_date_gmt":"2025-10-01 11:20:59","post_content":"","post_title":"Planeta-De Agostini","post_excerpt":"","post_status":"publish","comment_status":"closed","ping_status":"closed","post_password":"","post_name":"planeta-de-agostini","to_ping":"","pinged":"","post_modified":"2025-10-01 13:20:59","post_modified_gmt":"2025-10-01 11:20:59","post_content_filtered":"","post_parent":0,"guid":"https:\/\/www.claret.cat\/editorial\/planeta-de-agostini\/","menu_order":0,"post_type":"editorial","post_mime_type":"","comment_count":"0","filter":"raw"}]},"aioseo_notices":[],"_links":{"self":[{"href":"https:\/\/www.claret.cat\/es\/wp-json\/wp\/v2\/product\/1087628","targetHints":{"allow":["GET"]}}],"collection":[{"href":"https:\/\/www.claret.cat\/es\/wp-json\/wp\/v2\/product"}],"about":[{"href":"https:\/\/www.claret.cat\/es\/wp-json\/wp\/v2\/types\/product"}],"wp:featuredmedia":[{"embeddable":true,"href":"https:\/\/www.claret.cat\/es\/wp-json\/wp\/v2\/media\/1087795"}],"wp:attachment":[{"href":"https:\/\/www.claret.cat\/es\/wp-json\/wp\/v2\/media?parent=1087628"}],"wp:term":[{"taxonomy":"product_brand","embeddable":true,"href":"https:\/\/www.claret.cat\/es\/wp-json\/wp\/v2\/product_brand?post=1087628"},{"taxonomy":"product_cat","embeddable":true,"href":"https:\/\/www.claret.cat\/es\/wp-json\/wp\/v2\/product_cat?post=1087628"},{"taxonomy":"product_tag","embeddable":true,"href":"https:\/\/www.claret.cat\/es\/wp-json\/wp\/v2\/product_tag?post=1087628"}],"curies":[{"name":"wp","href":"https:\/\/api.w.org\/{rel}","templated":true}]}}