{"id":108763,"date":"2022-10-12T09:50:40","date_gmt":"2022-10-12T07:50:40","guid":{"rendered":"http:\/\/dev.claret.cat\/producte\/resuelve-el-misterio-2-la-actriz-desaparecida\/"},"modified":"2025-04-07T12:07:58","modified_gmt":"2025-04-07T10:07:58","slug":"resuelve-el-misterio-2-la-actriz-desaparecida-9788427219595","status":"publish","type":"product","link":"https:\/\/www.claret.cat\/es\/libro\/resuelve-el-misterio-2-la-actriz-desaparecida-9788427219595\/","title":{"rendered":"\u00a1RESUELVE EL MISTERIO! 2. LA ACTRIZ DESAPARECIDA"},"content":{"rendered":"<p>La protagonista de una famosa serie de televisi\u00f3n ha desaparecido sin dejar rastro. \u00bfC\u00f3mo encontrarla cuando a cada paso de la investigaci\u00f3n surgen enigmas enrevesados, se desvelan secretos sorprendentes y deben tomarse decisiones peliagudas?Carlos est\u00e1 convencido de que esta es su oportunidad para lanzarse a investigar y demostrar a su madre que se ha convertido en todo un detective. Pero el tiempo se le acaba y necesitar\u00e1 tu colaboraci\u00f3n. \u00bfPodr\u00e1s ayudarle a encontrar a la actriz, capturar al culpable de su desaparici\u00f3n y salvar a sus amigos antes de que lo descubran?\u00a1T\u00fa decides a qu\u00e9 sospechosos interrogar, qu\u00e9 preguntas hacer y qu\u00e9 pistas seguir!<\/p>\n","protected":false},"excerpt":{"rendered":"<p>MAGAZINER LAUREN<\/p>\n","protected":false},"featured_media":108764,"template":"","meta":{"_acf_changed":false,"om_disable_all_campaigns":false,"rs_blank_template":"","rs_page_bg_color":"","slide_template_v7":"","inline_featured_image":false,"_monsterinsights_skip_tracking":false,"_monsterinsights_sitenote_active":false,"_monsterinsights_sitenote_note":"","_monsterinsights_sitenote_category":0},"product_brand":[],"product_cat":[132,362],"product_tag":[],"class_list":{"0":"post-108763","1":"product","2":"type-product","3":"status-publish","4":"has-post-thumbnail","6":"product_cat-lectures-per-preadolescents-6-12-anys","7":"product_cat-libros-preadolescentes-6-12-anos","9":"first","10":"instock","11":"taxable","12":"shipping-taxable","13":"purchasable","14":"product-type-simple"},"acf":{"editorial":[{"ID":6346,"post_author":"3","post_date":"2022-07-28 17:50:13","post_date_gmt":"2022-07-28 15:50:13","post_content":"","post_title":"RBA Molino","post_excerpt":"","post_status":"publish","comment_status":"closed","ping_status":"closed","post_password":"","post_name":"rba-molino","to_ping":"","pinged":"","post_modified":"2022-07-28 17:50:13","post_modified_gmt":"2022-07-28 15:50:13","post_content_filtered":"","post_parent":0,"guid":"http:\/\/dev.claret.cat\/editorial\/rba-molino\/","menu_order":0,"post_type":"editorial","post_mime_type":"","comment_count":"0","filter":"raw"}],"autor":"MAGAZINER LAUREN","codart":"842721959","libros-coleccion":"FICCI\u00d3N KIDS","ediciones":"1","encuadernacion":"Carton\u00e9","fecha_de_publicacion":"01\/03\/2020","novedad":"1","paginas":"512","subtitulo":"","orden":"0","portada":"0","idioma":"spa","autores-libros":[{"ID":162973,"post_author":"3","post_date":"2022-10-14 17:35:18","post_date_gmt":"2022-10-14 15:35:18","post_content":"","post_title":"MAGAZINER LAUREN","post_excerpt":"","post_status":"publish","comment_status":"closed","ping_status":"closed","post_password":"","post_name":"magaziner-lauren","to_ping":"","pinged":"","post_modified":"2022-10-14 17:35:18","post_modified_gmt":"2022-10-14 15:35:18","post_content_filtered":"","post_parent":0,"guid":"http:\/\/dev.claret.cat\/autor\/magaziner-lauren\/","menu_order":0,"post_type":"autor","post_mime_type":"","comment_count":"0","filter":"raw"}]},"aioseo_notices":[],"_links":{"self":[{"href":"https:\/\/www.claret.cat\/es\/wp-json\/wp\/v2\/product\/108763","targetHints":{"allow":["GET"]}}],"collection":[{"href":"https:\/\/www.claret.cat\/es\/wp-json\/wp\/v2\/product"}],"about":[{"href":"https:\/\/www.claret.cat\/es\/wp-json\/wp\/v2\/types\/product"}],"wp:featuredmedia":[{"embeddable":true,"href":"https:\/\/www.claret.cat\/es\/wp-json\/wp\/v2\/media\/108764"}],"wp:attachment":[{"href":"https:\/\/www.claret.cat\/es\/wp-json\/wp\/v2\/media?parent=108763"}],"wp:term":[{"taxonomy":"product_brand","embeddable":true,"href":"https:\/\/www.claret.cat\/es\/wp-json\/wp\/v2\/product_brand?post=108763"},{"taxonomy":"product_cat","embeddable":true,"href":"https:\/\/www.claret.cat\/es\/wp-json\/wp\/v2\/product_cat?post=108763"},{"taxonomy":"product_tag","embeddable":true,"href":"https:\/\/www.claret.cat\/es\/wp-json\/wp\/v2\/product_tag?post=108763"}],"curies":[{"name":"wp","href":"https:\/\/api.w.org\/{rel}","templated":true}]}}