{"id":1087637,"date":"2026-03-04T13:15:53","date_gmt":"2026-03-04T12:15:53","guid":{"rendered":"https:\/\/www.claret.cat\/llibre\/el-lloc-sagrat-9791399136210\/"},"modified":"2026-04-18T13:16:00","modified_gmt":"2026-04-18T11:16:00","slug":"el-lloc-sagrat-9791399136210","status":"publish","type":"product","link":"https:\/\/www.claret.cat\/es\/libro\/el-lloc-sagrat-9791399136210\/","title":{"rendered":"EL LLOC SAGRAT"},"content":{"rendered":"<p><em>El lloc sagrat<\/em> \u00e9s una exploraci\u00f3 espiritual i \u00edntima de <strong>Montserrat Dameson<\/strong>, que recorre diversis llocs importants en la seva vida. A trav\u00e9s d\u2019aquest trajecte, l\u2019autora <strong>comparteix la seva experi\u00e8ncia de fe<\/strong> i el seu creixement interior, <strong>des de la infantesa fins a la maduresa<\/strong>, en un di\u00e0leg constant amb <strong>la divinitat i la cerca de sentit<\/strong>.<\/p>\n<p>&nbsp;<\/p>\n","protected":false},"excerpt":{"rendered":"<p>MONTSERRAT DAMESON<\/p>\n","protected":false},"featured_media":1092814,"template":"","meta":{"_acf_changed":false,"om_disable_all_campaigns":false,"rs_blank_template":"","rs_page_bg_color":"","slide_template_v7":"","inline_featured_image":false,"_monsterinsights_skip_tracking":false,"_monsterinsights_sitenote_active":false,"_monsterinsights_sitenote_note":"","_monsterinsights_sitenote_category":0},"product_brand":[],"product_cat":[485,232,307,312,491,241,394,236],"product_tag":[],"class_list":{"0":"post-1087637","1":"product","2":"type-product","3":"status-publish","4":"has-post-thumbnail","6":"product_cat-autores-espiritualidad-1_espiritualidad","7":"product_cat-autors-espiritualitat","8":"product_cat-catala","9":"product_cat-portada","10":"product_cat-testimonios","11":"product_cat-testimonis","12":"product_cat-vida-cotidiana","13":"product_cat-vida-quotidiana","15":"first","16":"instock","17":"taxable","18":"shipping-taxable","19":"purchasable","20":"product-type-simple"},"acf":{"autor":"MONTSERRAT DAMESON","codart":"139913621","libros-coleccion":"","ediciones":"1","encuadernacion":"R\u00fastica","fecha_de_publicacion":"01\/02\/2026","novedad":"1","paginas":"143","subtitulo":"","orden":"3","portada":"1","idioma":"cat","booktrailer":"","resenas":"","editorial":[{"ID":6117,"post_author":"3","post_date":"2022-07-28 17:45:15","post_date_gmt":"2022-07-28 15:45:15","post_content":"","post_title":"Albada","post_excerpt":"","post_status":"publish","comment_status":"closed","ping_status":"closed","post_password":"","post_name":"albada","to_ping":"","pinged":"","post_modified":"2022-07-28 17:45:15","post_modified_gmt":"2022-07-28 15:45:15","post_content_filtered":"","post_parent":0,"guid":"http:\/\/dev.claret.cat\/editorial\/albada\/","menu_order":0,"post_type":"editorial","post_mime_type":"","comment_count":"0","filter":"raw"}],"linkebook":"","ficha":"","muestra":"","precioebook":"0","presentacion":""},"aioseo_notices":[],"_links":{"self":[{"href":"https:\/\/www.claret.cat\/es\/wp-json\/wp\/v2\/product\/1087637","targetHints":{"allow":["GET"]}}],"collection":[{"href":"https:\/\/www.claret.cat\/es\/wp-json\/wp\/v2\/product"}],"about":[{"href":"https:\/\/www.claret.cat\/es\/wp-json\/wp\/v2\/types\/product"}],"wp:featuredmedia":[{"embeddable":true,"href":"https:\/\/www.claret.cat\/es\/wp-json\/wp\/v2\/media\/1092814"}],"wp:attachment":[{"href":"https:\/\/www.claret.cat\/es\/wp-json\/wp\/v2\/media?parent=1087637"}],"wp:term":[{"taxonomy":"product_brand","embeddable":true,"href":"https:\/\/www.claret.cat\/es\/wp-json\/wp\/v2\/product_brand?post=1087637"},{"taxonomy":"product_cat","embeddable":true,"href":"https:\/\/www.claret.cat\/es\/wp-json\/wp\/v2\/product_cat?post=1087637"},{"taxonomy":"product_tag","embeddable":true,"href":"https:\/\/www.claret.cat\/es\/wp-json\/wp\/v2\/product_tag?post=1087637"}],"curies":[{"name":"wp","href":"https:\/\/api.w.org\/{rel}","templated":true}]}}