{"id":1087651,"date":"2026-03-04T13:26:17","date_gmt":"2026-03-04T12:26:17","guid":{"rendered":"https:\/\/www.claret.cat\/llibre\/un-mag-de-terramar-novella-grafica-9788410487482\/"},"modified":"2026-03-30T13:20:52","modified_gmt":"2026-03-30T11:20:52","slug":"un-mag-de-terramar-novella-grafica-9788410487482","status":"publish","type":"product","link":"https:\/\/www.claret.cat\/es\/libro\/un-mag-de-terramar-novella-grafica-9788410487482\/","title":{"rendered":"UN MAG DE TERRAMAR (NOVEL\u00b7LA GR\u00c0FICA)"},"content":{"rendered":"<p>La novel\u00b7la gr\u00e0fica del primer llibre del cicle de Terramar. &#8216;Un mag de Terramar&#8217;, per primer cop en format de c\u00f2mic.<\/p>\n<p>En Ged \u00e9s un nen que t\u00e9 una gran habilitat en les arts m\u00e0giques de Terramar, que s\u2019articulen coneixent els noms veritables de les coses. El seu poder i ambici\u00f3 creixen, i el seu mestre decideix enviar-lo d\u2019adolescent a l\u2019escola de mags de Terramar. En Ged mostra grans habilitats a l\u2019escola, per\u00f2 la vanitat i la rebel\u00b7lia no l\u2019ajuden a adaptar-s\u2019hi; \u00e9s massa conscient que posseeix un gran poder. En un duel m\u00e0gic per resoldre una discussi\u00f3 amb un company d\u2019escola, en Ged allibera una criatura de la foscor que l\u2019ataca i el persegueix. Creu que nom\u00e9s pot fugir-ne i travessar\u00e0 mitja Terramar per alliberar-se\u2019n. Per\u00f2 de qu\u00e8 fuig, en realitat?<\/p>\n","protected":false},"excerpt":{"rendered":"<p>URSULA K. LE GUIN<\/p>\n","protected":false},"featured_media":1088123,"template":"","meta":{"_acf_changed":false,"om_disable_all_campaigns":false,"rs_blank_template":"","rs_page_bg_color":"","slide_template_v7":"","inline_featured_image":false,"_monsterinsights_skip_tracking":false,"_monsterinsights_sitenote_active":false,"_monsterinsights_sitenote_note":"","_monsterinsights_sitenote_category":0},"product_brand":[],"product_cat":[108,558],"product_tag":[],"class_list":{"0":"post-1087651","1":"product","2":"type-product","3":"status-publish","4":"has-post-thumbnail","6":"product_cat-comic","7":"product_cat-comic-3_infantil-juvenil-spa-spa","9":"first","10":"instock","11":"taxable","12":"shipping-taxable","13":"purchasable","14":"product-type-simple"},"acf":{"autor":"URSULA K. LE GUIN","codart":"841048748","libros-coleccion":"","ediciones":"1","encuadernacion":"Carton\u00e9","fecha_de_publicacion":"01\/03\/2026","novedad":"1","paginas":"288","subtitulo":"","orden":"0","portada":"0","idioma":"cat","booktrailer":"","resenas":"","editorial":[{"ID":148732,"post_author":"3","post_date":"2022-10-14 12:00:33","post_date_gmt":"2022-10-14 10:00:33","post_content":"","post_title":"RAYO VERDE EDITORIAL","post_excerpt":"","post_status":"publish","comment_status":"closed","ping_status":"closed","post_password":"","post_name":"rayo-verde-editorial","to_ping":"","pinged":"","post_modified":"2022-10-14 12:00:33","post_modified_gmt":"2022-10-14 10:00:33","post_content_filtered":"","post_parent":0,"guid":"http:\/\/dev.claret.cat\/editorial\/rayo-verde-editorial\/","menu_order":0,"post_type":"editorial","post_mime_type":"","comment_count":"0","filter":"raw"}]},"aioseo_notices":[],"_links":{"self":[{"href":"https:\/\/www.claret.cat\/es\/wp-json\/wp\/v2\/product\/1087651","targetHints":{"allow":["GET"]}}],"collection":[{"href":"https:\/\/www.claret.cat\/es\/wp-json\/wp\/v2\/product"}],"about":[{"href":"https:\/\/www.claret.cat\/es\/wp-json\/wp\/v2\/types\/product"}],"wp:featuredmedia":[{"embeddable":true,"href":"https:\/\/www.claret.cat\/es\/wp-json\/wp\/v2\/media\/1088123"}],"wp:attachment":[{"href":"https:\/\/www.claret.cat\/es\/wp-json\/wp\/v2\/media?parent=1087651"}],"wp:term":[{"taxonomy":"product_brand","embeddable":true,"href":"https:\/\/www.claret.cat\/es\/wp-json\/wp\/v2\/product_brand?post=1087651"},{"taxonomy":"product_cat","embeddable":true,"href":"https:\/\/www.claret.cat\/es\/wp-json\/wp\/v2\/product_cat?post=1087651"},{"taxonomy":"product_tag","embeddable":true,"href":"https:\/\/www.claret.cat\/es\/wp-json\/wp\/v2\/product_tag?post=1087651"}],"curies":[{"name":"wp","href":"https:\/\/api.w.org\/{rel}","templated":true}]}}