{"id":1087654,"date":"2026-03-04T13:26:31","date_gmt":"2026-03-04T12:26:31","guid":{"rendered":"https:\/\/www.claret.cat\/llibre\/mentirosos-9791399056488\/"},"modified":"2026-03-27T16:45:13","modified_gmt":"2026-03-27T15:45:13","slug":"mentirosos-9791399056488","status":"publish","type":"product","link":"https:\/\/www.claret.cat\/es\/libro\/mentirosos-9791399056488\/","title":{"rendered":"MENTIROSOS"},"content":{"rendered":"<p>Jane, la narradora de esta novela, es una escritora con un futuro prometedor que cree haber encontrado al compa\u00f1ero ideal cuando conoce a John, un aspirante a cineasta encantador y aparentemente devoto. Lo que comienza como un romance arrollador y una promesa de vida creativa compartida en Nueva York pronto revela sus primeras grietas. Mentirosos narra la corrosiva transformaci\u00f3n de este idilio en una trampa dom\u00e9stica asfixiante, donde la admiraci\u00f3n mutua da paso a una din\u00e1mica de explotaci\u00f3n sistem\u00e1tica. Con una prosa afilada y el\u00edptica, Sarah Manguso traslada a la ficci\u00f3n los rasgos formales que han definido toda su obra: la precisi\u00f3n extrema, el uso del silencio y una atenci\u00f3n implacable a los efectos del tiempo sobre el cuerpo, el amor y el trabajo.<\/p>\n","protected":false},"excerpt":{"rendered":"<p>MANGUSO, SARAH<\/p>\n","protected":false},"featured_media":1087993,"template":"","meta":{"_acf_changed":false,"om_disable_all_campaigns":false,"rs_blank_template":"","rs_page_bg_color":"","slide_template_v7":"","inline_featured_image":false,"_monsterinsights_skip_tracking":false,"_monsterinsights_sitenote_active":false,"_monsterinsights_sitenote_note":"","_monsterinsights_sitenote_category":0},"product_brand":[],"product_cat":[127,357],"product_tag":[],"class_list":{"0":"post-1087654","1":"product","2":"type-product","3":"status-publish","4":"has-post-thumbnail","6":"product_cat-novella-contemporania","7":"product_cat-novela-contemporanea","9":"first","10":"instock","11":"taxable","12":"shipping-taxable","13":"purchasable","14":"product-type-simple"},"acf":{"autor":"MANGUSO, SARAH","codart":"139905648","libros-coleccion":"","ediciones":"1","encuadernacion":"R\u00fastica","fecha_de_publicacion":"01\/03\/2026","novedad":"1","paginas":"256","subtitulo":"","orden":"0","portada":"0","idioma":"spa","booktrailer":"","resenas":"","editorial":[{"ID":147920,"post_author":"3","post_date":"2022-10-14 11:54:15","post_date_gmt":"2022-10-14 09:54:15","post_content":"","post_title":"EDITORIAL ALPHA DECAY","post_excerpt":"","post_status":"publish","comment_status":"closed","ping_status":"closed","post_password":"","post_name":"editorial-alpha-decay","to_ping":"","pinged":"","post_modified":"2022-10-14 11:54:15","post_modified_gmt":"2022-10-14 09:54:15","post_content_filtered":"","post_parent":0,"guid":"http:\/\/dev.claret.cat\/editorial\/editorial-alpha-decay\/","menu_order":0,"post_type":"editorial","post_mime_type":"","comment_count":"0","filter":"raw"}]},"aioseo_notices":[],"_links":{"self":[{"href":"https:\/\/www.claret.cat\/es\/wp-json\/wp\/v2\/product\/1087654","targetHints":{"allow":["GET"]}}],"collection":[{"href":"https:\/\/www.claret.cat\/es\/wp-json\/wp\/v2\/product"}],"about":[{"href":"https:\/\/www.claret.cat\/es\/wp-json\/wp\/v2\/types\/product"}],"wp:featuredmedia":[{"embeddable":true,"href":"https:\/\/www.claret.cat\/es\/wp-json\/wp\/v2\/media\/1087993"}],"wp:attachment":[{"href":"https:\/\/www.claret.cat\/es\/wp-json\/wp\/v2\/media?parent=1087654"}],"wp:term":[{"taxonomy":"product_brand","embeddable":true,"href":"https:\/\/www.claret.cat\/es\/wp-json\/wp\/v2\/product_brand?post=1087654"},{"taxonomy":"product_cat","embeddable":true,"href":"https:\/\/www.claret.cat\/es\/wp-json\/wp\/v2\/product_cat?post=1087654"},{"taxonomy":"product_tag","embeddable":true,"href":"https:\/\/www.claret.cat\/es\/wp-json\/wp\/v2\/product_tag?post=1087654"}],"curies":[{"name":"wp","href":"https:\/\/api.w.org\/{rel}","templated":true}]}}