{"id":1087660,"date":"2026-03-04T13:27:17","date_gmt":"2026-03-04T12:27:17","guid":{"rendered":"https:\/\/www.claret.cat\/llibre\/las-sombras-de-la-noche-9788410424456\/"},"modified":"2026-03-05T11:56:10","modified_gmt":"2026-03-05T10:56:10","slug":"las-sombras-de-la-noche-9788410424456","status":"publish","type":"product","link":"https:\/\/www.claret.cat\/es\/libro\/las-sombras-de-la-noche-9788410424456\/","title":{"rendered":"LAS SOMBRAS DE LA NOCHE"},"content":{"rendered":"<p>Vuelve la gran revelaci\u00f3n del escandinoir<\/p>\n<p> Una casa envuelta en llamas. Un joven muerto en su propio dormitorio. Lo que parec\u00eda un accidente dom\u00e9stico pronto se revela como un incendio provocado. Y, cuando la agente Elma examina los \u00faltimos movimientos del chico, surge la inquietante posibilidad de que no est\u00e9n ante un crimen aislado.<\/p>\n<p> Reci\u00e9n llegada a Islandia, Lise empieza a trabajar en casa de un matrimonio que, en apariencia, lleva una vida normal. Pero, con el paso de los d\u00edas, la convivencia va dejando al descubierto gestos y silencios inquietantes. Su historia, sin embargo, termina de un modo que nadie consigue explicar\u2026 Hasta que la polic\u00eda empieza a tirar del hilo.<\/p>\n<p> A medida que la investigaci\u00f3n avanza, Elma se ve arrastrada a una situaci\u00f3n cada vez m\u00e1s peligrosa: alguien est\u00e1 dispuesto a todo para que los secretos sigan ocultos entre las sombras.<\/p>\n<p> De la autora ganadora de los premios:<br \/> CWA New Blood Dagger<br \/> Storytel a la mejor novela negra<br \/> Blackbird a la mejor novela negra islandesa<\/p>\n","protected":false},"excerpt":{"rendered":"<p>EVA BJ\u00d6RG<\/p>\n","protected":false},"featured_media":1088127,"template":"","meta":{"_acf_changed":false,"om_disable_all_campaigns":false,"rs_blank_template":"","rs_page_bg_color":"","slide_template_v7":"","inline_featured_image":false,"_monsterinsights_skip_tracking":false,"_monsterinsights_sitenote_active":false,"_monsterinsights_sitenote_note":"","_monsterinsights_sitenote_category":0},"product_brand":[],"product_cat":[127,357],"product_tag":[],"class_list":{"0":"post-1087660","1":"product","2":"type-product","3":"status-publish","4":"has-post-thumbnail","6":"product_cat-novella-contemporania","7":"product_cat-novela-contemporanea","9":"first","10":"instock","11":"taxable","12":"shipping-taxable","13":"purchasable","14":"product-type-simple"},"acf":{"autor":"EVA BJ\u00d6RG","codart":"841042445","libros-coleccion":"","ediciones":"1","encuadernacion":"R\u00fastica","fecha_de_publicacion":"01\/03\/2026","novedad":"1","paginas":"360","subtitulo":"","orden":"0","portada":"0","idioma":"spa","booktrailer":"","resenas":"","editorial":[{"ID":148695,"post_author":"3","post_date":"2022-10-14 12:00:16","post_date_gmt":"2022-10-14 10:00:16","post_content":"","post_title":"PRINCIPAL DE LOS LIBROS","post_excerpt":"","post_status":"publish","comment_status":"closed","ping_status":"closed","post_password":"","post_name":"principal-de-los-libros","to_ping":"","pinged":"","post_modified":"2022-10-14 12:00:16","post_modified_gmt":"2022-10-14 10:00:16","post_content_filtered":"","post_parent":0,"guid":"http:\/\/dev.claret.cat\/editorial\/principal-de-los-libros\/","menu_order":0,"post_type":"editorial","post_mime_type":"","comment_count":"0","filter":"raw"}]},"aioseo_notices":[],"_links":{"self":[{"href":"https:\/\/www.claret.cat\/es\/wp-json\/wp\/v2\/product\/1087660","targetHints":{"allow":["GET"]}}],"collection":[{"href":"https:\/\/www.claret.cat\/es\/wp-json\/wp\/v2\/product"}],"about":[{"href":"https:\/\/www.claret.cat\/es\/wp-json\/wp\/v2\/types\/product"}],"wp:featuredmedia":[{"embeddable":true,"href":"https:\/\/www.claret.cat\/es\/wp-json\/wp\/v2\/media\/1088127"}],"wp:attachment":[{"href":"https:\/\/www.claret.cat\/es\/wp-json\/wp\/v2\/media?parent=1087660"}],"wp:term":[{"taxonomy":"product_brand","embeddable":true,"href":"https:\/\/www.claret.cat\/es\/wp-json\/wp\/v2\/product_brand?post=1087660"},{"taxonomy":"product_cat","embeddable":true,"href":"https:\/\/www.claret.cat\/es\/wp-json\/wp\/v2\/product_cat?post=1087660"},{"taxonomy":"product_tag","embeddable":true,"href":"https:\/\/www.claret.cat\/es\/wp-json\/wp\/v2\/product_tag?post=1087660"}],"curies":[{"name":"wp","href":"https:\/\/api.w.org\/{rel}","templated":true}]}}