{"id":1087666,"date":"2026-03-04T13:30:19","date_gmt":"2026-03-04T12:30:19","guid":{"rendered":"https:\/\/www.claret.cat\/llibre\/tres-desitjos-9791387834296\/"},"modified":"2026-03-04T15:46:09","modified_gmt":"2026-03-04T14:46:09","slug":"tres-desitjos-9791387834296","status":"publish","type":"product","link":"https:\/\/www.claret.cat\/es\/libro\/tres-desitjos-9791387834296\/","title":{"rendered":"TRES DESITJOS"},"content":{"rendered":"<p>Un dia a l\u2019any els desitjos volen i, si et trien, es compleixen. Al Conill mai n\u2019hi havia tocat cap, per\u00f2 avui n\u2019hi han concedit tres! Pregunta a l\u2019Ossa, la Ratolina i la Guineu, els seus amics, qu\u00e8 desitgen per veure si les seves idees l\u2019ajuden a decidir-se. El Conill enumera els desitjos dels seus amics, per\u00f2 es queda sense cap desig per a ell&#8230; Est\u00e0 molt trist, perqu\u00e8 encara no ha descobert que pensar en els altres et pot portar moltes coses bones.<\/p>\n","protected":false},"excerpt":{"rendered":"<p>CHRIS SAUNDERS<\/p>\n","protected":false},"featured_media":1087841,"template":"","meta":{"_acf_changed":false,"om_disable_all_campaigns":false,"rs_blank_template":"","rs_page_bg_color":"","slide_template_v7":"","inline_featured_image":false,"_monsterinsights_skip_tracking":false,"_monsterinsights_sitenote_active":false,"_monsterinsights_sitenote_note":"","_monsterinsights_sitenote_category":0},"product_brand":[],"product_cat":[131,361],"product_tag":[],"class_list":{"0":"post-1087666","1":"product","2":"type-product","3":"status-publish","4":"has-post-thumbnail","6":"product_cat-contes-per-infants-0-6-anys","7":"product_cat-cuentos-para-ninos-0-6-anos","9":"first","10":"instock","11":"taxable","12":"shipping-taxable","13":"purchasable","14":"product-type-simple"},"acf":{"autor":"CHRIS SAUNDERS","codart":"138783429","libros-coleccion":"FORA DE COL.LECCI\u00d3","ediciones":"1","encuadernacion":"Carton\u00e9","fecha_de_publicacion":"01\/02\/2026","novedad":"1","paginas":"40","subtitulo":"","orden":"0","portada":"0","idioma":"cat","booktrailer":"","resenas":"","editorial":[{"ID":148592,"post_author":"3","post_date":"2022-10-14 11:59:27","post_date_gmt":"2022-10-14 09:59:27","post_content":"","post_title":"NUBEOCHO","post_excerpt":"","post_status":"publish","comment_status":"closed","ping_status":"closed","post_password":"","post_name":"nubeocho","to_ping":"","pinged":"","post_modified":"2022-10-14 11:59:27","post_modified_gmt":"2022-10-14 09:59:27","post_content_filtered":"","post_parent":0,"guid":"http:\/\/dev.claret.cat\/editorial\/nubeocho\/","menu_order":0,"post_type":"editorial","post_mime_type":"","comment_count":"0","filter":"raw"}]},"aioseo_notices":[],"_links":{"self":[{"href":"https:\/\/www.claret.cat\/es\/wp-json\/wp\/v2\/product\/1087666","targetHints":{"allow":["GET"]}}],"collection":[{"href":"https:\/\/www.claret.cat\/es\/wp-json\/wp\/v2\/product"}],"about":[{"href":"https:\/\/www.claret.cat\/es\/wp-json\/wp\/v2\/types\/product"}],"wp:featuredmedia":[{"embeddable":true,"href":"https:\/\/www.claret.cat\/es\/wp-json\/wp\/v2\/media\/1087841"}],"wp:attachment":[{"href":"https:\/\/www.claret.cat\/es\/wp-json\/wp\/v2\/media?parent=1087666"}],"wp:term":[{"taxonomy":"product_brand","embeddable":true,"href":"https:\/\/www.claret.cat\/es\/wp-json\/wp\/v2\/product_brand?post=1087666"},{"taxonomy":"product_cat","embeddable":true,"href":"https:\/\/www.claret.cat\/es\/wp-json\/wp\/v2\/product_cat?post=1087666"},{"taxonomy":"product_tag","embeddable":true,"href":"https:\/\/www.claret.cat\/es\/wp-json\/wp\/v2\/product_tag?post=1087666"}],"curies":[{"name":"wp","href":"https:\/\/api.w.org\/{rel}","templated":true}]}}