{"id":1087682,"date":"2026-03-04T13:45:45","date_gmt":"2026-03-04T12:45:45","guid":{"rendered":"https:\/\/www.claret.cat\/llibre\/quanta-terra-necessita-una-persona-3a-ed-9791387969387\/"},"modified":"2026-03-04T16:30:46","modified_gmt":"2026-03-04T15:30:46","slug":"quanta-terra-necessita-una-persona-3a-ed-9791387969387","status":"publish","type":"product","link":"https:\/\/www.claret.cat\/es\/libro\/quanta-terra-necessita-una-persona-3a-ed-9791387969387\/","title":{"rendered":"QUANTA TERRA NECESSITA UNA PERSONA (3A ED.)"},"content":{"rendered":"<p>Si el conte que dona t\u00edtol a aquesta antologia ha estat considerat el millor de la hist\u00f2ria de la literatura per lectors com James Joyce, cal parar-hi atenci\u00f3. Lev Tolstoi, en tot cas, \u00e9s una figura tan enorme que no necessita gaires floretes, i la seva narrativa breu va molt m\u00e9s enll\u00e0 d\u2019aquest emblema. En aquest recull hi trobem contes tan referencials com \u00abLa hist\u00f2ria d\u2019un cavall\u00bb i \u00abDespr\u00e9s del ball\u00bb, i tamb\u00e9 peces prou desconegudes, com les \u00abDues versions diferents de la hist\u00f2ria d\u2019un rusc amb el sostre d\u2019escor\u00e7a de til\u00b7ler\u00bb. Sis contes per emmarcar amb la traducci\u00f3 que ens mereixem.<\/p>\n","protected":false},"excerpt":{"rendered":"<p>LEV TOLSTOI<\/p>\n","protected":false},"featured_media":1087683,"template":"","meta":{"_acf_changed":false,"om_disable_all_campaigns":false,"rs_blank_template":"","rs_page_bg_color":"","slide_template_v7":"","inline_featured_image":false,"_monsterinsights_skip_tracking":false,"_monsterinsights_sitenote_active":false,"_monsterinsights_sitenote_note":"","_monsterinsights_sitenote_category":0},"product_brand":[],"product_cat":[354,123],"product_tag":[],"class_list":{"0":"post-1087682","1":"product","2":"type-product","3":"status-publish","4":"has-post-thumbnail","6":"product_cat-clasica","7":"product_cat-classica","9":"first","10":"instock","11":"taxable","12":"shipping-taxable","13":"purchasable","14":"product-type-simple"},"acf":{"autor":"LEV TOLSTOI","codart":"138796938","libros-coleccion":"","ediciones":"1","encuadernacion":"R\u00fastica","fecha_de_publicacion":"01\/03\/2026","novedad":"1","paginas":"258","subtitulo":"ANTOLOGIA DE CONTES","orden":"0","portada":"0","idioma":"cat","booktrailer":"","resenas":"","editorial":[{"ID":6222,"post_author":"3","post_date":"2022-07-28 17:47:31","post_date_gmt":"2022-07-28 15:47:31","post_content":"","post_title":"Editorial Comanegra","post_excerpt":"","post_status":"publish","comment_status":"closed","ping_status":"closed","post_password":"","post_name":"editorial-comanegra","to_ping":"","pinged":"","post_modified":"2022-07-28 17:47:31","post_modified_gmt":"2022-07-28 15:47:31","post_content_filtered":"","post_parent":0,"guid":"http:\/\/dev.claret.cat\/editorial\/editorial-comanegra\/","menu_order":0,"post_type":"editorial","post_mime_type":"","comment_count":"0","filter":"raw"}]},"aioseo_notices":[],"_links":{"self":[{"href":"https:\/\/www.claret.cat\/es\/wp-json\/wp\/v2\/product\/1087682","targetHints":{"allow":["GET"]}}],"collection":[{"href":"https:\/\/www.claret.cat\/es\/wp-json\/wp\/v2\/product"}],"about":[{"href":"https:\/\/www.claret.cat\/es\/wp-json\/wp\/v2\/types\/product"}],"wp:featuredmedia":[{"embeddable":true,"href":"https:\/\/www.claret.cat\/es\/wp-json\/wp\/v2\/media\/1087683"}],"wp:attachment":[{"href":"https:\/\/www.claret.cat\/es\/wp-json\/wp\/v2\/media?parent=1087682"}],"wp:term":[{"taxonomy":"product_brand","embeddable":true,"href":"https:\/\/www.claret.cat\/es\/wp-json\/wp\/v2\/product_brand?post=1087682"},{"taxonomy":"product_cat","embeddable":true,"href":"https:\/\/www.claret.cat\/es\/wp-json\/wp\/v2\/product_cat?post=1087682"},{"taxonomy":"product_tag","embeddable":true,"href":"https:\/\/www.claret.cat\/es\/wp-json\/wp\/v2\/product_tag?post=1087682"}],"curies":[{"name":"wp","href":"https:\/\/api.w.org\/{rel}","templated":true}]}}