{"id":1087685,"date":"2026-03-04T13:46:30","date_gmt":"2026-03-04T12:46:30","guid":{"rendered":"https:\/\/www.claret.cat\/llibre\/peixos-9788473295093\/"},"modified":"2026-04-15T18:45:06","modified_gmt":"2026-04-15T16:45:06","slug":"peixos-9788473295093","status":"publish","type":"product","link":"https:\/\/www.claret.cat\/es\/libro\/peixos-9788473295093\/","title":{"rendered":"PEIXOS"},"content":{"rendered":"<p>Cada nova obra <strong>Baltasar ausculta les pulsions de la vida actual<\/strong>, de la maternitat a l&#8217;habitatge. Aquesta ocasi\u00f3 ens fa assistir a<strong> una hist\u00f2ria d&#8217;amor<\/strong>. De la m\u00e0 de l&#8217;escriptora entrem a la casa encantada de la Vict\u00f2ria. <strong>La passi\u00f3 creix i creix<\/strong> com un embriac que puja una escala a les palpentes \u2014fins que es precipita al buit. En aquesta novel\u00b7la l&#8217;enamorament i la bellesa van acompanyats d&#8217;una <strong>sensaci\u00f3 d&#8217;extrem perill<\/strong>.<\/p>\n","protected":false},"excerpt":{"rendered":"<p>EVA BALTASAR<\/p>\n","protected":false},"featured_media":1088706,"template":"","meta":{"_acf_changed":false,"om_disable_all_campaigns":false,"rs_blank_template":"","rs_page_bg_color":"","slide_template_v7":"","inline_featured_image":false,"_monsterinsights_skip_tracking":false,"_monsterinsights_sitenote_active":false,"_monsterinsights_sitenote_note":"","_monsterinsights_sitenote_category":0},"product_brand":[],"product_cat":[307,127,357,312],"product_tag":[],"class_list":{"0":"post-1087685","1":"product","2":"type-product","3":"status-publish","4":"has-post-thumbnail","6":"product_cat-catala","7":"product_cat-novella-contemporania","8":"product_cat-novela-contemporanea","9":"product_cat-portada","11":"first","12":"instock","13":"taxable","14":"shipping-taxable","15":"purchasable","16":"product-type-simple"},"acf":{"autor":"EVA BALTASAR","codart":"847329509","libros-coleccion":"","ediciones":"1","encuadernacion":"R\u00fastica","fecha_de_publicacion":"01\/03\/2026","novedad":"1","paginas":"218","subtitulo":"","orden":"5","portada":"1","idioma":"cat","booktrailer":"","resenas":"","editorial":[{"ID":6163,"post_author":"3","post_date":"2022-07-28 17:46:15","post_date_gmt":"2022-07-28 15:46:15","post_content":"","post_title":"CLUB EDITOR","post_excerpt":"","post_status":"publish","comment_status":"closed","ping_status":"closed","post_password":"","post_name":"club-editor","to_ping":"","pinged":"","post_modified":"2022-07-28 17:46:15","post_modified_gmt":"2022-07-28 15:46:15","post_content_filtered":"","post_parent":0,"guid":"http:\/\/dev.claret.cat\/editorial\/club-editor\/","menu_order":0,"post_type":"editorial","post_mime_type":"","comment_count":"0","filter":"raw"}],"linkebook":"","ficha":"","muestra":"","precioebook":"0","presentacion":""},"aioseo_notices":[],"_links":{"self":[{"href":"https:\/\/www.claret.cat\/es\/wp-json\/wp\/v2\/product\/1087685","targetHints":{"allow":["GET"]}}],"collection":[{"href":"https:\/\/www.claret.cat\/es\/wp-json\/wp\/v2\/product"}],"about":[{"href":"https:\/\/www.claret.cat\/es\/wp-json\/wp\/v2\/types\/product"}],"wp:featuredmedia":[{"embeddable":true,"href":"https:\/\/www.claret.cat\/es\/wp-json\/wp\/v2\/media\/1088706"}],"wp:attachment":[{"href":"https:\/\/www.claret.cat\/es\/wp-json\/wp\/v2\/media?parent=1087685"}],"wp:term":[{"taxonomy":"product_brand","embeddable":true,"href":"https:\/\/www.claret.cat\/es\/wp-json\/wp\/v2\/product_brand?post=1087685"},{"taxonomy":"product_cat","embeddable":true,"href":"https:\/\/www.claret.cat\/es\/wp-json\/wp\/v2\/product_cat?post=1087685"},{"taxonomy":"product_tag","embeddable":true,"href":"https:\/\/www.claret.cat\/es\/wp-json\/wp\/v2\/product_tag?post=1087685"}],"curies":[{"name":"wp","href":"https:\/\/api.w.org\/{rel}","templated":true}]}}