{"id":1087710,"date":"2026-03-04T14:00:06","date_gmt":"2026-03-04T13:00:06","guid":{"rendered":"https:\/\/www.claret.cat\/llibre\/no-la-dejes-sola-9788410323742\/"},"modified":"2026-04-13T14:01:47","modified_gmt":"2026-04-13T12:01:47","slug":"no-la-dejes-sola-9788410323742","status":"publish","type":"product","link":"https:\/\/www.claret.cat\/es\/libro\/no-la-dejes-sola-9788410323742\/","title":{"rendered":"NO LA DEJES SOLA"},"content":{"rendered":"<p>Un debut arrollador y cat\u00e1rtico sobre los v\u00ednculos familiares asfixiantes, escrito desde las tripas y con un humor cotidiano que sorprende. Una novela sugestiva y profundamente libre.<\/p>\n<p>Alba tiene una vida normal. Tres hijos, un coche, una hipoteca, un marido que lo intenta. Y una madre y una hermana con las que comparte un amor infinito. Pero hay algo que no funciona. Y es que Alba tiene un miedo terrible a quedarse sola. Para ignorarlo, pasa horas al tel\u00e9fono con su madre y su hermana. <\/p>\n<p>Acosada por ese miedo, tiene los ojos en carne viva. Sabe que algo est\u00e1 a punto de estallar. Hasta que una Nochebuena se queda encerrada en un centro comercial cuando todo el mundo ya se ha ido. Fuera, su madre y su hermana la buscan en vano. <\/p>\n<p>Dentro, todo lo que Alba ha intentado enterrar durante tantos a\u00f1os lucha, imparable, por salir a la superficie. Despu\u00e9s de esto ya nada ser\u00e1 igual.<\/p>\n<p>\u00abUna visi\u00f3n del horror que duele por su honestidad y emociona por su belleza\u00bb.<br \/> J. A. BAYONA<\/p>\n<p>\u00abAmor intenso, purpurina y ansiedad, entre el realismo suburbano y el cuento de hadas. Llena de ternura y delirio. Genial.\u00bb<br \/> MARIANA ENRIQUEZ<\/p>\n","protected":false},"excerpt":{"rendered":"<p>DESIR\u00c9E DE FEZ<\/p>\n","protected":false},"featured_media":1087711,"template":"","meta":{"_acf_changed":false,"om_disable_all_campaigns":false,"rs_blank_template":"","rs_page_bg_color":"","slide_template_v7":"","inline_featured_image":false,"_monsterinsights_skip_tracking":false,"_monsterinsights_sitenote_active":false,"_monsterinsights_sitenote_note":"","_monsterinsights_sitenote_category":0},"product_brand":[],"product_cat":[127,357],"product_tag":[],"class_list":{"0":"post-1087710","1":"product","2":"type-product","3":"status-publish","4":"has-post-thumbnail","6":"product_cat-novella-contemporania","7":"product_cat-novela-contemporanea","9":"first","10":"instock","11":"taxable","12":"shipping-taxable","13":"purchasable","14":"product-type-simple"},"acf":{"autor":"DESIR\u00c9E DE FEZ","codart":"841032374","libros-coleccion":"","ediciones":"1","encuadernacion":"Carton\u00e9","fecha_de_publicacion":"01\/03\/2026","novedad":"1","paginas":"224","subtitulo":"","orden":"0","portada":"0","idioma":"spa","booktrailer":"","resenas":"","editorial":[{"ID":6146,"post_author":"3","post_date":"2022-07-28 17:45:52","post_date_gmt":"2022-07-28 15:45:52","post_content":"","post_title":"Blackie Books","post_excerpt":"","post_status":"publish","comment_status":"closed","ping_status":"closed","post_password":"","post_name":"blackie-books","to_ping":"","pinged":"","post_modified":"2022-07-28 17:45:52","post_modified_gmt":"2022-07-28 15:45:52","post_content_filtered":"","post_parent":0,"guid":"http:\/\/dev.claret.cat\/editorial\/blackie-books\/","menu_order":0,"post_type":"editorial","post_mime_type":"","comment_count":"0","filter":"raw"}]},"aioseo_notices":[],"_links":{"self":[{"href":"https:\/\/www.claret.cat\/es\/wp-json\/wp\/v2\/product\/1087710","targetHints":{"allow":["GET"]}}],"collection":[{"href":"https:\/\/www.claret.cat\/es\/wp-json\/wp\/v2\/product"}],"about":[{"href":"https:\/\/www.claret.cat\/es\/wp-json\/wp\/v2\/types\/product"}],"wp:featuredmedia":[{"embeddable":true,"href":"https:\/\/www.claret.cat\/es\/wp-json\/wp\/v2\/media\/1087711"}],"wp:attachment":[{"href":"https:\/\/www.claret.cat\/es\/wp-json\/wp\/v2\/media?parent=1087710"}],"wp:term":[{"taxonomy":"product_brand","embeddable":true,"href":"https:\/\/www.claret.cat\/es\/wp-json\/wp\/v2\/product_brand?post=1087710"},{"taxonomy":"product_cat","embeddable":true,"href":"https:\/\/www.claret.cat\/es\/wp-json\/wp\/v2\/product_cat?post=1087710"},{"taxonomy":"product_tag","embeddable":true,"href":"https:\/\/www.claret.cat\/es\/wp-json\/wp\/v2\/product_tag?post=1087710"}],"curies":[{"name":"wp","href":"https:\/\/api.w.org\/{rel}","templated":true}]}}