{"id":1087715,"date":"2026-03-04T14:00:37","date_gmt":"2026-03-04T13:00:37","guid":{"rendered":"https:\/\/www.claret.cat\/llibre\/los-herederos-de-la-codicia-9788411329835\/"},"modified":"2026-03-04T16:34:06","modified_gmt":"2026-03-04T15:34:06","slug":"los-herederos-de-la-codicia-9788411329835","status":"publish","type":"product","link":"https:\/\/www.claret.cat\/es\/libro\/los-herederos-de-la-codicia-9788411329835\/","title":{"rendered":"LOS HEREDEROS DE LA CODICIA"},"content":{"rendered":"<p>UNA HERENCIA MILLONARIA. UN AMOR DEL PASADO.\u00a0UNA AMBICI\u00d3N SIN L\u00cdMITES.Barcelona, 2022. La familia Torras-Miralles ha vivido generaci\u00f3n\u00a0tras generaci\u00f3n en el privilegio, pero el equilibrio\u00a0que sostiene su mundo empieza a resquebrajarse.\u00a0Carles, el patriarca, enfermo y consciente de que su tiempo\u00a0se agota, decide enfrentarse a los fantasmas del pasado.\u00a0El amor que nunca olvid\u00f3 ser\u00e1 el detonante de una\u00a0cadena de revelaciones que pondr\u00e1 en jaque a toda la\u00a0familia.Mientras sus sobrinos se disputan una herencia que creen\u00a0merecer, Carmen, una joven cuidadora ajena a ese universo,\u00a0se ve arrastrada al centro de una historia que no\u00a0es la suya, pero que acabar\u00e1 transform\u00e1ndola. Con la\u00a0complicidad de la fiel Maite, que ha dedicado toda su vida\u00a0a la familia Torras-Miralles, y guiadas por lo que fue y lo\u00a0que a\u00fan puede ser, abrir\u00e1n las puertas que otros llevan\u00a0a\u00f1os intentando mantener cerradas. Porque hay familias\u00a0que solo se entienden cuando se atreven a mirar atr\u00e1s.<\/p>\n","protected":false},"excerpt":{"rendered":"<p>BRUGU\u00c9S MITJANS PRUNERA<\/p>\n","protected":false},"featured_media":1087724,"template":"","meta":{"_acf_changed":false,"om_disable_all_campaigns":false,"rs_blank_template":"","rs_page_bg_color":"","slide_template_v7":"","inline_featured_image":false,"_monsterinsights_skip_tracking":false,"_monsterinsights_sitenote_active":false,"_monsterinsights_sitenote_note":"","_monsterinsights_sitenote_category":0},"product_brand":[],"product_cat":[127,357],"product_tag":[],"class_list":{"0":"post-1087715","1":"product","2":"type-product","3":"status-publish","4":"has-post-thumbnail","6":"product_cat-novella-contemporania","7":"product_cat-novela-contemporanea","9":"first","10":"instock","11":"taxable","12":"shipping-taxable","13":"purchasable","14":"product-type-simple"},"acf":{"autor":"BRUGU\u00c9S MITJANS PRUNERA","codart":"841132983","libros-coleccion":"","ediciones":"1","encuadernacion":"R\u00fastica","fecha_de_publicacion":"01\/03\/2026","novedad":"1","paginas":"258","subtitulo":"","orden":"0","portada":"0","idioma":"spa","booktrailer":"","resenas":"","editorial":[{"ID":148737,"post_author":"3","post_date":"2022-10-14 12:00:35","post_date_gmt":"2022-10-14 10:00:35","post_content":"","post_title":"RBA Libros","post_excerpt":"","post_status":"publish","comment_status":"closed","ping_status":"closed","post_password":"","post_name":"rba-libros","to_ping":"","pinged":"","post_modified":"2022-10-14 12:00:35","post_modified_gmt":"2022-10-14 10:00:35","post_content_filtered":"","post_parent":0,"guid":"http:\/\/dev.claret.cat\/editorial\/rba-libros\/","menu_order":0,"post_type":"editorial","post_mime_type":"","comment_count":"0","filter":"raw"}]},"aioseo_notices":[],"_links":{"self":[{"href":"https:\/\/www.claret.cat\/es\/wp-json\/wp\/v2\/product\/1087715","targetHints":{"allow":["GET"]}}],"collection":[{"href":"https:\/\/www.claret.cat\/es\/wp-json\/wp\/v2\/product"}],"about":[{"href":"https:\/\/www.claret.cat\/es\/wp-json\/wp\/v2\/types\/product"}],"wp:featuredmedia":[{"embeddable":true,"href":"https:\/\/www.claret.cat\/es\/wp-json\/wp\/v2\/media\/1087724"}],"wp:attachment":[{"href":"https:\/\/www.claret.cat\/es\/wp-json\/wp\/v2\/media?parent=1087715"}],"wp:term":[{"taxonomy":"product_brand","embeddable":true,"href":"https:\/\/www.claret.cat\/es\/wp-json\/wp\/v2\/product_brand?post=1087715"},{"taxonomy":"product_cat","embeddable":true,"href":"https:\/\/www.claret.cat\/es\/wp-json\/wp\/v2\/product_cat?post=1087715"},{"taxonomy":"product_tag","embeddable":true,"href":"https:\/\/www.claret.cat\/es\/wp-json\/wp\/v2\/product_tag?post=1087715"}],"curies":[{"name":"wp","href":"https:\/\/api.w.org\/{rel}","templated":true}]}}