{"id":1087721,"date":"2026-03-04T14:05:31","date_gmt":"2026-03-04T13:05:31","guid":{"rendered":"https:\/\/www.claret.cat\/llibre\/els-hereus-de-la-cobdicia-9788411329842\/"},"modified":"2026-03-04T16:34:19","modified_gmt":"2026-03-04T15:34:19","slug":"els-hereus-de-la-cobdicia-9788411329842","status":"publish","type":"product","link":"https:\/\/www.claret.cat\/es\/libro\/els-hereus-de-la-cobdicia-9788411329842\/","title":{"rendered":"ELS HEREUS DE LA COBD\u00cdCIA"},"content":{"rendered":"<p>UNA HER\u00c8NCIA MILION\u00c0RIA. UN AMOR DEL PASSAT. UNA AMBICI\u00d3 SENSE L\u00cdMITS. Barcelona, 2022. La fam\u00edlia Torras-Miralles ha viscut generaci\u00f3 rere generaci\u00f3 en el privilegi, per\u00f2 l\u2019equilibri que sost\u00e9 el seu m\u00f3n comen\u00e7a a esquerdar-se. Carles, el patriarca, malalt i conscient que el seu temps s\u2019acaba, decideix enfrontar-se als fantasmes del passat. L\u2019amor que mai no va oblidar ser\u00e0 el detonant d\u2019una cadena de revelacions que posar\u00e0 en escac tota la fam\u00edlia.Mentre els seus nebots es disputen una her\u00e8ncia que creuen mer\u00e8ixer, la Carmen, una jove cuidadora aliena a aquest univers, es veur\u00e0 arrossegada al centre d\u2019una hist\u00f2ria que no \u00e9s la seva, per\u00f2 que acabar\u00e0 transformant-la. Amb la complicitat de la fidel Maite, que ha dedicat tota la seva vida a la fam\u00edlia Torras-Miralles, i guiades pel que va ser i pel que encara pot ser, obriran les portes que altres fa anys que intenten mantenir tancades. Perqu\u00e8 hi ha fam\u00edlies que nom\u00e9s s\u2019entenen quan s\u2019atreveixen a mirar enrere.<\/p>\n","protected":false},"excerpt":{"rendered":"<p>BRUGU\u00c9S MITJANS PRUNERA<\/p>\n","protected":false},"featured_media":1087722,"template":"","meta":{"_acf_changed":false,"om_disable_all_campaigns":false,"rs_blank_template":"","rs_page_bg_color":"","slide_template_v7":"","inline_featured_image":false,"_monsterinsights_skip_tracking":false,"_monsterinsights_sitenote_active":false,"_monsterinsights_sitenote_note":"","_monsterinsights_sitenote_category":0},"product_brand":[],"product_cat":[127,357],"product_tag":[],"class_list":{"0":"post-1087721","1":"product","2":"type-product","3":"status-publish","4":"has-post-thumbnail","6":"product_cat-novella-contemporania","7":"product_cat-novela-contemporanea","9":"first","10":"instock","11":"taxable","12":"shipping-taxable","13":"purchasable","14":"product-type-simple"},"acf":{"autor":"BRUGU\u00c9S MITJANS PRUNERA","codart":"841132984","libros-coleccion":"","ediciones":"1","encuadernacion":"R\u00fastica","fecha_de_publicacion":"01\/03\/2026","novedad":"1","paginas":"258","subtitulo":"","orden":"0","portada":"0","idioma":"cat","booktrailer":"","resenas":"","editorial":[{"ID":148737,"post_author":"3","post_date":"2022-10-14 12:00:35","post_date_gmt":"2022-10-14 10:00:35","post_content":"","post_title":"RBA Libros","post_excerpt":"","post_status":"publish","comment_status":"closed","ping_status":"closed","post_password":"","post_name":"rba-libros","to_ping":"","pinged":"","post_modified":"2022-10-14 12:00:35","post_modified_gmt":"2022-10-14 10:00:35","post_content_filtered":"","post_parent":0,"guid":"http:\/\/dev.claret.cat\/editorial\/rba-libros\/","menu_order":0,"post_type":"editorial","post_mime_type":"","comment_count":"0","filter":"raw"}]},"aioseo_notices":[],"_links":{"self":[{"href":"https:\/\/www.claret.cat\/es\/wp-json\/wp\/v2\/product\/1087721","targetHints":{"allow":["GET"]}}],"collection":[{"href":"https:\/\/www.claret.cat\/es\/wp-json\/wp\/v2\/product"}],"about":[{"href":"https:\/\/www.claret.cat\/es\/wp-json\/wp\/v2\/types\/product"}],"wp:featuredmedia":[{"embeddable":true,"href":"https:\/\/www.claret.cat\/es\/wp-json\/wp\/v2\/media\/1087722"}],"wp:attachment":[{"href":"https:\/\/www.claret.cat\/es\/wp-json\/wp\/v2\/media?parent=1087721"}],"wp:term":[{"taxonomy":"product_brand","embeddable":true,"href":"https:\/\/www.claret.cat\/es\/wp-json\/wp\/v2\/product_brand?post=1087721"},{"taxonomy":"product_cat","embeddable":true,"href":"https:\/\/www.claret.cat\/es\/wp-json\/wp\/v2\/product_cat?post=1087721"},{"taxonomy":"product_tag","embeddable":true,"href":"https:\/\/www.claret.cat\/es\/wp-json\/wp\/v2\/product_tag?post=1087721"}],"curies":[{"name":"wp","href":"https:\/\/api.w.org\/{rel}","templated":true}]}}