{"id":1087732,"date":"2026-03-04T14:15:15","date_gmt":"2026-03-04T13:15:15","guid":{"rendered":"https:\/\/www.claret.cat\/llibre\/el-manuscrito-maldito-cozy-mystery-9788410206922\/"},"modified":"2026-03-23T19:00:27","modified_gmt":"2026-03-23T18:00:27","slug":"el-manuscrito-maldito-cozy-mystery-9788410206922","status":"publish","type":"product","link":"https:\/\/www.claret.cat\/es\/libro\/el-manuscrito-maldito-cozy-mystery-9788410206922\/","title":{"rendered":"EL MANUSCRITO MALDITO (COZY MYSTERY)"},"content":{"rendered":"<p>Molly Kimball, la copropietaria de una de las librer\u00edas m\u00e1s exclusivas de Cambridge, acepta catalogar la biblioteca de la mansi\u00f3n familiar de su novio Kieran. Una de sus joyas es El manuscrito maldito, una novela g\u00f3tica de Selwyn Scott, un supuesto ancestro de Kieran. Adem\u00e1s, Oliver, primo de Kieran y fundador del Instituto de Literatura G\u00f3tica, le encarga a Molly averiguar qui\u00e9n fue Selwyn Scott en realidad.<br \/> Pero durante la celebraci\u00f3n de la noche de la hogueras un alumno aparece muerto y el ejemplar de El manuscrito maldito desaparece. \u00bfY si el libro est\u00e1 realmente maldito y mata a quien lo posee? La b\u00fasqueda del culpable se con-funde con la de la autor\u00eda de la obra desaparecida, como si Molly estuviera en una novela g\u00f3tica.<\/p>\n","protected":false},"excerpt":{"rendered":"<p>ELIZABETH PENNEY<\/p>\n","protected":false},"featured_media":1087733,"template":"","meta":{"_acf_changed":false,"om_disable_all_campaigns":false,"rs_blank_template":"","rs_page_bg_color":"","slide_template_v7":"","inline_featured_image":false,"_monsterinsights_skip_tracking":false,"_monsterinsights_sitenote_active":false,"_monsterinsights_sitenote_note":"","_monsterinsights_sitenote_category":0},"product_brand":[],"product_cat":[127,357],"product_tag":[],"class_list":{"0":"post-1087732","1":"product","2":"type-product","3":"status-publish","4":"has-post-thumbnail","6":"product_cat-novella-contemporania","7":"product_cat-novela-contemporanea","9":"first","10":"instock","11":"taxable","12":"shipping-taxable","13":"purchasable","14":"product-type-simple"},"acf":{"autor":"ELIZABETH PENNEY","codart":"841020692","libros-coleccion":"","ediciones":"1","encuadernacion":"R\u00fastica","fecha_de_publicacion":"01\/03\/2026","novedad":"1","paginas":"336","subtitulo":"","orden":"0","portada":"0","idioma":"spa","booktrailer":"","resenas":"","editorial":[{"ID":147918,"post_author":"3","post_date":"2022-10-14 11:54:14","post_date_gmt":"2022-10-14 09:54:14","post_content":"","post_title":"Editorial Alma","post_excerpt":"","post_status":"publish","comment_status":"closed","ping_status":"closed","post_password":"","post_name":"editorial-alma-2","to_ping":"","pinged":"","post_modified":"2022-10-14 11:54:14","post_modified_gmt":"2022-10-14 09:54:14","post_content_filtered":"","post_parent":0,"guid":"http:\/\/dev.claret.cat\/editorial\/editorial-alma-2\/","menu_order":0,"post_type":"editorial","post_mime_type":"","comment_count":"0","filter":"raw"}]},"aioseo_notices":[],"_links":{"self":[{"href":"https:\/\/www.claret.cat\/es\/wp-json\/wp\/v2\/product\/1087732","targetHints":{"allow":["GET"]}}],"collection":[{"href":"https:\/\/www.claret.cat\/es\/wp-json\/wp\/v2\/product"}],"about":[{"href":"https:\/\/www.claret.cat\/es\/wp-json\/wp\/v2\/types\/product"}],"wp:featuredmedia":[{"embeddable":true,"href":"https:\/\/www.claret.cat\/es\/wp-json\/wp\/v2\/media\/1087733"}],"wp:attachment":[{"href":"https:\/\/www.claret.cat\/es\/wp-json\/wp\/v2\/media?parent=1087732"}],"wp:term":[{"taxonomy":"product_brand","embeddable":true,"href":"https:\/\/www.claret.cat\/es\/wp-json\/wp\/v2\/product_brand?post=1087732"},{"taxonomy":"product_cat","embeddable":true,"href":"https:\/\/www.claret.cat\/es\/wp-json\/wp\/v2\/product_cat?post=1087732"},{"taxonomy":"product_tag","embeddable":true,"href":"https:\/\/www.claret.cat\/es\/wp-json\/wp\/v2\/product_tag?post=1087732"}],"curies":[{"name":"wp","href":"https:\/\/api.w.org\/{rel}","templated":true}]}}