{"id":1087748,"date":"2026-03-04T14:20:48","date_gmt":"2026-03-04T13:20:48","guid":{"rendered":"https:\/\/www.claret.cat\/llibre\/carrie-9791399156928\/"},"modified":"2026-03-20T14:32:16","modified_gmt":"2026-03-20T13:32:16","slug":"carrie-9791399156928","status":"publish","type":"product","link":"https:\/\/www.claret.cat\/es\/libro\/carrie-9791399156928\/","title":{"rendered":"CARRIE"},"content":{"rendered":"<p>La Carrie \u00e9s la marginada de l\u2019institut, una noia t\u00edmida i poqueta cosa, atormentada per l\u2019assetjament a que la sotmeten els companys. Per\u00f2 quan arriba a casa, lluny de tenir un lloc on refugiar-se, la Carrie ha de suportar els maltractes d\u2019una mare estricta i inestable que, a m\u00e9s, \u00e9s una fan\u00e0tica religiosa. Fins que un dia, en un episodi de bullying, la Carrie descobreix que t\u00e9 un do, un poder que li permet expressar la r\u00e0bia i la frustraci\u00f3 que li provoca el seu entorn, i que desencadenar\u00e0 un aut\u00e8ntic malson entre els habitants de la poblaci\u00f3 de Chamberlain.<\/p>\n<p> Carrie va ser la primera novel\u00b7la que va publicar Stephen King i el va convertir, autom\u00e0ticament, en un dels mestres de la literatura de terror de tots els temps, a m\u00e9s de convertir-se en un \u00e8xit mundial sense precedents.<\/p>\n","protected":false},"excerpt":{"rendered":"<p>STEPHEN KING<\/p>\n","protected":false},"featured_media":1087749,"template":"","meta":{"_acf_changed":false,"om_disable_all_campaigns":false,"rs_blank_template":"","rs_page_bg_color":"","slide_template_v7":"","inline_featured_image":false,"_monsterinsights_skip_tracking":false,"_monsterinsights_sitenote_active":false,"_monsterinsights_sitenote_note":"","_monsterinsights_sitenote_category":0},"product_brand":[],"product_cat":[127,357],"product_tag":[],"class_list":{"0":"post-1087748","1":"product","2":"type-product","3":"status-publish","4":"has-post-thumbnail","6":"product_cat-novella-contemporania","7":"product_cat-novela-contemporanea","9":"first","10":"instock","11":"taxable","12":"shipping-taxable","13":"purchasable","14":"product-type-simple"},"acf":{"autor":"STEPHEN KING","codart":"139915692","libros-coleccion":"","ediciones":"1","encuadernacion":"R\u00fastica","fecha_de_publicacion":"01\/03\/2026","novedad":"1","paginas":"266","subtitulo":"","orden":"0","portada":"0","idioma":"cat","booktrailer":"","resenas":"","editorial":[{"ID":6230,"post_author":"3","post_date":"2022-07-28 17:47:42","post_date_gmt":"2022-07-28 15:47:42","post_content":"","post_title":"Editorial Males Herbes","post_excerpt":"","post_status":"publish","comment_status":"closed","ping_status":"closed","post_password":"","post_name":"editorial-males-herbes","to_ping":"","pinged":"","post_modified":"2022-07-28 17:47:42","post_modified_gmt":"2022-07-28 15:47:42","post_content_filtered":"","post_parent":0,"guid":"http:\/\/dev.claret.cat\/editorial\/editorial-males-herbes\/","menu_order":0,"post_type":"editorial","post_mime_type":"","comment_count":"0","filter":"raw"}]},"aioseo_notices":[],"_links":{"self":[{"href":"https:\/\/www.claret.cat\/es\/wp-json\/wp\/v2\/product\/1087748","targetHints":{"allow":["GET"]}}],"collection":[{"href":"https:\/\/www.claret.cat\/es\/wp-json\/wp\/v2\/product"}],"about":[{"href":"https:\/\/www.claret.cat\/es\/wp-json\/wp\/v2\/types\/product"}],"wp:featuredmedia":[{"embeddable":true,"href":"https:\/\/www.claret.cat\/es\/wp-json\/wp\/v2\/media\/1087749"}],"wp:attachment":[{"href":"https:\/\/www.claret.cat\/es\/wp-json\/wp\/v2\/media?parent=1087748"}],"wp:term":[{"taxonomy":"product_brand","embeddable":true,"href":"https:\/\/www.claret.cat\/es\/wp-json\/wp\/v2\/product_brand?post=1087748"},{"taxonomy":"product_cat","embeddable":true,"href":"https:\/\/www.claret.cat\/es\/wp-json\/wp\/v2\/product_cat?post=1087748"},{"taxonomy":"product_tag","embeddable":true,"href":"https:\/\/www.claret.cat\/es\/wp-json\/wp\/v2\/product_tag?post=1087748"}],"curies":[{"name":"wp","href":"https:\/\/api.w.org\/{rel}","templated":true}]}}