{"id":1087754,"date":"2026-03-04T14:21:28","date_gmt":"2026-03-04T13:21:28","guid":{"rendered":"https:\/\/www.claret.cat\/llibre\/nubes-9788410380141\/"},"modified":"2026-03-20T14:32:55","modified_gmt":"2026-03-20T13:32:55","slug":"nubes-9788410380141","status":"publish","type":"product","link":"https:\/\/www.claret.cat\/es\/libro\/nubes-9788410380141\/","title":{"rendered":"NUBES"},"content":{"rendered":"<p>El misterio de las nubes ha cautivado tanto a cient\u00edficos como a artistas. Este libro te muestra c\u00f3mo utilizar las t\u00e9cnicas meteorol\u00f3gicas de la nefolog\u00eda para identificar estas formas esquivas y mutables a trav\u00e9s de la representaci\u00f3n art\u00edstica de la pintura. Clasifica y mide todas sus clases teniendo en cuenta la altura, el tama\u00f1o, la textura, la disposici\u00f3n, las modificaciones y el movimiento de sus m\u00faltiples formas cambiantes. Nubes combina una narraci\u00f3n vivaz y atractiva de uno de los meteor\u00f3logos m\u00e1s destacados de la actualidad con un ensayo sobre el arte hist\u00f3rico de las nubes, e incluye una gran cantidad de estudios sobre las nubes, realizados por algunos de los mejores artistas que jam\u00e1s hayan mirado al cielo.<\/p>\n","protected":false},"excerpt":{"rendered":"<p>EDWARD GRAHAM<\/p>\n","protected":false},"featured_media":1087755,"template":"","meta":{"_acf_changed":false,"om_disable_all_campaigns":false,"rs_blank_template":"","rs_page_bg_color":"","slide_template_v7":"","inline_featured_image":false,"_monsterinsights_skip_tracking":false,"_monsterinsights_sitenote_active":false,"_monsterinsights_sitenote_note":"","_monsterinsights_sitenote_category":0},"product_brand":[],"product_cat":[105,555],"product_tag":[],"class_list":{"0":"post-1087754","1":"product","2":"type-product","3":"status-publish","4":"has-post-thumbnail","6":"product_cat-regal","7":"product_cat-regalo","9":"first","10":"instock","11":"taxable","12":"shipping-taxable","13":"purchasable","14":"product-type-simple"},"acf":{"autor":"EDWARD GRAHAM","codart":"841038014","libros-coleccion":"","ediciones":"1","encuadernacion":"Carton\u00e9","fecha_de_publicacion":"01\/03\/2026","novedad":"1","paginas":"224","subtitulo":"C\u00d3MO IDENTIFICAR LAS FORMAS M\u00c1S FUGACES DE LA NATURALEZA","orden":"0","portada":"0","idioma":"spa","booktrailer":"","resenas":"","editorial":[{"ID":148152,"post_author":"3","post_date":"2022-10-14 11:56:02","post_date_gmt":"2022-10-14 09:56:02","post_content":"","post_title":"Folioscopio","post_excerpt":"","post_status":"publish","comment_status":"closed","ping_status":"closed","post_password":"","post_name":"folioscopio","to_ping":"","pinged":"","post_modified":"2022-10-14 11:56:02","post_modified_gmt":"2022-10-14 09:56:02","post_content_filtered":"","post_parent":0,"guid":"http:\/\/dev.claret.cat\/editorial\/folioscopio\/","menu_order":0,"post_type":"editorial","post_mime_type":"","comment_count":"0","filter":"raw"}]},"aioseo_notices":[],"_links":{"self":[{"href":"https:\/\/www.claret.cat\/es\/wp-json\/wp\/v2\/product\/1087754","targetHints":{"allow":["GET"]}}],"collection":[{"href":"https:\/\/www.claret.cat\/es\/wp-json\/wp\/v2\/product"}],"about":[{"href":"https:\/\/www.claret.cat\/es\/wp-json\/wp\/v2\/types\/product"}],"wp:featuredmedia":[{"embeddable":true,"href":"https:\/\/www.claret.cat\/es\/wp-json\/wp\/v2\/media\/1087755"}],"wp:attachment":[{"href":"https:\/\/www.claret.cat\/es\/wp-json\/wp\/v2\/media?parent=1087754"}],"wp:term":[{"taxonomy":"product_brand","embeddable":true,"href":"https:\/\/www.claret.cat\/es\/wp-json\/wp\/v2\/product_brand?post=1087754"},{"taxonomy":"product_cat","embeddable":true,"href":"https:\/\/www.claret.cat\/es\/wp-json\/wp\/v2\/product_cat?post=1087754"},{"taxonomy":"product_tag","embeddable":true,"href":"https:\/\/www.claret.cat\/es\/wp-json\/wp\/v2\/product_tag?post=1087754"}],"curies":[{"name":"wp","href":"https:\/\/api.w.org\/{rel}","templated":true}]}}