{"id":1087786,"date":"2026-03-04T14:30:31","date_gmt":"2026-03-04T13:30:31","guid":{"rendered":"https:\/\/www.claret.cat\/llibre\/mis-primeros-cuentos-para-dormir-9791399119718\/"},"modified":"2026-03-04T16:31:15","modified_gmt":"2026-03-04T15:31:15","slug":"mis-primeros-cuentos-para-dormir-9791399119718","status":"publish","type":"product","link":"https:\/\/www.claret.cat\/es\/libro\/mis-primeros-cuentos-para-dormir-9791399119718\/","title":{"rendered":"MIS PRIMEROS CUENTOS PARA DORMIR"},"content":{"rendered":"<p>No hay nada mejor que un buen cuento para acurrucarse bajo las s\u00e1banas y dormir con una sonrisa de oreja a oreja. En las diez historias que siguen, conocer\u00e1s al pavo real m\u00e1s generoso, a una ardilla muy somnolienta, al gato de una bruja buena, a dos hermanos traviesos, a un p\u00e1jaro ronco, al mago m\u00e1s desastroso&#8230; Son historias cortas, construidas al modo de las antiguas f\u00e1bulas, en las que la breve aventura conduce a la calma necesaria para caer pl\u00e1cidamente dormido. Deja que nuestros personajes acompa\u00f1en tu viaje al mundo de los sue\u00f1os y&#8230; \u00a1buenas noches!<\/p>\n","protected":false},"excerpt":{"rendered":"<p>ERIKA TORRE<\/p>\n","protected":false},"featured_media":1087787,"template":"","meta":{"_acf_changed":false,"om_disable_all_campaigns":false,"rs_blank_template":"","rs_page_bg_color":"","slide_template_v7":"","inline_featured_image":false,"_monsterinsights_skip_tracking":false,"_monsterinsights_sitenote_active":false,"_monsterinsights_sitenote_note":"","_monsterinsights_sitenote_category":0},"product_brand":[],"product_cat":[131,361],"product_tag":[],"class_list":{"0":"post-1087786","1":"product","2":"type-product","3":"status-publish","4":"has-post-thumbnail","6":"product_cat-contes-per-infants-0-6-anys","7":"product_cat-cuentos-para-ninos-0-6-anos","9":"first","10":"instock","11":"taxable","12":"shipping-taxable","13":"purchasable","14":"product-type-simple"},"acf":{"autor":"ERIKA TORRE","codart":"139911971","libros-coleccion":"","ediciones":"1","encuadernacion":"Carton\u00e9","fecha_de_publicacion":"01\/03\/2026","novedad":"1","paginas":"88","subtitulo":"","orden":"0","portada":"0","idioma":"spa","booktrailer":"","resenas":"","editorial":[{"ID":6262,"post_author":"3","post_date":"2022-07-28 17:48:26","post_date_gmt":"2022-07-28 15:48:26","post_content":"","post_title":"Gribaudo","post_excerpt":"","post_status":"publish","comment_status":"closed","ping_status":"closed","post_password":"","post_name":"gribaudo","to_ping":"","pinged":"","post_modified":"2022-07-28 17:48:26","post_modified_gmt":"2022-07-28 15:48:26","post_content_filtered":"","post_parent":0,"guid":"http:\/\/dev.claret.cat\/editorial\/gribaudo\/","menu_order":0,"post_type":"editorial","post_mime_type":"","comment_count":"0","filter":"raw"}]},"aioseo_notices":[],"_links":{"self":[{"href":"https:\/\/www.claret.cat\/es\/wp-json\/wp\/v2\/product\/1087786","targetHints":{"allow":["GET"]}}],"collection":[{"href":"https:\/\/www.claret.cat\/es\/wp-json\/wp\/v2\/product"}],"about":[{"href":"https:\/\/www.claret.cat\/es\/wp-json\/wp\/v2\/types\/product"}],"wp:featuredmedia":[{"embeddable":true,"href":"https:\/\/www.claret.cat\/es\/wp-json\/wp\/v2\/media\/1087787"}],"wp:attachment":[{"href":"https:\/\/www.claret.cat\/es\/wp-json\/wp\/v2\/media?parent=1087786"}],"wp:term":[{"taxonomy":"product_brand","embeddable":true,"href":"https:\/\/www.claret.cat\/es\/wp-json\/wp\/v2\/product_brand?post=1087786"},{"taxonomy":"product_cat","embeddable":true,"href":"https:\/\/www.claret.cat\/es\/wp-json\/wp\/v2\/product_cat?post=1087786"},{"taxonomy":"product_tag","embeddable":true,"href":"https:\/\/www.claret.cat\/es\/wp-json\/wp\/v2\/product_tag?post=1087786"}],"curies":[{"name":"wp","href":"https:\/\/api.w.org\/{rel}","templated":true}]}}