{"id":1087808,"date":"2026-03-04T14:33:19","date_gmt":"2026-03-04T13:33:19","guid":{"rendered":"https:\/\/www.claret.cat\/llibre\/el-libro-de-las-camas-9791399047080\/"},"modified":"2026-03-04T16:50:31","modified_gmt":"2026-03-04T15:50:31","slug":"el-libro-de-las-camas-9791399047080","status":"publish","type":"product","link":"https:\/\/www.claret.cat\/es\/libro\/el-libro-de-las-camas-9791399047080\/","title":{"rendered":"EL LIBRO DE LAS CAMAS"},"content":{"rendered":"<p>Original cat\u00e1logo de camas que no entienden de reglas, y sobre las que las ni\u00f1as y los ni\u00f1os podr\u00e1n surcar los mares o alcanzar el espacio exterior. Cama comedor, Cama de bolsillo, \u00a1hasta una Cama elefante! Poder dormir en ellas, es lo menos importante.<\/p>\n<p> Este maravilloso poema permaneci\u00f3 in\u00e9dito durante m\u00e1s de una d\u00e9cada, por lo que Sylvia Plath no pudo verlo publicado. En \u00e9l, la poeta norteamericana crea un mundo de fantas\u00eda l\u00fadica en torno a las esquinas de un colch\u00f3n, ofreciendo un repertorio de camas en las que ni\u00f1os y adultos no podr\u00e1n sino posponer el sue\u00f1o.<\/p>\n<p> \u00bfCu\u00e1l es el origen de un proyecto tan original? Ni la misma autora lo sab\u00eda, pero disfrut\u00f3 averigu\u00e1ndolo: \u00abDe una larga lista de camas demasiado estramb\u00f3ticas, ingeniosas y abstractas, eleg\u00ed diez, empec\u00e9 a escribir y ya no pude parar\u00bb.<\/p>\n","protected":false},"excerpt":{"rendered":"<p>SYLVIA PLATH<\/p>\n","protected":false},"featured_media":1087952,"template":"","meta":{"_acf_changed":false,"om_disable_all_campaigns":false,"rs_blank_template":"","rs_page_bg_color":"","slide_template_v7":"","inline_featured_image":false,"_monsterinsights_skip_tracking":false,"_monsterinsights_sitenote_active":false,"_monsterinsights_sitenote_note":"","_monsterinsights_sitenote_category":0},"product_brand":[],"product_cat":[131,361],"product_tag":[],"class_list":{"0":"post-1087808","1":"product","2":"type-product","3":"status-publish","4":"has-post-thumbnail","6":"product_cat-contes-per-infants-0-6-anys","7":"product_cat-cuentos-para-ninos-0-6-anos","9":"first","10":"instock","11":"taxable","12":"shipping-taxable","13":"purchasable","14":"product-type-simple"},"acf":{"autor":"SYLVIA PLATH","codart":"139904708","libros-coleccion":"","ediciones":"1","encuadernacion":"Carton\u00e9","fecha_de_publicacion":"01\/03\/2026","novedad":"1","paginas":"36","subtitulo":"","orden":"0","portada":"0","idioma":"spa","booktrailer":"","resenas":"","editorial":[{"ID":148435,"post_author":"3","post_date":"2022-10-14 11:58:13","post_date_gmt":"2022-10-14 09:58:13","post_content":"","post_title":"LIBROS DEL ZORRO ROJO","post_excerpt":"","post_status":"publish","comment_status":"closed","ping_status":"closed","post_password":"","post_name":"libros-del-zorro-rojo","to_ping":"","pinged":"","post_modified":"2022-10-14 11:58:13","post_modified_gmt":"2022-10-14 09:58:13","post_content_filtered":"","post_parent":0,"guid":"http:\/\/dev.claret.cat\/editorial\/libros-del-zorro-rojo\/","menu_order":0,"post_type":"editorial","post_mime_type":"","comment_count":"0","filter":"raw"}]},"aioseo_notices":[],"_links":{"self":[{"href":"https:\/\/www.claret.cat\/es\/wp-json\/wp\/v2\/product\/1087808","targetHints":{"allow":["GET"]}}],"collection":[{"href":"https:\/\/www.claret.cat\/es\/wp-json\/wp\/v2\/product"}],"about":[{"href":"https:\/\/www.claret.cat\/es\/wp-json\/wp\/v2\/types\/product"}],"wp:featuredmedia":[{"embeddable":true,"href":"https:\/\/www.claret.cat\/es\/wp-json\/wp\/v2\/media\/1087952"}],"wp:attachment":[{"href":"https:\/\/www.claret.cat\/es\/wp-json\/wp\/v2\/media?parent=1087808"}],"wp:term":[{"taxonomy":"product_brand","embeddable":true,"href":"https:\/\/www.claret.cat\/es\/wp-json\/wp\/v2\/product_brand?post=1087808"},{"taxonomy":"product_cat","embeddable":true,"href":"https:\/\/www.claret.cat\/es\/wp-json\/wp\/v2\/product_cat?post=1087808"},{"taxonomy":"product_tag","embeddable":true,"href":"https:\/\/www.claret.cat\/es\/wp-json\/wp\/v2\/product_tag?post=1087808"}],"curies":[{"name":"wp","href":"https:\/\/api.w.org\/{rel}","templated":true}]}}