{"id":108781,"date":"2022-10-12T09:50:56","date_gmt":"2022-10-12T07:50:56","guid":{"rendered":"http:\/\/dev.claret.cat\/producte\/els-invisibles-2\/"},"modified":"2023-05-29T14:07:28","modified_gmt":"2023-05-29T12:07:28","slug":"els-invisibles-9788416853403","status":"publish","type":"product","link":"https:\/\/www.claret.cat\/es\/libro\/els-invisibles-9788416853403\/","title":{"rendered":"ELS INVISIBLES"},"content":{"rendered":"<p>Joan-Llu\u00eds Llu\u00eds \u00e9s autor d&#8221;una s\u00f2lida i reconeguda traject\u00f2ria com a novel\u00b7lista, i \u00e9s tamb\u00e9 un activista militant de la llengua catalana. Nascut a Perpiny\u00e0 l&#8221;any 1963 i educat a l&#8221;escola francesa, l&#8221;autor va optar, en paral\u00b7lel a un proc\u00e9s d&#8221;autoafirmaci\u00f3 personal, per fer del catal\u00e0 la seva llengua liter\u00e0ria. Els invisibles explica aquest recorregut ideol\u00f2gic i sentimental per una llengua que, a la Catalunya del Nord, s&#8221;ha volgut invisibilitzar.<\/p>\n","protected":false},"excerpt":{"rendered":"<p>LLU\u00cdS, JOAN-LLU\u00cdS<\/p>\n","protected":false},"featured_media":108782,"template":"","meta":{"_acf_changed":false,"om_disable_all_campaigns":false,"rs_blank_template":"","rs_page_bg_color":"","slide_template_v7":"","inline_featured_image":false,"_monsterinsights_skip_tracking":false,"_monsterinsights_sitenote_active":false,"_monsterinsights_sitenote_note":"","_monsterinsights_sitenote_category":0},"product_brand":[],"product_cat":[127,357],"product_tag":[],"class_list":{"0":"post-108781","1":"product","2":"type-product","3":"status-publish","4":"has-post-thumbnail","6":"product_cat-novella-contemporania","7":"product_cat-novela-contemporanea","9":"first","10":"instock","11":"taxable","12":"shipping-taxable","13":"purchasable","14":"product-type-simple"},"acf":{"editorial":[{"ID":148406,"post_author":"3","post_date":"2022-10-14 11:58:00","post_date_gmt":"2022-10-14 09:58:00","post_content":"","post_title":"L'AVENC, S.L.","post_excerpt":"","post_status":"publish","comment_status":"closed","ping_status":"closed","post_password":"","post_name":"lavenc-s-l","to_ping":"","pinged":"","post_modified":"2022-10-14 11:58:00","post_modified_gmt":"2022-10-14 09:58:00","post_content_filtered":"","post_parent":0,"guid":"http:\/\/dev.claret.cat\/editorial\/lavenc-s-l\/","menu_order":0,"post_type":"editorial","post_mime_type":"","comment_count":"0","filter":"raw"}],"autores-libros":[{"ID":159468,"post_author":"3","post_date":"2022-10-14 15:45:05","post_date_gmt":"2022-10-14 13:45:05","post_content":"","post_title":"JOAN-LLUIS LLUIS","post_excerpt":"","post_status":"publish","comment_status":"closed","ping_status":"closed","post_password":"","post_name":"joan-lluis-lluis-3","to_ping":"","pinged":"","post_modified":"2022-10-14 15:45:05","post_modified_gmt":"2022-10-14 13:45:05","post_content_filtered":"","post_parent":0,"guid":"http:\/\/dev.claret.cat\/autor\/joan-lluis-lluis-3\/","menu_order":0,"post_type":"autor","post_mime_type":"","comment_count":"0","filter":"raw"}],"autor":"LLU\u00cdS, JOAN-LLU\u00cdS","codart":"841685340","libros-coleccion":"FORA DE COL.LECCI\u00d3","ediciones":"1","encuadernacion":"R\u00fastica","fecha_de_publicacion":"01\/03\/2020","novedad":"1","paginas":"124","subtitulo":"","orden":"0","portada":"0","idioma":"cat"},"aioseo_notices":[],"_links":{"self":[{"href":"https:\/\/www.claret.cat\/es\/wp-json\/wp\/v2\/product\/108781","targetHints":{"allow":["GET"]}}],"collection":[{"href":"https:\/\/www.claret.cat\/es\/wp-json\/wp\/v2\/product"}],"about":[{"href":"https:\/\/www.claret.cat\/es\/wp-json\/wp\/v2\/types\/product"}],"wp:featuredmedia":[{"embeddable":true,"href":"https:\/\/www.claret.cat\/es\/wp-json\/wp\/v2\/media\/108782"}],"wp:attachment":[{"href":"https:\/\/www.claret.cat\/es\/wp-json\/wp\/v2\/media?parent=108781"}],"wp:term":[{"taxonomy":"product_brand","embeddable":true,"href":"https:\/\/www.claret.cat\/es\/wp-json\/wp\/v2\/product_brand?post=108781"},{"taxonomy":"product_cat","embeddable":true,"href":"https:\/\/www.claret.cat\/es\/wp-json\/wp\/v2\/product_cat?post=108781"},{"taxonomy":"product_tag","embeddable":true,"href":"https:\/\/www.claret.cat\/es\/wp-json\/wp\/v2\/product_tag?post=108781"}],"curies":[{"name":"wp","href":"https:\/\/api.w.org\/{rel}","templated":true}]}}