{"id":1087811,"date":"2026-03-04T14:35:02","date_gmt":"2026-03-04T13:35:02","guid":{"rendered":"https:\/\/www.claret.cat\/llibre\/femina-sapiens-2-vidas-prehistoricas-9788410417465\/"},"modified":"2026-03-04T16:32:11","modified_gmt":"2026-03-04T15:32:11","slug":"femina-sapiens-2-vidas-prehistoricas-9788410417465","status":"publish","type":"product","link":"https:\/\/www.claret.cat\/es\/libro\/femina-sapiens-2-vidas-prehistoricas-9788410417465\/","title":{"rendered":"FEMINA SAPIENS 2. VIDAS PREHIST\u00d3RICAS"},"content":{"rendered":"<p>Con la publicaci\u00f3n de Femina sapiens, Marta Yustos y Diego Rodr\u00edguez-Robredo pusieron de moda la prehistoria y las maravillosas mujeres que vivieron en esa \u00e9poca tan desconocida. Conocimos a nuestras tatatarabuelas y aprendimos qu\u00e9 es la evoluci\u00f3n del ser humano.<\/p>\n<p> Pero quedaron muchas historias por contar y muchas chicas por conocer. Por ejemplo, Lola y el primer chicle prehist\u00f3rico; Tina, la primera ni\u00f1a con s\u00edndrome de Down; la audaz cazadora de grandes animales salvajes de Per\u00fa; Elba, la pastora de uros; y la Dama de Hielo, que parec\u00eda una reina.<\/p>\n<p> Y asistiremos como en una pel\u00edcula a escenas que siguen siendo familiares, como la preparaci\u00f3n de los biberones los juegos infantiles, la comida o la convivencia con otras ni\u00f1as y ni\u00f1os.<\/p>\n","protected":false},"excerpt":{"rendered":"<p>MARTA YUSTOS<\/p>\n","protected":false},"featured_media":1087812,"template":"","meta":{"_acf_changed":false,"om_disable_all_campaigns":false,"rs_blank_template":"","rs_page_bg_color":"","slide_template_v7":"","inline_featured_image":false,"_monsterinsights_skip_tracking":false,"_monsterinsights_sitenote_active":false,"_monsterinsights_sitenote_note":"","_monsterinsights_sitenote_category":0},"product_brand":[],"product_cat":[132,362],"product_tag":[],"class_list":{"0":"post-1087811","1":"product","2":"type-product","3":"status-publish","4":"has-post-thumbnail","6":"product_cat-lectures-per-preadolescents-6-12-anys","7":"product_cat-libros-preadolescentes-6-12-anos","9":"first","10":"instock","11":"taxable","12":"shipping-taxable","13":"purchasable","14":"product-type-simple"},"acf":{"autor":"MARTA YUSTOS","codart":"841041746","libros-coleccion":"","ediciones":"1","encuadernacion":"Carton\u00e9","fecha_de_publicacion":"01\/03\/2026","novedad":"1","paginas":"48","subtitulo":"HISTORIAS DE MUJERES REALES QUE MERECEN SER CONTADAS","orden":"0","portada":"0","idioma":"spa","booktrailer":"","resenas":"","editorial":[{"ID":148550,"post_author":"3","post_date":"2022-10-14 11:59:07","post_date_gmt":"2022-10-14 09:59:07","post_content":"","post_title":"Mosquito Books Barcelona","post_excerpt":"","post_status":"publish","comment_status":"closed","ping_status":"closed","post_password":"","post_name":"mosquito-books-barcelona","to_ping":"","pinged":"","post_modified":"2022-10-14 11:59:07","post_modified_gmt":"2022-10-14 09:59:07","post_content_filtered":"","post_parent":0,"guid":"http:\/\/dev.claret.cat\/editorial\/mosquito-books-barcelona\/","menu_order":0,"post_type":"editorial","post_mime_type":"","comment_count":"0","filter":"raw"}]},"aioseo_notices":[],"_links":{"self":[{"href":"https:\/\/www.claret.cat\/es\/wp-json\/wp\/v2\/product\/1087811","targetHints":{"allow":["GET"]}}],"collection":[{"href":"https:\/\/www.claret.cat\/es\/wp-json\/wp\/v2\/product"}],"about":[{"href":"https:\/\/www.claret.cat\/es\/wp-json\/wp\/v2\/types\/product"}],"wp:featuredmedia":[{"embeddable":true,"href":"https:\/\/www.claret.cat\/es\/wp-json\/wp\/v2\/media\/1087812"}],"wp:attachment":[{"href":"https:\/\/www.claret.cat\/es\/wp-json\/wp\/v2\/media?parent=1087811"}],"wp:term":[{"taxonomy":"product_brand","embeddable":true,"href":"https:\/\/www.claret.cat\/es\/wp-json\/wp\/v2\/product_brand?post=1087811"},{"taxonomy":"product_cat","embeddable":true,"href":"https:\/\/www.claret.cat\/es\/wp-json\/wp\/v2\/product_cat?post=1087811"},{"taxonomy":"product_tag","embeddable":true,"href":"https:\/\/www.claret.cat\/es\/wp-json\/wp\/v2\/product_tag?post=1087811"}],"curies":[{"name":"wp","href":"https:\/\/api.w.org\/{rel}","templated":true}]}}