{"id":1087814,"date":"2026-03-04T14:35:17","date_gmt":"2026-03-04T13:35:17","guid":{"rendered":"https:\/\/www.claret.cat\/llibre\/femina-sapiens-2-vides-prehistoriques-9788410417472\/"},"modified":"2026-03-04T16:32:32","modified_gmt":"2026-03-04T15:32:32","slug":"femina-sapiens-2-vides-prehistoriques-9788410417472","status":"publish","type":"product","link":"https:\/\/www.claret.cat\/es\/libro\/femina-sapiens-2-vides-prehistoriques-9788410417472\/","title":{"rendered":"FEMINA SAPIENS 2. VIDES PREHIST\u00d2RIQUES"},"content":{"rendered":"<p>Amb la publicaci\u00f3 de Femina sapiens, Marta Yustos i Diego Rodr\u00edguez-Robredo van posar de moda la prehist\u00f2ria i les meravelloses dones que van viure en aquella \u00e8poca tan desconeguda. Vam con\u00e8ixer les nostres rebes\u00e0vies i vam aprendre qu\u00e8 \u00e9s l&#8217;evoluci\u00f3 de l&#8217;\u00e9sser hum\u00e0.<\/p>\n<p> Per\u00f2 van quedar moltes hist\u00f2ries per explicar i moltes dones per con\u00e8ixer. Per exemple, Lola i el primer xiclet prehist\u00f2ric; Tina, la primera nena amb s\u00edndrome de Down; l&#8217;auda\u00e7 ca\u00e7adora d\u2019animals salvatges del Per\u00fa; Elba, la pastora d&#8217;urs; i la Dama de Gel, que semblava una reina.<\/p>\n<p> I, com en una pel\u00b7l\u00edcula, veurem escenes que avui continuen sent familiars, com ara la preparaci\u00f3 dels biberons, els jocs infantils, el menjar o la conviv\u00e8ncia amb altres nens i nenes.<\/p>\n","protected":false},"excerpt":{"rendered":"<p>MARTA YUSTOS<\/p>\n","protected":false},"featured_media":1087815,"template":"","meta":{"_acf_changed":false,"om_disable_all_campaigns":false,"rs_blank_template":"","rs_page_bg_color":"","slide_template_v7":"","inline_featured_image":false,"_monsterinsights_skip_tracking":false,"_monsterinsights_sitenote_active":false,"_monsterinsights_sitenote_note":"","_monsterinsights_sitenote_category":0},"product_brand":[],"product_cat":[132,362],"product_tag":[],"class_list":{"0":"post-1087814","1":"product","2":"type-product","3":"status-publish","4":"has-post-thumbnail","6":"product_cat-lectures-per-preadolescents-6-12-anys","7":"product_cat-libros-preadolescentes-6-12-anos","9":"first","10":"instock","11":"taxable","12":"shipping-taxable","13":"purchasable","14":"product-type-simple"},"acf":{"autor":"MARTA YUSTOS","codart":"841041747","libros-coleccion":"","ediciones":"1","encuadernacion":"Carton\u00e9","fecha_de_publicacion":"01\/03\/2026","novedad":"1","paginas":"48","subtitulo":"HIST\u00d2RIES DE DONES REALS QUE MEREIXEN SER EXPLICADES","orden":"0","portada":"0","idioma":"cat","booktrailer":"","resenas":"","editorial":[{"ID":148550,"post_author":"3","post_date":"2022-10-14 11:59:07","post_date_gmt":"2022-10-14 09:59:07","post_content":"","post_title":"Mosquito Books Barcelona","post_excerpt":"","post_status":"publish","comment_status":"closed","ping_status":"closed","post_password":"","post_name":"mosquito-books-barcelona","to_ping":"","pinged":"","post_modified":"2022-10-14 11:59:07","post_modified_gmt":"2022-10-14 09:59:07","post_content_filtered":"","post_parent":0,"guid":"http:\/\/dev.claret.cat\/editorial\/mosquito-books-barcelona\/","menu_order":0,"post_type":"editorial","post_mime_type":"","comment_count":"0","filter":"raw"}]},"aioseo_notices":[],"_links":{"self":[{"href":"https:\/\/www.claret.cat\/es\/wp-json\/wp\/v2\/product\/1087814","targetHints":{"allow":["GET"]}}],"collection":[{"href":"https:\/\/www.claret.cat\/es\/wp-json\/wp\/v2\/product"}],"about":[{"href":"https:\/\/www.claret.cat\/es\/wp-json\/wp\/v2\/types\/product"}],"wp:featuredmedia":[{"embeddable":true,"href":"https:\/\/www.claret.cat\/es\/wp-json\/wp\/v2\/media\/1087815"}],"wp:attachment":[{"href":"https:\/\/www.claret.cat\/es\/wp-json\/wp\/v2\/media?parent=1087814"}],"wp:term":[{"taxonomy":"product_brand","embeddable":true,"href":"https:\/\/www.claret.cat\/es\/wp-json\/wp\/v2\/product_brand?post=1087814"},{"taxonomy":"product_cat","embeddable":true,"href":"https:\/\/www.claret.cat\/es\/wp-json\/wp\/v2\/product_cat?post=1087814"},{"taxonomy":"product_tag","embeddable":true,"href":"https:\/\/www.claret.cat\/es\/wp-json\/wp\/v2\/product_tag?post=1087814"}],"curies":[{"name":"wp","href":"https:\/\/api.w.org\/{rel}","templated":true}]}}