{"id":1087817,"date":"2026-03-04T14:35:31","date_gmt":"2026-03-04T13:35:31","guid":{"rendered":"https:\/\/www.claret.cat\/llibre\/dieciseis-minutos-el-viaje-de-andrea-orlandi-9791399083538\/"},"modified":"2026-03-05T10:56:03","modified_gmt":"2026-03-05T09:56:03","slug":"dieciseis-minutos-el-viaje-de-andrea-orlandi-9791399083538","status":"publish","type":"product","link":"https:\/\/www.claret.cat\/es\/libro\/dieciseis-minutos-el-viaje-de-andrea-orlandi-9791399083538\/","title":{"rendered":"DIECIS\u00c9IS MINUTOS (EL VIAJE DE ANDREA ORLANDI)"},"content":{"rendered":"<p>Cinco a\u00f1os despu\u00e9s de retirarse como futbolista, Andrea Orlandi sufre un paro card\u00edaco mientras juega un partido de tenis. Est\u00e1 diecis\u00e9is minutos sin pulso. Un grave episodio que supone un antes y un despu\u00e9s en su vida. Y que lleva a Ilie Oleart, fundador de La Media Inglesa, a hacerle una proposici\u00f3n: quiere reconstruir su trepidante y at\u00edpica carrera en un libro. Para ello, el autor charla durante meses con Andrea, regresa con \u00e9l a los lugares donde intent\u00f3 triunfar, conoce sus traumas y se re\u00fane con sus compa\u00f1eros y familiares. Hasta que toman forma estas p\u00e1ginas. El viaje de alguien que, entre otras peripecias, se sent\u00f3 en un vestuario con Ronaldinho, alucin\u00f3 con las locuras de Piterman, form\u00f3 parte del \u2018Spanish Swansea\u2019, brill\u00f3 en el Brighton, tuvo que huir de sus propios aficionados en Chipre o recorri\u00f3 la India. Un retrato sincero, emotivo, duro\u2026 y divertido. Porque no hay golpe del destino que el humor no pueda regatear.<\/p>\n","protected":false},"excerpt":{"rendered":"<p>ILIE OLEART<\/p>\n","protected":false},"featured_media":1088085,"template":"","meta":{"_acf_changed":false,"om_disable_all_campaigns":false,"rs_blank_template":"","rs_page_bg_color":"","slide_template_v7":"","inline_featured_image":false,"_monsterinsights_skip_tracking":false,"_monsterinsights_sitenote_active":false,"_monsterinsights_sitenote_note":"","_monsterinsights_sitenote_category":0},"product_brand":[],"product_cat":[546,96],"product_tag":[],"class_list":{"0":"post-1087817","1":"product","2":"type-product","3":"status-publish","4":"has-post-thumbnail","6":"product_cat-deportes","7":"product_cat-esports","9":"first","10":"instock","11":"taxable","12":"shipping-taxable","13":"purchasable","14":"product-type-simple"},"acf":{"autor":"ILIE OLEART","codart":"139908353","libros-coleccion":"","ediciones":"1","encuadernacion":"Carton\u00e9","fecha_de_publicacion":"01\/03\/2026","novedad":"1","paginas":"288","subtitulo":"","orden":"0","portada":"0","idioma":"spa","booktrailer":"","resenas":"","editorial":[{"ID":1087942,"post_author":"3","post_date":"2026-03-04 16:31:04","post_date_gmt":"2026-03-04 15:31:04","post_content":"","post_title":"Panenka","post_excerpt":"","post_status":"publish","comment_status":"closed","ping_status":"closed","post_password":"","post_name":"panenka","to_ping":"","pinged":"","post_modified":"2026-03-04 16:31:04","post_modified_gmt":"2026-03-04 15:31:04","post_content_filtered":"","post_parent":0,"guid":"https:\/\/www.claret.cat\/editorial\/panenka\/","menu_order":0,"post_type":"editorial","post_mime_type":"","comment_count":"0","filter":"raw"}]},"aioseo_notices":[],"_links":{"self":[{"href":"https:\/\/www.claret.cat\/es\/wp-json\/wp\/v2\/product\/1087817","targetHints":{"allow":["GET"]}}],"collection":[{"href":"https:\/\/www.claret.cat\/es\/wp-json\/wp\/v2\/product"}],"about":[{"href":"https:\/\/www.claret.cat\/es\/wp-json\/wp\/v2\/types\/product"}],"wp:featuredmedia":[{"embeddable":true,"href":"https:\/\/www.claret.cat\/es\/wp-json\/wp\/v2\/media\/1088085"}],"wp:attachment":[{"href":"https:\/\/www.claret.cat\/es\/wp-json\/wp\/v2\/media?parent=1087817"}],"wp:term":[{"taxonomy":"product_brand","embeddable":true,"href":"https:\/\/www.claret.cat\/es\/wp-json\/wp\/v2\/product_brand?post=1087817"},{"taxonomy":"product_cat","embeddable":true,"href":"https:\/\/www.claret.cat\/es\/wp-json\/wp\/v2\/product_cat?post=1087817"},{"taxonomy":"product_tag","embeddable":true,"href":"https:\/\/www.claret.cat\/es\/wp-json\/wp\/v2\/product_tag?post=1087817"}],"curies":[{"name":"wp","href":"https:\/\/api.w.org\/{rel}","templated":true}]}}