{"id":1087822,"date":"2026-03-04T15:40:02","date_gmt":"2026-03-04T14:40:02","guid":{"rendered":"https:\/\/www.claret.cat\/llibre\/el-camino-de-la-consciencia-9788410988873\/"},"modified":"2026-03-30T17:35:29","modified_gmt":"2026-03-30T15:35:29","slug":"el-camino-de-la-consciencia-9788410988873","status":"publish","type":"product","link":"https:\/\/www.claret.cat\/es\/libro\/el-camino-de-la-consciencia-9788410988873\/","title":{"rendered":"EL CAMINO DE LA CONSCIENCIA"},"content":{"rendered":"<p>UN LIBRO TRANSFORMADOR QUE INVITA A VIVIR CON PLENITUD Y CONECTAR CON NUESTRA ESENCIA.\u00bfQu\u00e9 ocurrir\u00eda si pudi\u00e9ramos dejar de pensar, aunque solo fuera por un instante? Tal vez descubrir\u00edamos una verdad tan sencilla como transformadora: no somos \u00fanicamente cuerpo y mente, somos consciencia. Y la consciencia no muere con el cuerpo.Tras d\u00e9cadas de conversaciones con maestros espirituales, cient\u00edficos y personas que han estado al borde de la muerte, Gaspar Hern\u00e0ndez nos ofrece su obra m\u00e1s reveladora y luminosa.Un libro honesto y profundo que nos invita a parar, a mirar hacia dentro y a liberarnos del ruido mental y del ego que nos alejan de la paz interior. El camino de la consciencia nos anima a soltar las ideas que nos limitan y a contemplar la vida desde otro lugar: el de nuestra verdadera naturaleza.Este cambio de perspectiva no requiere grandes esfuerzos: basta con detenerse, respirar y empezar a vivir con m\u00e1s sentido. Con m\u00e1s consciencia. Con m\u00e1s libertad.<\/p>\n","protected":false},"excerpt":{"rendered":"<p>GASPAR HERN\u00c0NDEZ<\/p>\n","protected":false},"featured_media":1088077,"template":"","meta":{"_acf_changed":false,"om_disable_all_campaigns":false,"rs_blank_template":"","rs_page_bg_color":"","slide_template_v7":"","inline_featured_image":false,"_monsterinsights_skip_tracking":false,"_monsterinsights_sitenote_active":false,"_monsterinsights_sitenote_note":"","_monsterinsights_sitenote_category":0},"product_brand":[],"product_cat":[179,377],"product_tag":[],"class_list":{"0":"post-1087822","1":"product","2":"type-product","3":"status-publish","4":"has-post-thumbnail","6":"product_cat-autoajuda-i-salut-mental","7":"product_cat-autoayuda-y-salud-mental","9":"first","10":"instock","11":"taxable","12":"shipping-taxable","13":"purchasable","14":"product-type-simple"},"acf":{"autor":"GASPAR HERN\u00c0NDEZ","codart":"841098887","libros-coleccion":"","ediciones":"1","encuadernacion":"R\u00fastica","fecha_de_publicacion":"01\/03\/2026","novedad":"1","paginas":"208","subtitulo":"PLENITUD Y VIDA M\u00c1S ALL\u00c1 DE LA MUERTE","orden":"0","portada":"0","idioma":"spa","booktrailer":"","resenas":"","editorial":[{"ID":148737,"post_author":"3","post_date":"2022-10-14 12:00:35","post_date_gmt":"2022-10-14 10:00:35","post_content":"","post_title":"RBA Libros","post_excerpt":"","post_status":"publish","comment_status":"closed","ping_status":"closed","post_password":"","post_name":"rba-libros","to_ping":"","pinged":"","post_modified":"2022-10-14 12:00:35","post_modified_gmt":"2022-10-14 10:00:35","post_content_filtered":"","post_parent":0,"guid":"http:\/\/dev.claret.cat\/editorial\/rba-libros\/","menu_order":0,"post_type":"editorial","post_mime_type":"","comment_count":"0","filter":"raw"}]},"aioseo_notices":[],"_links":{"self":[{"href":"https:\/\/www.claret.cat\/es\/wp-json\/wp\/v2\/product\/1087822","targetHints":{"allow":["GET"]}}],"collection":[{"href":"https:\/\/www.claret.cat\/es\/wp-json\/wp\/v2\/product"}],"about":[{"href":"https:\/\/www.claret.cat\/es\/wp-json\/wp\/v2\/types\/product"}],"wp:featuredmedia":[{"embeddable":true,"href":"https:\/\/www.claret.cat\/es\/wp-json\/wp\/v2\/media\/1088077"}],"wp:attachment":[{"href":"https:\/\/www.claret.cat\/es\/wp-json\/wp\/v2\/media?parent=1087822"}],"wp:term":[{"taxonomy":"product_brand","embeddable":true,"href":"https:\/\/www.claret.cat\/es\/wp-json\/wp\/v2\/product_brand?post=1087822"},{"taxonomy":"product_cat","embeddable":true,"href":"https:\/\/www.claret.cat\/es\/wp-json\/wp\/v2\/product_cat?post=1087822"},{"taxonomy":"product_tag","embeddable":true,"href":"https:\/\/www.claret.cat\/es\/wp-json\/wp\/v2\/product_tag?post=1087822"}],"curies":[{"name":"wp","href":"https:\/\/api.w.org\/{rel}","templated":true}]}}