{"id":1087830,"date":"2026-03-04T15:45:02","date_gmt":"2026-03-04T14:45:02","guid":{"rendered":"https:\/\/www.claret.cat\/llibre\/la-saviesa-dels-classics-9788418972942\/"},"modified":"2026-03-04T16:34:25","modified_gmt":"2026-03-04T15:34:25","slug":"la-saviesa-dels-classics-9788418972942","status":"publish","type":"product","link":"https:\/\/www.claret.cat\/es\/libro\/la-saviesa-dels-classics-9788418972942\/","title":{"rendered":"LA SAVIESA DELS CL\u00c0SSICS"},"content":{"rendered":"<p>El m\u00f3n fascinant dels cl\u00e0ssics \u00e9s presentat aqu\u00ed a trav\u00e9s de trenta aforismes que han perdurat en la hist\u00f2ria i que avui tenen molt a dir-nos, amb il\u00b7lustracions evocadores que s\u2019inspiren en el paisatge mediterrani.<\/p>\n<p> Davant la temptaci\u00f3 de la cobd\u00edcia, l\u2019enveja, la mandra o la sup\u00e8rbia, el m\u00f3n grec i llat\u00ed ja defensava l\u2019autoconeixement, la voluntat de saber, l\u2019esfor\u00e7, l\u2019honestedat, l\u2019acceptaci\u00f3 dels propis l\u00edmits, l\u2019esperan\u00e7a o la verdadera amistat.<\/p>\n<p> L\u2019autor, despr\u00e9s d\u2019haver dedicat la seva vida professional a acompanyar adolescents en el seu viatge pel pensament i la bellesa del m\u00f3n antic, respon a q\u00fcestions actuals i convida a cultivar el millor de la naturalesa humana.<\/p>\n","protected":false},"excerpt":{"rendered":"<p>JORDI RINC\u00d3N<\/p>\n","protected":false},"featured_media":1087831,"template":"","meta":{"_acf_changed":false,"om_disable_all_campaigns":false,"rs_blank_template":"","rs_page_bg_color":"","slide_template_v7":"","inline_featured_image":false,"_monsterinsights_skip_tracking":false,"_monsterinsights_sitenote_active":false,"_monsterinsights_sitenote_note":"","_monsterinsights_sitenote_category":0},"product_brand":[],"product_cat":[132,362],"product_tag":[],"class_list":{"0":"post-1087830","1":"product","2":"type-product","3":"status-publish","4":"has-post-thumbnail","6":"product_cat-lectures-per-preadolescents-6-12-anys","7":"product_cat-libros-preadolescentes-6-12-anos","9":"first","10":"instock","11":"taxable","12":"shipping-taxable","13":"purchasable","14":"product-type-simple"},"acf":{"autor":"JORDI RINC\u00d3N","codart":"841897294","libros-coleccion":"","ediciones":"1","encuadernacion":"Carton\u00e9","fecha_de_publicacion":"01\/03\/2026","novedad":"1","paginas":"72","subtitulo":"","orden":"0","portada":"0","idioma":"cat","booktrailer":"","resenas":"","editorial":[{"ID":6116,"post_author":"3","post_date":"2022-07-28 17:45:14","post_date_gmt":"2022-07-28 15:45:14","post_content":"","post_title":"Akiara Books","post_excerpt":"","post_status":"publish","comment_status":"closed","ping_status":"closed","post_password":"","post_name":"akiara-books","to_ping":"","pinged":"","post_modified":"2022-07-28 17:45:14","post_modified_gmt":"2022-07-28 15:45:14","post_content_filtered":"","post_parent":0,"guid":"http:\/\/dev.claret.cat\/editorial\/akiara-books\/","menu_order":0,"post_type":"editorial","post_mime_type":"","comment_count":"0","filter":"raw"}]},"aioseo_notices":[],"_links":{"self":[{"href":"https:\/\/www.claret.cat\/es\/wp-json\/wp\/v2\/product\/1087830","targetHints":{"allow":["GET"]}}],"collection":[{"href":"https:\/\/www.claret.cat\/es\/wp-json\/wp\/v2\/product"}],"about":[{"href":"https:\/\/www.claret.cat\/es\/wp-json\/wp\/v2\/types\/product"}],"wp:featuredmedia":[{"embeddable":true,"href":"https:\/\/www.claret.cat\/es\/wp-json\/wp\/v2\/media\/1087831"}],"wp:attachment":[{"href":"https:\/\/www.claret.cat\/es\/wp-json\/wp\/v2\/media?parent=1087830"}],"wp:term":[{"taxonomy":"product_brand","embeddable":true,"href":"https:\/\/www.claret.cat\/es\/wp-json\/wp\/v2\/product_brand?post=1087830"},{"taxonomy":"product_cat","embeddable":true,"href":"https:\/\/www.claret.cat\/es\/wp-json\/wp\/v2\/product_cat?post=1087830"},{"taxonomy":"product_tag","embeddable":true,"href":"https:\/\/www.claret.cat\/es\/wp-json\/wp\/v2\/product_tag?post=1087830"}],"curies":[{"name":"wp","href":"https:\/\/api.w.org\/{rel}","templated":true}]}}