{"id":1087833,"date":"2026-03-04T15:45:15","date_gmt":"2026-03-04T14:45:15","guid":{"rendered":"https:\/\/www.claret.cat\/llibre\/quina-mele-9788419794741\/"},"modified":"2026-03-04T18:00:16","modified_gmt":"2026-03-04T17:00:16","slug":"quina-mele-9788419794741","status":"publish","type":"product","link":"https:\/\/www.claret.cat\/es\/libro\/quina-mele-9788419794741\/","title":{"rendered":"QUINA MEL\u00c9!"},"content":{"rendered":"<p>Senda i Gerard no poden ser m\u00e9s diferents: ella \u00e9s petita i somiadora; ell, gran i callat. Per\u00f2 quan el dest\u00ed els reuneix en un camp de rugbi, descobreixen que l&#8221;important no \u00e9s la mida, sin\u00f3 la valentia i el treball en equip.<br \/> Entre jugades esbojarrades i partits inoblidables, aprendran que el rugbi \u00e9s molt m\u00e9s que un esport: \u00e9s respecte, passi\u00f3 i el coratge d&#8221;aixecar-se sempre.<br \/> Una hist\u00f2ria que inspira a jugar, compartir i cr\u00e9ixer, dins i fora del camp.<br \/> Inclou una entrevista a Claudia Pe\u00f1a, jugadora de la selecci\u00f3 espanyola i de l&#8221;equip Harlequins (Premiership Women\u2019s Rugbi).<\/p>\n","protected":false},"excerpt":{"rendered":"<p>JOAN DE D\u00c9U PRATS<\/p>\n","protected":false},"featured_media":1087987,"template":"","meta":{"_acf_changed":false,"om_disable_all_campaigns":false,"rs_blank_template":"","rs_page_bg_color":"","slide_template_v7":"","inline_featured_image":false,"_monsterinsights_skip_tracking":false,"_monsterinsights_sitenote_active":false,"_monsterinsights_sitenote_note":"","_monsterinsights_sitenote_category":0},"product_brand":[],"product_cat":[132,362],"product_tag":[],"class_list":{"0":"post-1087833","1":"product","2":"type-product","3":"status-publish","4":"has-post-thumbnail","6":"product_cat-lectures-per-preadolescents-6-12-anys","7":"product_cat-libros-preadolescentes-6-12-anos","9":"first","10":"instock","11":"taxable","12":"shipping-taxable","13":"purchasable","14":"product-type-simple"},"acf":{"autor":"JOAN DE D\u00c9U PRATS","codart":"841979474","libros-coleccion":"","ediciones":"1","encuadernacion":"R\u00fastica","fecha_de_publicacion":"01\/03\/2026","novedad":"1","paginas":"136","subtitulo":"FASCINATS PEL RUGBI","orden":"0","portada":"0","idioma":"cat","booktrailer":"","resenas":"","editorial":[{"ID":262566,"post_author":"3","post_date":"2022-10-24 11:26:03","post_date_gmt":"2022-10-24 09:26:03","post_content":"","post_title":"Vegueta Ediciones \/ Vegueta Edicions","post_excerpt":"","post_status":"publish","comment_status":"closed","ping_status":"closed","post_password":"","post_name":"vegueta-ediciones-vegueta-edicions","to_ping":"","pinged":"","post_modified":"2022-10-24 11:26:03","post_modified_gmt":"2022-10-24 09:26:03","post_content_filtered":"","post_parent":0,"guid":"http:\/\/dev.claret.cat\/editorial\/vegueta-ediciones-vegueta-edicions\/","menu_order":0,"post_type":"editorial","post_mime_type":"","comment_count":"0","filter":"raw"}]},"aioseo_notices":[],"_links":{"self":[{"href":"https:\/\/www.claret.cat\/es\/wp-json\/wp\/v2\/product\/1087833","targetHints":{"allow":["GET"]}}],"collection":[{"href":"https:\/\/www.claret.cat\/es\/wp-json\/wp\/v2\/product"}],"about":[{"href":"https:\/\/www.claret.cat\/es\/wp-json\/wp\/v2\/types\/product"}],"wp:featuredmedia":[{"embeddable":true,"href":"https:\/\/www.claret.cat\/es\/wp-json\/wp\/v2\/media\/1087987"}],"wp:attachment":[{"href":"https:\/\/www.claret.cat\/es\/wp-json\/wp\/v2\/media?parent=1087833"}],"wp:term":[{"taxonomy":"product_brand","embeddable":true,"href":"https:\/\/www.claret.cat\/es\/wp-json\/wp\/v2\/product_brand?post=1087833"},{"taxonomy":"product_cat","embeddable":true,"href":"https:\/\/www.claret.cat\/es\/wp-json\/wp\/v2\/product_cat?post=1087833"},{"taxonomy":"product_tag","embeddable":true,"href":"https:\/\/www.claret.cat\/es\/wp-json\/wp\/v2\/product_tag?post=1087833"}],"curies":[{"name":"wp","href":"https:\/\/api.w.org\/{rel}","templated":true}]}}