{"id":1087836,"date":"2026-03-04T15:45:29","date_gmt":"2026-03-04T14:45:29","guid":{"rendered":"https:\/\/www.claret.cat\/llibre\/cuaderno-de-faros-9791399047097\/"},"modified":"2026-03-05T11:00:16","modified_gmt":"2026-03-05T10:00:16","slug":"cuaderno-de-faros-9791399047097","status":"publish","type":"product","link":"https:\/\/www.claret.cat\/es\/libro\/cuaderno-de-faros-9791399047097\/","title":{"rendered":"CUADERNO DE FAROS"},"content":{"rendered":"<p>Cuaderno de faros es una colecci\u00f3n de viajes, lecturas, recuerdos y obsesiones alrededor de esas arquitecturas que orientan y resisten el paso del tiempo. Este es uno de los ensayos m\u00e1s celebrados de la nueva narrativa latinoamericana, en el que Barrera emprende un recorrido por faros del mundo para reflexionar sobre la identidad, la p\u00e9rdida y la construcci\u00f3n de la memoria. Con una escritura precisa y envolvente, convierte cada faro en un punto de anclaje emocional, inscrito en la gran tradici\u00f3n de la literatura mar\u00edtima contempor\u00e1nea.<\/p>\n<p> Como afirma Antonio Mu\u00f1oz Molina, \u00abLos faros de este cuaderno son faros literales que todav\u00eda se encienden de noche en las costas del mundo y faros que se apagaron hace siglos, y algunas veces faros que nunca existieron, faros de la mitolog\u00eda y de los proyectos de los ingenieros, faros inevitablemente dotados de un simbolismo que atraviesa la historia de la literatura y que parecen alojarse en alguna parte muy profunda de nuestro vocabulario ps\u00edquico, del cat\u00e1logo de im\u00e1genes que existen con la misma fuerza en la realidad que en los sue\u00f1os\u00bb.<\/p>\n<p> Las im\u00e1genes de Araiz Mesanza \u2014difusas, h\u00famedas, silenciosas\u2014, acompa\u00f1an el texto con una po\u00e9tica visual m\u00e1s sugerente que descriptiva. Su trabajo interpreta con gran coherencia un libro que no es un cat\u00e1logo de faros, sino un ensayo \u00edntimo y fragmentario. Cada ilustraci\u00f3n traduce visualmente la idea central de la obra: la luz como referencia y como b\u00fasqueda.<\/p>\n","protected":false},"excerpt":{"rendered":"<p>JAZMINA BARRERA<\/p>\n","protected":false},"featured_media":1088089,"template":"","meta":{"_acf_changed":false,"om_disable_all_campaigns":false,"rs_blank_template":"","rs_page_bg_color":"","slide_template_v7":"","inline_featured_image":false,"_monsterinsights_skip_tracking":false,"_monsterinsights_sitenote_active":false,"_monsterinsights_sitenote_note":"","_monsterinsights_sitenote_category":0},"product_brand":[],"product_cat":[90,540],"product_tag":[],"class_list":{"0":"post-1087836","1":"product","2":"type-product","3":"status-publish","4":"has-post-thumbnail","6":"product_cat-altres","7":"product_cat-otros","9":"first","10":"instock","11":"taxable","12":"shipping-taxable","13":"purchasable","14":"product-type-simple"},"acf":{"autor":"JAZMINA BARRERA","codart":"139904709","libros-coleccion":"","ediciones":"1","encuadernacion":"R\u00fastica","fecha_de_publicacion":"01\/03\/2026","novedad":"1","paginas":"132","subtitulo":"","orden":"0","portada":"0","idioma":"spa","booktrailer":"","resenas":"","editorial":[{"ID":148435,"post_author":"3","post_date":"2022-10-14 11:58:13","post_date_gmt":"2022-10-14 09:58:13","post_content":"","post_title":"LIBROS DEL ZORRO ROJO","post_excerpt":"","post_status":"publish","comment_status":"closed","ping_status":"closed","post_password":"","post_name":"libros-del-zorro-rojo","to_ping":"","pinged":"","post_modified":"2022-10-14 11:58:13","post_modified_gmt":"2022-10-14 09:58:13","post_content_filtered":"","post_parent":0,"guid":"http:\/\/dev.claret.cat\/editorial\/libros-del-zorro-rojo\/","menu_order":0,"post_type":"editorial","post_mime_type":"","comment_count":"0","filter":"raw"}]},"aioseo_notices":[],"_links":{"self":[{"href":"https:\/\/www.claret.cat\/es\/wp-json\/wp\/v2\/product\/1087836","targetHints":{"allow":["GET"]}}],"collection":[{"href":"https:\/\/www.claret.cat\/es\/wp-json\/wp\/v2\/product"}],"about":[{"href":"https:\/\/www.claret.cat\/es\/wp-json\/wp\/v2\/types\/product"}],"wp:featuredmedia":[{"embeddable":true,"href":"https:\/\/www.claret.cat\/es\/wp-json\/wp\/v2\/media\/1088089"}],"wp:attachment":[{"href":"https:\/\/www.claret.cat\/es\/wp-json\/wp\/v2\/media?parent=1087836"}],"wp:term":[{"taxonomy":"product_brand","embeddable":true,"href":"https:\/\/www.claret.cat\/es\/wp-json\/wp\/v2\/product_brand?post=1087836"},{"taxonomy":"product_cat","embeddable":true,"href":"https:\/\/www.claret.cat\/es\/wp-json\/wp\/v2\/product_cat?post=1087836"},{"taxonomy":"product_tag","embeddable":true,"href":"https:\/\/www.claret.cat\/es\/wp-json\/wp\/v2\/product_tag?post=1087836"}],"curies":[{"name":"wp","href":"https:\/\/api.w.org\/{rel}","templated":true}]}}