{"id":1087843,"date":"2026-03-04T15:46:12","date_gmt":"2026-03-04T14:46:12","guid":{"rendered":"https:\/\/www.claret.cat\/llibre\/gos-pudent-al-museu-del-louvre-9791387748470\/"},"modified":"2026-03-20T14:30:50","modified_gmt":"2026-03-20T13:30:50","slug":"gos-pudent-al-museu-del-louvre-9791387748470","status":"publish","type":"product","link":"https:\/\/www.claret.cat\/es\/libro\/gos-pudent-al-museu-del-louvre-9791387748470\/","title":{"rendered":"GOS PUDENT AL MUSEU DEL LOUVRE"},"content":{"rendered":"<p>En Gos Pudent sempre ha volgut visitar un museu, i contemplar la immensa bellesa dels seus quadres i escultures. I est\u00e0 de sort: al seu cubell de la brossa, troben un tiquet per al museu del Louvre! En Gatxafat i en Pudent estan la mar de contents. Per\u00f2 el Louvre no passa un bon moment: un lladre misteri\u00f3s est\u00e0 robant objectes valuosos&#8230; de dins dels quadres!<br \/> \u00c9s impossible aturar-lo!<\/p>\n<p>Podran ajudar a resoldre aquest enigma, en Gos Pudent i en Gatxafat, i salvar les grans joies de la Hist\u00f2ria de l\u2019Art?<\/p>\n","protected":false},"excerpt":{"rendered":"<p>COLAS GUTMAN<\/p>\n","protected":false},"featured_media":1087844,"template":"","meta":{"_acf_changed":false,"om_disable_all_campaigns":false,"rs_blank_template":"","rs_page_bg_color":"","slide_template_v7":"","inline_featured_image":false,"_monsterinsights_skip_tracking":false,"_monsterinsights_sitenote_active":false,"_monsterinsights_sitenote_note":"","_monsterinsights_sitenote_category":0},"product_brand":[],"product_cat":[132,362],"product_tag":[],"class_list":{"0":"post-1087843","1":"product","2":"type-product","3":"status-publish","4":"has-post-thumbnail","6":"product_cat-lectures-per-preadolescents-6-12-anys","7":"product_cat-libros-preadolescentes-6-12-anos","9":"first","10":"instock","11":"taxable","12":"shipping-taxable","13":"purchasable","14":"product-type-simple"},"acf":{"autor":"COLAS GUTMAN","codart":"138774847","libros-coleccion":"","ediciones":"1","encuadernacion":"Carton\u00e9","fecha_de_publicacion":"01\/03\/2026","novedad":"1","paginas":"112","subtitulo":"","orden":"0","portada":"0","idioma":"cat","booktrailer":"","resenas":"","editorial":[{"ID":6146,"post_author":"3","post_date":"2022-07-28 17:45:52","post_date_gmt":"2022-07-28 15:45:52","post_content":"","post_title":"Blackie Books","post_excerpt":"","post_status":"publish","comment_status":"closed","ping_status":"closed","post_password":"","post_name":"blackie-books","to_ping":"","pinged":"","post_modified":"2022-07-28 17:45:52","post_modified_gmt":"2022-07-28 15:45:52","post_content_filtered":"","post_parent":0,"guid":"http:\/\/dev.claret.cat\/editorial\/blackie-books\/","menu_order":0,"post_type":"editorial","post_mime_type":"","comment_count":"0","filter":"raw"}]},"aioseo_notices":[],"_links":{"self":[{"href":"https:\/\/www.claret.cat\/es\/wp-json\/wp\/v2\/product\/1087843","targetHints":{"allow":["GET"]}}],"collection":[{"href":"https:\/\/www.claret.cat\/es\/wp-json\/wp\/v2\/product"}],"about":[{"href":"https:\/\/www.claret.cat\/es\/wp-json\/wp\/v2\/types\/product"}],"wp:featuredmedia":[{"embeddable":true,"href":"https:\/\/www.claret.cat\/es\/wp-json\/wp\/v2\/media\/1087844"}],"wp:attachment":[{"href":"https:\/\/www.claret.cat\/es\/wp-json\/wp\/v2\/media?parent=1087843"}],"wp:term":[{"taxonomy":"product_brand","embeddable":true,"href":"https:\/\/www.claret.cat\/es\/wp-json\/wp\/v2\/product_brand?post=1087843"},{"taxonomy":"product_cat","embeddable":true,"href":"https:\/\/www.claret.cat\/es\/wp-json\/wp\/v2\/product_cat?post=1087843"},{"taxonomy":"product_tag","embeddable":true,"href":"https:\/\/www.claret.cat\/es\/wp-json\/wp\/v2\/product_tag?post=1087843"}],"curies":[{"name":"wp","href":"https:\/\/api.w.org\/{rel}","templated":true}]}}