{"id":1087849,"date":"2026-03-04T15:55:01","date_gmt":"2026-03-04T14:55:01","guid":{"rendered":"https:\/\/www.claret.cat\/llibre\/caligrafia-del-corazon-9788411214193\/"},"modified":"2026-03-05T10:45:23","modified_gmt":"2026-03-05T09:45:23","slug":"caligrafia-del-corazon-9788411214193","status":"publish","type":"product","link":"https:\/\/www.claret.cat\/es\/libro\/caligrafia-del-corazon-9788411214193\/","title":{"rendered":"CALIGRAF\u00cdA DEL CORAZ\u00d3N"},"content":{"rendered":"<p>Este libro es un canto a la vida enhebrado por un recuerdo infantil: el padre que le dice a su hija que lo esencial en un poema no es la rima, sino el coraz\u00f3n.<\/p>\n<p>A medio camino entre la autobiograf\u00eda y el ensayo po\u00e9tico, Caligraf\u00eda del coraz\u00f3n entrelaza la experiencia \u00edntima de la autora con la sabidur\u00eda universal. En sus p\u00e1ginas, Teresa, Rumi, Thoreau, Zambrano, Machado, Homero, Rilke, Juan de la Cruz o Ibn Arab\u00ed acompa\u00f1an a Mard\u00eda Herrero en una exploraci\u00f3n luminosa sobre la imaginaci\u00f3n y la palabra, la inspiraci\u00f3n y la belleza, el amor humano y divino, o el dolor como crisol del alma.<\/p>\n<p>Escrita en una cocina y en di\u00e1logo con la vida cotidiana, esta obra se convierte en acto alqu\u00edmico: el lector siente que el coraz\u00f3n se abre y se recuerda hogar del infinito.<\/p>\n","protected":false},"excerpt":{"rendered":"<p>MARD\u00cdA HERRERO GIL<\/p>\n","protected":false},"featured_media":1088063,"template":"","meta":{"_acf_changed":false,"om_disable_all_campaigns":false,"rs_blank_template":"","rs_page_bg_color":"","slide_template_v7":"","inline_featured_image":false,"_monsterinsights_skip_tracking":false,"_monsterinsights_sitenote_active":false,"_monsterinsights_sitenote_note":"","_monsterinsights_sitenote_category":0},"product_brand":[],"product_cat":[485,232,495,245,491,241],"product_tag":[],"class_list":{"0":"post-1087849","1":"product","2":"type-product","3":"status-publish","4":"has-post-thumbnail","6":"product_cat-autores-espiritualidad-1_espiritualidad","7":"product_cat-autors-espiritualitat","8":"product_cat-diversa-espiritualidad-1_espiritualidad","9":"product_cat-diversa","10":"product_cat-testimonios","11":"product_cat-testimonis","13":"first","14":"instock","15":"taxable","16":"shipping-taxable","17":"purchasable","18":"product-type-simple"},"acf":{"autor":"MARD\u00cdA HERRERO GIL","codart":"841121419","libros-coleccion":"","ediciones":"1","encuadernacion":"R\u00fastica","fecha_de_publicacion":"01\/03\/2026","novedad":"1","paginas":"272","subtitulo":"","orden":"0","portada":"0","idioma":"spa","booktrailer":"","resenas":"","editorial":[{"ID":147993,"post_author":"3","post_date":"2022-10-14 11:54:48","post_date_gmt":"2022-10-14 09:54:48","post_content":"","post_title":"Editorial Kair\u00f3s SA","post_excerpt":"","post_status":"publish","comment_status":"closed","ping_status":"closed","post_password":"","post_name":"editorial-kairos-sa","to_ping":"","pinged":"","post_modified":"2022-10-14 11:54:48","post_modified_gmt":"2022-10-14 09:54:48","post_content_filtered":"","post_parent":0,"guid":"http:\/\/dev.claret.cat\/editorial\/editorial-kairos-sa\/","menu_order":0,"post_type":"editorial","post_mime_type":"","comment_count":"0","filter":"raw"}]},"aioseo_notices":[],"_links":{"self":[{"href":"https:\/\/www.claret.cat\/es\/wp-json\/wp\/v2\/product\/1087849","targetHints":{"allow":["GET"]}}],"collection":[{"href":"https:\/\/www.claret.cat\/es\/wp-json\/wp\/v2\/product"}],"about":[{"href":"https:\/\/www.claret.cat\/es\/wp-json\/wp\/v2\/types\/product"}],"wp:featuredmedia":[{"embeddable":true,"href":"https:\/\/www.claret.cat\/es\/wp-json\/wp\/v2\/media\/1088063"}],"wp:attachment":[{"href":"https:\/\/www.claret.cat\/es\/wp-json\/wp\/v2\/media?parent=1087849"}],"wp:term":[{"taxonomy":"product_brand","embeddable":true,"href":"https:\/\/www.claret.cat\/es\/wp-json\/wp\/v2\/product_brand?post=1087849"},{"taxonomy":"product_cat","embeddable":true,"href":"https:\/\/www.claret.cat\/es\/wp-json\/wp\/v2\/product_cat?post=1087849"},{"taxonomy":"product_tag","embeddable":true,"href":"https:\/\/www.claret.cat\/es\/wp-json\/wp\/v2\/product_tag?post=1087849"}],"curies":[{"name":"wp","href":"https:\/\/api.w.org\/{rel}","templated":true}]}}